{"id":76588,"date":"2025-07-11T15:51:07","date_gmt":"2025-07-11T12:51:07","guid":{"rendered":"https:\/\/demo8.ecube.lv\/sezona.lv\/products\/gsi-outdoors-edamriku-kompl-piranha-cutlery-set\/"},"modified":"2025-07-14T14:53:35","modified_gmt":"2025-07-14T11:53:35","slug":"gsi-outdoors-edamriku-kompl-piranha-cutlery-set","status":"publish","type":"product","link":"https:\/\/sezona.lv\/en\/products\/gsi-outdoors-edamriku-kompl-piranha-cutlery-set\/","title":{"rendered":"GSI Outdoors \u0112damr\u012bku kompl. Piranha Cutlery Set"},"content":{"rendered":"<div class=\"rte\">\n<p>Viegls un iztur\u012bgs \u0113damr\u012bku komplekts. Lieliski  noder p\u0101rg\u0101jienos, laivu braucienos un citos piedz\u012bvojumos. Neaiz\u0146ems  daudz vietas. Apr\u012bkots ar papildus stiprin\u0101jumu, lai \u0101tri un \u0113rti var\u0113tu  pievienot pie karab\u012bnes, aukl\u0101m vai cit\u0101m uzglab\u0101&scaron;anas viet\u0101m.<\/p>\n<h4>Specifik\u0101cija:<\/h4>\n<p><strong>Materi\u0101ls:<\/strong> Acetal, BPA Free <br \/><strong>Izm\u0113rs:<\/strong> 172 mm x 43 mm x 25 mm <br \/><strong>Svars:<\/strong> 27&nbsp;grami<\/p>\n<\/div>\n","protected":false},"excerpt":{"rendered":"<p>Viegls un iztur\u012bgs \u0113damr\u012bku komplekts. Lieliski noder p\u0101rg\u0101jienos, laivu braucienos un citos piedz\u012bvojumos. Neaiz\u0146ems daudz vietas. Apr\u012bkots ar papildus stiprin\u0101jumu, lai \u0101tri un \u0113rti var\u0113tu pievienot pie karab\u012bnes, aukl\u0101m vai cit\u0101m uzglab\u0101&scaron;anas viet\u0101m. Specifik\u0101cija: Materi\u0101ls: Acetal, BPA Free Izm\u0113rs: 172 mm x 43 mm x 25 mm Svars: 27&nbsp;grami<\/p>\n","protected":false},"featured_media":62058,"template":"","meta":[],"product_brand":[959],"product_cat":[4558,4571,4732],"product_tag":[],"class_list":{"0":"post-76588","1":"product","2":"type-product","3":"status-publish","4":"has-post-thumbnail","6":"product_brand-gsi-outdoors","7":"product_cat-for-tourism-recreation","8":"product_cat-dishes-knives-folding-tables-for-tourism-recreation","9":"product_cat-cutlery-dishes-knives-folding-tables-for-tourism-recreation","11":"first","12":"instock","13":"shipping-taxable","14":"purchasable","15":"product-type-simple"},"_links":{"self":[{"href":"https:\/\/sezona.lv\/en\/wp-json\/wp\/v2\/product\/76588","targetHints":{"allow":["GET"]}}],"collection":[{"href":"https:\/\/sezona.lv\/en\/wp-json\/wp\/v2\/product"}],"about":[{"href":"https:\/\/sezona.lv\/en\/wp-json\/wp\/v2\/types\/product"}],"wp:featuredmedia":[{"embeddable":true,"href":"https:\/\/sezona.lv\/en\/wp-json\/wp\/v2\/media\/62058"}],"wp:attachment":[{"href":"https:\/\/sezona.lv\/en\/wp-json\/wp\/v2\/media?parent=76588"}],"wp:term":[{"taxonomy":"product_brand","embeddable":true,"href":"https:\/\/sezona.lv\/en\/wp-json\/wp\/v2\/product_brand?post=76588"},{"taxonomy":"product_cat","embeddable":true,"href":"https:\/\/sezona.lv\/en\/wp-json\/wp\/v2\/product_cat?post=76588"},{"taxonomy":"product_tag","embeddable":true,"href":"https:\/\/sezona.lv\/en\/wp-json\/wp\/v2\/product_tag?post=76588"}],"curies":[{"name":"wp","href":"https:\/\/api.w.org\/{rel}","templated":true}]}}