{"id":76589,"date":"2025-07-14T14:53:36","date_gmt":"2025-07-14T11:53:36","guid":{"rendered":"https:\/\/demo8.ecube.lv\/sezona.lv\/products\/victorinox-nazis-swisscard\/"},"modified":"2025-07-14T14:53:36","modified_gmt":"2025-07-14T11:53:36","slug":"victorinox-nazis-swisscard","status":"publish","type":"product","link":"https:\/\/sezona.lv\/en\/products\/victorinox-nazis-swisscard\/","title":{"rendered":"Victorinox Nazis SwissCard"},"content":{"rendered":"<div class=\"rte\">\n<p>Ori\u0123in\u0101lais &Scaron;veices armijas nazis plastmasa kartes  form\u0101. Izgatavots no kvalitat\u012bva ner\u016bs\u0113jo&scaron;a t\u0113rauda.Noder\u012bgs nazis, kuru  var n\u0113s\u0101t l\u012bdz ikdien\u0101 mak\u0101 vai kabat\u0101.&nbsp; Ra\u017eots &Scaron;veic\u0113.<\/p>\n<h4>Specifik\u0101cija:<\/h4>\n<p><strong>Materi\u0101ls:<\/strong> ner\u016bs\u0113jo&scaron;ais t\u0113rauds <br \/><strong>Izm\u0113rs:<\/strong> 82 x 54.5 x 4.5 mm <br \/><strong>Kr\u0101sa:<\/strong> Melna, Zila, Sarkana<\/p>\n<h4>Funkcijas:<\/h4>\n<p>1. V\u0113stu\u013cu atais\u0101mais\/asmens <br \/>2. &Scaron;\u0137\u0113res <br \/>3. Nagu v\u012btl\u012bte <br \/>4. Skr\u016bvgriezis <br \/>5. Pincete <br \/>6. Zobu bakst\u0101mais <br \/>7. Pildspalva <br \/>8. Line\u0101ls centimetru un collu<\/p>\n<\/div>\n","protected":false},"excerpt":{"rendered":"<p>Ori\u0123in\u0101lais &Scaron;veices armijas nazis plastmasa kartes form\u0101. Izgatavots no kvalitat\u012bva ner\u016bs\u0113jo&scaron;a t\u0113rauda.Noder\u012bgs nazis, kuru var n\u0113s\u0101t l\u012bdz ikdien\u0101 mak\u0101 vai kabat\u0101.&nbsp; Ra\u017eots &Scaron;veic\u0113. Specifik\u0101cija: Materi\u0101ls: ner\u016bs\u0113jo&scaron;ais t\u0113rauds Izm\u0113rs: 82 x 54.5 x 4.5 mm Kr\u0101sa: Melna, Zila, Sarkana Funkcijas: 1. V\u0113stu\u013cu atais\u0101mais\/asmens 2. &Scaron;\u0137\u0113res 3. Nagu v\u012btl\u012bte 4. Skr\u016bvgriezis 5. Pincete 6. Zobu bakst\u0101mais 7. [&hellip;]<\/p>\n","protected":false},"featured_media":0,"template":"","meta":[],"product_brand":[54],"product_cat":[4558,4571,4734],"product_tag":[],"class_list":{"0":"post-76589","1":"product","2":"type-product","3":"status-publish","5":"product_brand-victorinox","6":"product_cat-for-tourism-recreation","7":"product_cat-dishes-knives-folding-tables-for-tourism-recreation","8":"product_cat-swiss-knives-dishes-knives-folding-tables-for-tourism-recreation","10":"first","11":"instock","12":"shipping-taxable","13":"purchasable","14":"product-type-simple"},"_links":{"self":[{"href":"https:\/\/sezona.lv\/en\/wp-json\/wp\/v2\/product\/76589","targetHints":{"allow":["GET"]}}],"collection":[{"href":"https:\/\/sezona.lv\/en\/wp-json\/wp\/v2\/product"}],"about":[{"href":"https:\/\/sezona.lv\/en\/wp-json\/wp\/v2\/types\/product"}],"wp:attachment":[{"href":"https:\/\/sezona.lv\/en\/wp-json\/wp\/v2\/media?parent=76589"}],"wp:term":[{"taxonomy":"product_brand","embeddable":true,"href":"https:\/\/sezona.lv\/en\/wp-json\/wp\/v2\/product_brand?post=76589"},{"taxonomy":"product_cat","embeddable":true,"href":"https:\/\/sezona.lv\/en\/wp-json\/wp\/v2\/product_cat?post=76589"},{"taxonomy":"product_tag","embeddable":true,"href":"https:\/\/sezona.lv\/en\/wp-json\/wp\/v2\/product_tag?post=76589"}],"curies":[{"name":"wp","href":"https:\/\/api.w.org\/{rel}","templated":true}]}}