{"id":76590,"date":"2025-07-14T14:53:38","date_gmt":"2025-07-14T11:53:38","guid":{"rendered":"https:\/\/demo8.ecube.lv\/sezona.lv\/products\/victorinox-nazis-alpineer\/"},"modified":"2025-07-14T14:53:38","modified_gmt":"2025-07-14T11:53:38","slug":"victorinox-nazis-alpineer","status":"publish","type":"product","link":"https:\/\/sezona.lv\/en\/products\/victorinox-nazis-alpineer\/","title":{"rendered":"Victorinox Nazis Alpineer"},"content":{"rendered":"<div class=\"rte\">\n<div class=\"rte\">\n<p>Ori\u0123in\u0101lais &Scaron;veices armijas nazis. Izgatavots no kvalitat\u012bva  ner\u016bs\u0113jo&scaron;a t\u0113rauda. Funkcion\u0101ls nazis ar lielu fiks\u0113jamu nazi. Ra\u017eots  &Scaron;veic\u0113.<\/p>\n<h4>Specifik\u0101cija:<\/h4>\n<p><strong>Materi\u0101ls:<\/strong> ner\u016bs\u0113jo&scaron;ais t\u0113rauds <br \/><strong>Izm\u0113rs:<\/strong> 111mm x 13mm <br \/><strong>Kr\u0101sa:<\/strong> sarkana<br \/><strong>Svars:<\/strong> 74 grami<\/p>\n<h4>Funkcijas:<\/h4>\n<p>1. Kor\u0137vi\u013c\u0137is <br \/>2. Zobu bakst\u0101mais <br \/>3. Pincet\u012bte <br \/>4. Fiks\u0113jams lielais asmens<br \/>5. ri\u0146\u0137is atsl\u0113g\u0101m<\/p>\n<\/div>\n<\/div>\n","protected":false},"excerpt":{"rendered":"<p>Ori\u0123in\u0101lais &Scaron;veices armijas nazis. Izgatavots no kvalitat\u012bva ner\u016bs\u0113jo&scaron;a t\u0113rauda. Funkcion\u0101ls nazis ar lielu fiks\u0113jamu nazi. Ra\u017eots &Scaron;veic\u0113. Specifik\u0101cija: Materi\u0101ls: ner\u016bs\u0113jo&scaron;ais t\u0113rauds Izm\u0113rs: 111mm x 13mm Kr\u0101sa: sarkanaSvars: 74 grami Funkcijas: 1. Kor\u0137vi\u013c\u0137is 2. Zobu bakst\u0101mais 3. Pincet\u012bte 4. Fiks\u0113jams lielais asmens5. ri\u0146\u0137is atsl\u0113g\u0101m<\/p>\n","protected":false},"featured_media":0,"template":"","meta":[],"product_brand":[54],"product_cat":[4558,4571,4640,4734],"product_tag":[],"class_list":{"0":"post-76590","1":"product","2":"type-product","3":"status-publish","5":"product_brand-victorinox","6":"product_cat-for-tourism-recreation","7":"product_cat-dishes-knives-folding-tables-for-tourism-recreation","8":"product_cat-recreation","9":"product_cat-swiss-knives-dishes-knives-folding-tables-for-tourism-recreation","11":"first","12":"instock","13":"shipping-taxable","14":"purchasable","15":"product-type-simple"},"_links":{"self":[{"href":"https:\/\/sezona.lv\/en\/wp-json\/wp\/v2\/product\/76590","targetHints":{"allow":["GET"]}}],"collection":[{"href":"https:\/\/sezona.lv\/en\/wp-json\/wp\/v2\/product"}],"about":[{"href":"https:\/\/sezona.lv\/en\/wp-json\/wp\/v2\/types\/product"}],"wp:attachment":[{"href":"https:\/\/sezona.lv\/en\/wp-json\/wp\/v2\/media?parent=76590"}],"wp:term":[{"taxonomy":"product_brand","embeddable":true,"href":"https:\/\/sezona.lv\/en\/wp-json\/wp\/v2\/product_brand?post=76590"},{"taxonomy":"product_cat","embeddable":true,"href":"https:\/\/sezona.lv\/en\/wp-json\/wp\/v2\/product_cat?post=76590"},{"taxonomy":"product_tag","embeddable":true,"href":"https:\/\/sezona.lv\/en\/wp-json\/wp\/v2\/product_tag?post=76590"}],"curies":[{"name":"wp","href":"https:\/\/api.w.org\/{rel}","templated":true}]}}