{"id":76591,"date":"2025-07-11T15:51:12","date_gmt":"2025-07-11T12:51:12","guid":{"rendered":"https:\/\/demo8.ecube.lv\/sezona.lv\/products\/victorinox-nazis-hunter-od\/"},"modified":"2025-07-14T14:53:38","modified_gmt":"2025-07-14T11:53:38","slug":"victorinox-nazis-hunter-od","status":"publish","type":"product","link":"https:\/\/sezona.lv\/en\/products\/victorinox-nazis-hunter-od\/","title":{"rendered":"Victorinox Nazis Hunter OD"},"content":{"rendered":"<div class=\"rte\">\n<p>Ori\u0123in\u0101lais &Scaron;veices armijas nazis. Izgatavots no  kvalitat\u012bva ner\u016bs\u0113jo&scaron;a t\u0113rauda. &Scaron;im modelim ir nofiks\u0113jams asmens un  z\u0101\u0123\u012btis. Mednieki \u012bpa&scaron;i nov\u0113rt\u0113s d\u012br\u0101jam\u0101 na\u017ea kl\u0101tb\u016btni &scaron;aj\u0101 naz\u012b.  Ide\u0101la d\u0101vana jebkuram medniekam.&nbsp; Ra\u017eots &Scaron;veic\u0113.<\/p>\n<h4>Specifik\u0101cija:<\/h4>\n<p><strong>Materi\u0101ls:<\/strong> ner\u016bs\u0113jo&scaron;ais t\u0113rauds <br \/><strong>Izm\u0113rs:<\/strong> 111mm x 31.5mm x 18.5mm <br \/><strong>Kr\u0101sa: <\/strong>Za\u013ca<\/p>\n<h4>Funkcijas:<\/h4>\n<p>1. Konservu attais\u0101mais <br \/>2. Mazais plakanais skr\u016bvgriezis <br \/>3. Kor\u0137vi\u013c\u0137is <br \/>4. \u012alens <br \/>5. Zobu bakst\u0101mais <br \/>6. Pincet\u012bte <br \/>7. Fiks\u0113jams lielais asmens <br \/>8. D\u012br\u0101jamais nazis <br \/>9. Z\u0101\u0123\u012btis<\/p>\n<\/div>\n","protected":false},"excerpt":{"rendered":"<p>Ori\u0123in\u0101lais &Scaron;veices armijas nazis. Izgatavots no kvalitat\u012bva ner\u016bs\u0113jo&scaron;a t\u0113rauda. &Scaron;im modelim ir nofiks\u0113jams asmens un z\u0101\u0123\u012btis. Mednieki \u012bpa&scaron;i nov\u0113rt\u0113s d\u012br\u0101jam\u0101 na\u017ea kl\u0101tb\u016btni &scaron;aj\u0101 naz\u012b. Ide\u0101la d\u0101vana jebkuram medniekam.&nbsp; Ra\u017eots &Scaron;veic\u0113. Specifik\u0101cija: Materi\u0101ls: ner\u016bs\u0113jo&scaron;ais t\u0113rauds Izm\u0113rs: 111mm x 31.5mm x 18.5mm Kr\u0101sa: Za\u013ca Funkcijas: 1. Konservu attais\u0101mais 2. Mazais plakanais skr\u016bvgriezis 3. Kor\u0137vi\u013c\u0137is 4. \u012alens 5. [&hellip;]<\/p>\n","protected":false},"featured_media":62070,"template":"","meta":[],"product_brand":[54],"product_cat":[4558,4571,4734],"product_tag":[],"class_list":{"0":"post-76591","1":"product","2":"type-product","3":"status-publish","4":"has-post-thumbnail","6":"product_brand-victorinox","7":"product_cat-for-tourism-recreation","8":"product_cat-dishes-knives-folding-tables-for-tourism-recreation","9":"product_cat-swiss-knives-dishes-knives-folding-tables-for-tourism-recreation","11":"first","12":"instock","13":"shipping-taxable","14":"purchasable","15":"product-type-simple"},"_links":{"self":[{"href":"https:\/\/sezona.lv\/en\/wp-json\/wp\/v2\/product\/76591","targetHints":{"allow":["GET"]}}],"collection":[{"href":"https:\/\/sezona.lv\/en\/wp-json\/wp\/v2\/product"}],"about":[{"href":"https:\/\/sezona.lv\/en\/wp-json\/wp\/v2\/types\/product"}],"wp:featuredmedia":[{"embeddable":true,"href":"https:\/\/sezona.lv\/en\/wp-json\/wp\/v2\/media\/62070"}],"wp:attachment":[{"href":"https:\/\/sezona.lv\/en\/wp-json\/wp\/v2\/media?parent=76591"}],"wp:term":[{"taxonomy":"product_brand","embeddable":true,"href":"https:\/\/sezona.lv\/en\/wp-json\/wp\/v2\/product_brand?post=76591"},{"taxonomy":"product_cat","embeddable":true,"href":"https:\/\/sezona.lv\/en\/wp-json\/wp\/v2\/product_cat?post=76591"},{"taxonomy":"product_tag","embeddable":true,"href":"https:\/\/sezona.lv\/en\/wp-json\/wp\/v2\/product_tag?post=76591"}],"curies":[{"name":"wp","href":"https:\/\/api.w.org\/{rel}","templated":true}]}}