{"id":76593,"date":"2025-07-11T15:51:14","date_gmt":"2025-07-11T12:51:14","guid":{"rendered":"https:\/\/demo8.ecube.lv\/sezona.lv\/products\/victorinox-nazis-fisherman\/"},"modified":"2025-07-14T14:53:40","modified_gmt":"2025-07-14T11:53:40","slug":"victorinox-nazis-fisherman","status":"publish","type":"product","link":"https:\/\/sezona.lv\/en\/products\/victorinox-nazis-fisherman\/","title":{"rendered":"Victorinox Nazis Fisherman"},"content":{"rendered":"<p>Ori\u0123in\u0101lais &Scaron;veices armijas nazis. Izgatavots no kvalitat\u012bva ner\u016bs\u0113jo&scaron;a  t\u0113rauda. Fisherman nazis ir ide\u0101li piem\u0113rots mak&scaron;\u0137erniekiem. Ra\u017eots  &Scaron;veic\u0113.<\/p>\n<h4>Specifik\u0101cija:<\/h4>\n<p><strong>Materi\u0101ls:<\/strong> ner\u016bs\u0113jo&scaron;ais t\u0113rauds <br \/><strong>Izm\u0113rs:<\/strong> 91mm x 26.5mm x 19.5mm <br \/><strong>Kr\u0101sa:<\/strong> Sarkana<\/p>\n<h4>Funkcijas:<\/h4>\n<p>1. Liels asmens<br \/>2. Mazs asmens<br \/>3. Krusti\u0146 skr\u016bvgriezis<br \/>4. Konservu attais\u0101mais<br \/>5. Mazs plakanais skr\u016bvgriezis<br \/>6. Pude\u013cu attais\u0101mais<br \/>7. Plakanais skr\u016bvgriezis<br \/>8. Vadu apvalka no\u0146\u0113m\u0113js<br \/>9. \u012alens&nbsp;<br \/>10. Atsl\u0113gu ri\u0146\u0137is<br \/>11. Pincet\u012bte&nbsp;<br \/>12. Zobu bakst\u0101mais&nbsp;<br \/>13. &Scaron;\u0137\u0113r\u012btes&nbsp;<br \/>14. Multifunkcion\u0101ls \u0101\u0137is (var nest maisi\u0146us)&nbsp;<br \/>15. Rievots instruments zivju izm\u0113r\u012b&scaron;anai un \u0101\u0137u iz\u0146em&scaron;anai<\/p>\n","protected":false},"excerpt":{"rendered":"<p>Ori\u0123in\u0101lais &Scaron;veices armijas nazis. Izgatavots no kvalitat\u012bva ner\u016bs\u0113jo&scaron;a t\u0113rauda. Fisherman nazis ir ide\u0101li piem\u0113rots mak&scaron;\u0137erniekiem. Ra\u017eots &Scaron;veic\u0113. Specifik\u0101cija: Materi\u0101ls: ner\u016bs\u0113jo&scaron;ais t\u0113rauds Izm\u0113rs: 91mm x 26.5mm x 19.5mm Kr\u0101sa: Sarkana Funkcijas: 1. Liels asmens2. Mazs asmens3. Krusti\u0146 skr\u016bvgriezis4. Konservu attais\u0101mais5. Mazs plakanais skr\u016bvgriezis6. Pude\u013cu attais\u0101mais7. Plakanais skr\u016bvgriezis8. Vadu apvalka no\u0146\u0113m\u0113js9. \u012alens&nbsp;10. Atsl\u0113gu ri\u0146\u0137is11. Pincet\u012bte&nbsp;12. Zobu bakst\u0101mais&nbsp;13. [&hellip;]<\/p>\n","protected":false},"featured_media":62076,"template":"","meta":[],"product_brand":[54],"product_cat":[4558,4571,4734],"product_tag":[],"class_list":{"0":"post-76593","1":"product","2":"type-product","3":"status-publish","4":"has-post-thumbnail","6":"product_brand-victorinox","7":"product_cat-for-tourism-recreation","8":"product_cat-dishes-knives-folding-tables-for-tourism-recreation","9":"product_cat-swiss-knives-dishes-knives-folding-tables-for-tourism-recreation","11":"first","12":"instock","13":"shipping-taxable","14":"purchasable","15":"product-type-simple"},"_links":{"self":[{"href":"https:\/\/sezona.lv\/en\/wp-json\/wp\/v2\/product\/76593","targetHints":{"allow":["GET"]}}],"collection":[{"href":"https:\/\/sezona.lv\/en\/wp-json\/wp\/v2\/product"}],"about":[{"href":"https:\/\/sezona.lv\/en\/wp-json\/wp\/v2\/types\/product"}],"wp:featuredmedia":[{"embeddable":true,"href":"https:\/\/sezona.lv\/en\/wp-json\/wp\/v2\/media\/62076"}],"wp:attachment":[{"href":"https:\/\/sezona.lv\/en\/wp-json\/wp\/v2\/media?parent=76593"}],"wp:term":[{"taxonomy":"product_brand","embeddable":true,"href":"https:\/\/sezona.lv\/en\/wp-json\/wp\/v2\/product_brand?post=76593"},{"taxonomy":"product_cat","embeddable":true,"href":"https:\/\/sezona.lv\/en\/wp-json\/wp\/v2\/product_cat?post=76593"},{"taxonomy":"product_tag","embeddable":true,"href":"https:\/\/sezona.lv\/en\/wp-json\/wp\/v2\/product_tag?post=76593"}],"curies":[{"name":"wp","href":"https:\/\/api.w.org\/{rel}","templated":true}]}}