{"id":76594,"date":"2025-07-11T15:51:15","date_gmt":"2025-07-11T12:51:15","guid":{"rendered":"https:\/\/demo8.ecube.lv\/sezona.lv\/products\/victorinox-nazis-hunter-pro\/"},"modified":"2025-07-14T14:53:41","modified_gmt":"2025-07-14T11:53:41","slug":"victorinox-nazis-hunter-pro","status":"publish","type":"product","link":"https:\/\/sezona.lv\/en\/products\/victorinox-nazis-hunter-pro\/","title":{"rendered":"Victorinox Nazis Hunter Pro"},"content":{"rendered":"<div class=\"rte\">\n<p>Ori\u0123in\u0101lais &Scaron;veices armijas nazis. Izgatavots no  kvalitat\u012bva ner\u016bs\u0113jo&scaron;a t\u0113rauda. &Scaron;is ir ekskluz\u012bvs mednieku nazis, kur&scaron;  ir izgatavots p\u0113c visaugst\u0101kajiem Victorinox standartiem un speci\u0101li  mednieku vajadz\u012b\u0101m. Hunter Pro nazim ir liels fiks\u0113jo&scaron;&scaron; asmens ar augstu  grie&scaron;anas precizit\u0101ti. To ir \u0113rti atv\u0113rt ar vienu roku. Tam ir  ergonomisks rokturis. Nazis, kuru nov\u0113rt\u0113s katrs mednieks. Komplekt\u0101  ietilpst speci\u0101ls na\u017ea maci\u0146&scaron;. Ra\u017eots &Scaron;veic\u0113.<\/p>\n<p>Specifik\u0101cija:<\/p>\n<p><strong>Materi\u0101ls:<\/strong> ner\u016bs\u0113jo&scaron;ais t\u0113rauds <br \/><strong>Izm\u0113rs:<\/strong> 130mm x 40mm x 18mm <br \/><strong>Kr\u0101sa:<\/strong> melna<\/p>\n<\/div>\n","protected":false},"excerpt":{"rendered":"<p>Ori\u0123in\u0101lais &Scaron;veices armijas nazis. Izgatavots no kvalitat\u012bva ner\u016bs\u0113jo&scaron;a t\u0113rauda. &Scaron;is ir ekskluz\u012bvs mednieku nazis, kur&scaron; ir izgatavots p\u0113c visaugst\u0101kajiem Victorinox standartiem un speci\u0101li mednieku vajadz\u012b\u0101m. Hunter Pro nazim ir liels fiks\u0113jo&scaron;&scaron; asmens ar augstu grie&scaron;anas precizit\u0101ti. To ir \u0113rti atv\u0113rt ar vienu roku. Tam ir ergonomisks rokturis. Nazis, kuru nov\u0113rt\u0113s katrs mednieks. Komplekt\u0101 ietilpst speci\u0101ls [&hellip;]<\/p>\n","protected":false},"featured_media":62079,"template":"","meta":[],"product_brand":[54],"product_cat":[4558,4571,4734],"product_tag":[],"class_list":{"0":"post-76594","1":"product","2":"type-product","3":"status-publish","4":"has-post-thumbnail","6":"product_brand-victorinox","7":"product_cat-for-tourism-recreation","8":"product_cat-dishes-knives-folding-tables-for-tourism-recreation","9":"product_cat-swiss-knives-dishes-knives-folding-tables-for-tourism-recreation","11":"first","12":"instock","13":"shipping-taxable","14":"purchasable","15":"product-type-simple"},"_links":{"self":[{"href":"https:\/\/sezona.lv\/en\/wp-json\/wp\/v2\/product\/76594","targetHints":{"allow":["GET"]}}],"collection":[{"href":"https:\/\/sezona.lv\/en\/wp-json\/wp\/v2\/product"}],"about":[{"href":"https:\/\/sezona.lv\/en\/wp-json\/wp\/v2\/types\/product"}],"wp:featuredmedia":[{"embeddable":true,"href":"https:\/\/sezona.lv\/en\/wp-json\/wp\/v2\/media\/62079"}],"wp:attachment":[{"href":"https:\/\/sezona.lv\/en\/wp-json\/wp\/v2\/media?parent=76594"}],"wp:term":[{"taxonomy":"product_brand","embeddable":true,"href":"https:\/\/sezona.lv\/en\/wp-json\/wp\/v2\/product_brand?post=76594"},{"taxonomy":"product_cat","embeddable":true,"href":"https:\/\/sezona.lv\/en\/wp-json\/wp\/v2\/product_cat?post=76594"},{"taxonomy":"product_tag","embeddable":true,"href":"https:\/\/sezona.lv\/en\/wp-json\/wp\/v2\/product_tag?post=76594"}],"curies":[{"name":"wp","href":"https:\/\/api.w.org\/{rel}","templated":true}]}}