{"id":76595,"date":"2025-07-11T15:51:17","date_gmt":"2025-07-11T12:51:17","guid":{"rendered":"https:\/\/demo8.ecube.lv\/sezona.lv\/products\/victorinox-nazis-evolution-s13\/"},"modified":"2025-07-14T14:53:42","modified_gmt":"2025-07-14T11:53:42","slug":"victorinox-nazis-evolution-s13","status":"publish","type":"product","link":"https:\/\/sezona.lv\/en\/products\/victorinox-nazis-evolution-s13\/","title":{"rendered":"Victorinox Nazis Evolution S13"},"content":{"rendered":"<div class=\"rte\">\n<p>Evolution S13 ir or\u0123in\u0101lais &Scaron;veices armijas nazis.  Izgatavots no kvalitat\u012bva ner\u016bs\u0113jo&scaron;a t\u0113rauda. &Scaron;is modelis ir ra\u017eots p\u0113c  Wenger &Scaron;veices na\u017eu paraugiem. Nazim ir \u012bpa&scaron;s rokturis. Viss kas  nepiecie&scaron;ams kvalitat\u012bvai atp\u016btai pie dabas un kalnos. Ra\u017eots &Scaron;veic\u0113.<\/p>\n<h4>Specifik\u0101cija:<\/h4>\n<p><strong>Materi\u0101ls:<\/strong> ner\u016bs\u0113jo&scaron;ais t\u0113rauds <br \/><strong>Izm\u0113rs:<\/strong> 85mm x 27.5mm x 20mm <br \/><strong>Kr\u0101sa:<\/strong> Sarkana<\/p>\n<h4>Funkcijas:<\/h4>\n<p>1. Konservu attais\u0101mais <br \/>2. Mazais plakanais skr\u016bvgriezis <br \/>3. Kor\u0137vi\u013c\u0137is <br \/>4. \u012alens <br \/>5. Zobu bakst\u0101mais <br \/>6. Pincet\u012bte <br \/>7. Lielais asmens <br \/>8. Pude\u013cu attais\u0101mais <br \/>9. Lielais skr\u016bvgrieznis <br \/>12. Nagu v\u012bl\u012bte <br \/>13. Z\u0101\u0123\u012btis<\/p>\n<\/div>\n","protected":false},"excerpt":{"rendered":"<p>Evolution S13 ir or\u0123in\u0101lais &Scaron;veices armijas nazis. Izgatavots no kvalitat\u012bva ner\u016bs\u0113jo&scaron;a t\u0113rauda. &Scaron;is modelis ir ra\u017eots p\u0113c Wenger &Scaron;veices na\u017eu paraugiem. Nazim ir \u012bpa&scaron;s rokturis. Viss kas nepiecie&scaron;ams kvalitat\u012bvai atp\u016btai pie dabas un kalnos. Ra\u017eots &Scaron;veic\u0113. Specifik\u0101cija: Materi\u0101ls: ner\u016bs\u0113jo&scaron;ais t\u0113rauds Izm\u0113rs: 85mm x 27.5mm x 20mm Kr\u0101sa: Sarkana Funkcijas: 1. Konservu attais\u0101mais 2. Mazais plakanais [&hellip;]<\/p>\n","protected":false},"featured_media":62082,"template":"","meta":[],"product_brand":[54],"product_cat":[4558,4571,4734],"product_tag":[],"class_list":{"0":"post-76595","1":"product","2":"type-product","3":"status-publish","4":"has-post-thumbnail","6":"product_brand-victorinox","7":"product_cat-for-tourism-recreation","8":"product_cat-dishes-knives-folding-tables-for-tourism-recreation","9":"product_cat-swiss-knives-dishes-knives-folding-tables-for-tourism-recreation","11":"first","12":"instock","13":"shipping-taxable","14":"purchasable","15":"product-type-simple"},"_links":{"self":[{"href":"https:\/\/sezona.lv\/en\/wp-json\/wp\/v2\/product\/76595","targetHints":{"allow":["GET"]}}],"collection":[{"href":"https:\/\/sezona.lv\/en\/wp-json\/wp\/v2\/product"}],"about":[{"href":"https:\/\/sezona.lv\/en\/wp-json\/wp\/v2\/types\/product"}],"wp:featuredmedia":[{"embeddable":true,"href":"https:\/\/sezona.lv\/en\/wp-json\/wp\/v2\/media\/62082"}],"wp:attachment":[{"href":"https:\/\/sezona.lv\/en\/wp-json\/wp\/v2\/media?parent=76595"}],"wp:term":[{"taxonomy":"product_brand","embeddable":true,"href":"https:\/\/sezona.lv\/en\/wp-json\/wp\/v2\/product_brand?post=76595"},{"taxonomy":"product_cat","embeddable":true,"href":"https:\/\/sezona.lv\/en\/wp-json\/wp\/v2\/product_cat?post=76595"},{"taxonomy":"product_tag","embeddable":true,"href":"https:\/\/sezona.lv\/en\/wp-json\/wp\/v2\/product_tag?post=76595"}],"curies":[{"name":"wp","href":"https:\/\/api.w.org\/{rel}","templated":true}]}}