{"id":76596,"date":"2025-07-14T14:53:43","date_gmt":"2025-07-14T11:53:43","guid":{"rendered":"https:\/\/demo8.ecube.lv\/sezona.lv\/products\/gsi-outdoors-termoss-glacier-stainless-1l-vacuum-bottle\/"},"modified":"2025-07-14T14:53:43","modified_gmt":"2025-07-14T11:53:43","slug":"gsi-outdoors-termoss-glacier-stainless-1l-vacuum-bottle","status":"publish","type":"product","link":"https:\/\/sezona.lv\/en\/products\/gsi-outdoors-termoss-glacier-stainless-1l-vacuum-bottle\/","title":{"rendered":"GSI Outdoors Termoss Glacier Stainless 1L Vacuum Bottle"},"content":{"rendered":"<div class=\"rte\">\n<p>Iztur\u012bgs dz\u0113rienu termoss ar \u013coti m\u016bsdien\u012bgu  dizainu. Izgatavots no dubulto sieni\u0146u ner\u016bs\u0113jo&scaron;\u0101 t\u0113rauda, kura  p\u0101rkl\u0101jums nesatur BPA, PFOA piemais\u012bjumus. Materi\u0101la salaiduma v\u012bles ir  pasl\u0113ptas termosa apak&scaron;\u0101 un nosl\u0113gtas ar nesl\u012bdo&scaron;u gumijas pamatni. To  dr\u012bkst mazg\u0101t trauku mazg\u0101jamaj\u0101 ma&scaron;\u012bn\u0101. &Scaron;is termos ir k\u0101 rad\u012bts gariem  p\u0101rg\u0101jieniem, jo ar\u012b p\u0113c 12 stund\u0101m dz\u0113riens b\u016bs pat\u012bkami karsts.<\/p>\n<h4>Specifik\u0101cija:<\/h4>\n<p><strong>Materi\u0101ls:<\/strong> Ner\u016bs\u0113jo&scaron;ais t\u0113rauds, bez BPA, PFOA <br \/><strong>Tilpums:<\/strong> 1 Litrs<br \/><strong>Svars:<\/strong> 723 grami <br \/><strong>Izm\u0113rs:<\/strong> 94 mm x 94 mm x 300 mm <br \/><strong>Kor\u0137is:<\/strong> Skr\u016bv\u0113jams bez spiedpogas.<\/p>\n<h4>Raksturojums:<\/h4>\n<ul>\n<li>Nesatur kait\u012bgos piemais\u012bjums (BPA, PFOA)<\/li>\n<li>Iztur\u012bga konstrukcija<\/li>\n<li>Nesl\u012bdo&scaron;a gumijas pamatne<\/li>\n<li>Dubulto sieni\u0146u v\u0101ci\u0146&scaron; nodro&scaron;ina lab\u0101ku termoizol\u0101ciju<\/li>\n<li>Var mazg\u0101t trauku mazg\u0101jamaj\u0101 ma&scaron;\u012bn\u0101<\/li>\n<\/ul>\n<\/div>\n","protected":false},"excerpt":{"rendered":"<p>Iztur\u012bgs dz\u0113rienu termoss ar \u013coti m\u016bsdien\u012bgu dizainu. Izgatavots no dubulto sieni\u0146u ner\u016bs\u0113jo&scaron;\u0101 t\u0113rauda, kura p\u0101rkl\u0101jums nesatur BPA, PFOA piemais\u012bjumus. Materi\u0101la salaiduma v\u012bles ir pasl\u0113ptas termosa apak&scaron;\u0101 un nosl\u0113gtas ar nesl\u012bdo&scaron;u gumijas pamatni. To dr\u012bkst mazg\u0101t trauku mazg\u0101jamaj\u0101 ma&scaron;\u012bn\u0101. &Scaron;is termos ir k\u0101 rad\u012bts gariem p\u0101rg\u0101jieniem, jo ar\u012b p\u0113c 12 stund\u0101m dz\u0113riens b\u016bs pat\u012bkami karsts. Specifik\u0101cija: [&hellip;]<\/p>\n","protected":false},"featured_media":0,"template":"","meta":[],"product_brand":[959],"product_cat":[4558,4571,4640,4735],"product_tag":[],"class_list":{"0":"post-76596","1":"product","2":"type-product","3":"status-publish","5":"product_brand-gsi-outdoors","6":"product_cat-for-tourism-recreation","7":"product_cat-dishes-knives-folding-tables-for-tourism-recreation","8":"product_cat-recreation","9":"product_cat-thermoses-and-thermo-cups-dishes-knives-folding-tables-for-tourism-recreation","11":"first","12":"instock","13":"shipping-taxable","14":"purchasable","15":"product-type-simple"},"_links":{"self":[{"href":"https:\/\/sezona.lv\/en\/wp-json\/wp\/v2\/product\/76596","targetHints":{"allow":["GET"]}}],"collection":[{"href":"https:\/\/sezona.lv\/en\/wp-json\/wp\/v2\/product"}],"about":[{"href":"https:\/\/sezona.lv\/en\/wp-json\/wp\/v2\/types\/product"}],"wp:attachment":[{"href":"https:\/\/sezona.lv\/en\/wp-json\/wp\/v2\/media?parent=76596"}],"wp:term":[{"taxonomy":"product_brand","embeddable":true,"href":"https:\/\/sezona.lv\/en\/wp-json\/wp\/v2\/product_brand?post=76596"},{"taxonomy":"product_cat","embeddable":true,"href":"https:\/\/sezona.lv\/en\/wp-json\/wp\/v2\/product_cat?post=76596"},{"taxonomy":"product_tag","embeddable":true,"href":"https:\/\/sezona.lv\/en\/wp-json\/wp\/v2\/product_tag?post=76596"}],"curies":[{"name":"wp","href":"https:\/\/api.w.org\/{rel}","templated":true}]}}