{"id":76598,"date":"2025-07-11T15:51:21","date_gmt":"2025-07-11T12:51:21","guid":{"rendered":"https:\/\/demo8.ecube.lv\/sezona.lv\/products\/kovea-veja-sargs-wind-shield\/"},"modified":"2025-07-14T14:53:44","modified_gmt":"2025-07-14T11:53:44","slug":"kovea-veja-sargs-wind-shield","status":"publish","type":"product","link":"https:\/\/sezona.lv\/en\/products\/kovea-veja-sargs-wind-shield\/","title":{"rendered":"Kovea V\u0113ja sargs Wind Shield"},"content":{"rendered":"<div class=\"rte\">\n<p>\u0112rti lietojams un stabils v\u0113ja aizsargs g\u0101zes,  &scaron;\u0137idr\u0101 un ciet\u0101 kurin\u0101m\u0101 deg\u013ciem, kas samazin\u0101s degvielas pat\u0113ri\u0146u un  pa\u0101trin\u0101s \u0113diena pagatavo&scaron;anos.<\/p>\n<h4>Specifik\u0101cija:<\/h4>\n<p><strong>Izm\u0113ri izlikt\u0101 veid\u0101:<\/strong> 650 x 240 mm <br \/><strong>Izm\u0113ri salikt\u0101 veid\u0101 ar iepakojumu:<\/strong> 95 x 243 mm<br \/><strong>Svars:<\/strong> 150 grami<\/p>\n<\/div>\n","protected":false},"excerpt":{"rendered":"<p>\u0112rti lietojams un stabils v\u0113ja aizsargs g\u0101zes, &scaron;\u0137idr\u0101 un ciet\u0101 kurin\u0101m\u0101 deg\u013ciem, kas samazin\u0101s degvielas pat\u0113ri\u0146u un pa\u0101trin\u0101s \u0113diena pagatavo&scaron;anos. Specifik\u0101cija: Izm\u0113ri izlikt\u0101 veid\u0101: 650 x 240 mm Izm\u0113ri salikt\u0101 veid\u0101 ar iepakojumu: 95 x 243 mmSvars: 150 grami<\/p>\n","protected":false},"featured_media":62098,"template":"","meta":[],"product_brand":[934],"product_cat":[4558,4720,4727],"product_tag":[],"class_list":{"0":"post-76598","1":"product","2":"type-product","3":"status-publish","4":"has-post-thumbnail","6":"product_brand-kovea","7":"product_cat-for-tourism-recreation","8":"product_cat-gas-stoves-burners-lanterns-heaters-for-tourism-recreation","9":"product_cat-accessories-en-dupcheck-789-gas-stoves-burners-lanterns-heaters-for-tourism-recreation","11":"first","12":"instock","13":"shipping-taxable","14":"purchasable","15":"product-type-simple"},"_links":{"self":[{"href":"https:\/\/sezona.lv\/en\/wp-json\/wp\/v2\/product\/76598","targetHints":{"allow":["GET"]}}],"collection":[{"href":"https:\/\/sezona.lv\/en\/wp-json\/wp\/v2\/product"}],"about":[{"href":"https:\/\/sezona.lv\/en\/wp-json\/wp\/v2\/types\/product"}],"wp:featuredmedia":[{"embeddable":true,"href":"https:\/\/sezona.lv\/en\/wp-json\/wp\/v2\/media\/62098"}],"wp:attachment":[{"href":"https:\/\/sezona.lv\/en\/wp-json\/wp\/v2\/media?parent=76598"}],"wp:term":[{"taxonomy":"product_brand","embeddable":true,"href":"https:\/\/sezona.lv\/en\/wp-json\/wp\/v2\/product_brand?post=76598"},{"taxonomy":"product_cat","embeddable":true,"href":"https:\/\/sezona.lv\/en\/wp-json\/wp\/v2\/product_cat?post=76598"},{"taxonomy":"product_tag","embeddable":true,"href":"https:\/\/sezona.lv\/en\/wp-json\/wp\/v2\/product_tag?post=76598"}],"curies":[{"name":"wp","href":"https:\/\/api.w.org\/{rel}","templated":true}]}}