{"id":76599,"date":"2025-07-14T14:53:45","date_gmt":"2025-07-14T11:53:45","guid":{"rendered":"https:\/\/demo8.ecube.lv\/sezona.lv\/products\/victorinox-uzgalis-cybertool-nazim\/"},"modified":"2025-07-14T14:53:45","modified_gmt":"2025-07-14T11:53:45","slug":"victorinox-uzgalis-cybertool-nazim","status":"publish","type":"product","link":"https:\/\/sezona.lv\/en\/products\/victorinox-uzgalis-cybertool-nazim\/","title":{"rendered":"Victorinox Uzgalis CyberTool nazim"},"content":{"rendered":"<div class=\"rte\">\n<p>Uzga\u013ci CyberTool na\u017eiem.<\/p>\n<h4>Specifik\u0101cija:<\/h4>\n<ul>\n<li>Bit 17-18 ir uzgalis ar 0 un 1 izm\u0113ra krusti\u0146u.<\/li>\n<li><span id=\"result_box\" class=\"short_text\" lang=\"lv\"><span>Bit 20-21<\/span><\/span> ir uzgalis ar 4mm plakano un 2 izm\u0113ra krusti\u0146u.<\/li>\n<li>Bit 22-23 ir uzgalis ar 4mm se&scaron;st\u016bri un zvaigzn\u012bti<\/li>\n<\/ul>\n<\/div>\n","protected":false},"excerpt":{"rendered":"<p>Uzga\u013ci CyberTool na\u017eiem. Specifik\u0101cija: Bit 17-18 ir uzgalis ar 0 un 1 izm\u0113ra krusti\u0146u. Bit 20-21 ir uzgalis ar 4mm plakano un 2 izm\u0113ra krusti\u0146u. Bit 22-23 ir uzgalis ar 4mm se&scaron;st\u016bri un zvaigzn\u012bti<\/p>\n","protected":false},"featured_media":0,"template":"","meta":[],"product_brand":[54],"product_cat":[4558,4571,4740],"product_tag":[],"class_list":{"0":"post-76599","1":"product","2":"type-product","3":"status-publish","5":"product_brand-victorinox","6":"product_cat-for-tourism-recreation","7":"product_cat-dishes-knives-folding-tables-for-tourism-recreation","8":"product_cat-knife-accessories-dishes-knives-folding-tables-for-tourism-recreation","10":"first","11":"instock","12":"shipping-taxable","13":"purchasable","14":"product-type-simple"},"_links":{"self":[{"href":"https:\/\/sezona.lv\/en\/wp-json\/wp\/v2\/product\/76599","targetHints":{"allow":["GET"]}}],"collection":[{"href":"https:\/\/sezona.lv\/en\/wp-json\/wp\/v2\/product"}],"about":[{"href":"https:\/\/sezona.lv\/en\/wp-json\/wp\/v2\/types\/product"}],"wp:attachment":[{"href":"https:\/\/sezona.lv\/en\/wp-json\/wp\/v2\/media?parent=76599"}],"wp:term":[{"taxonomy":"product_brand","embeddable":true,"href":"https:\/\/sezona.lv\/en\/wp-json\/wp\/v2\/product_brand?post=76599"},{"taxonomy":"product_cat","embeddable":true,"href":"https:\/\/sezona.lv\/en\/wp-json\/wp\/v2\/product_cat?post=76599"},{"taxonomy":"product_tag","embeddable":true,"href":"https:\/\/sezona.lv\/en\/wp-json\/wp\/v2\/product_tag?post=76599"}],"curies":[{"name":"wp","href":"https:\/\/api.w.org\/{rel}","templated":true}]}}