{"id":76600,"date":"2025-07-14T14:53:46","date_gmt":"2025-07-14T11:53:46","guid":{"rendered":"https:\/\/demo8.ecube.lv\/sezona.lv\/products\/victorinox-nazu-asinamais-sharpy-small\/"},"modified":"2025-07-14T14:53:46","modified_gmt":"2025-07-14T11:53:46","slug":"victorinox-nazu-asinamais-sharpy-small","status":"publish","type":"product","link":"https:\/\/sezona.lv\/en\/products\/victorinox-nazu-asinamais-sharpy-small\/","title":{"rendered":"Victorinox Na\u017eu asin\u0101mais Sharpy Small"},"content":{"rendered":"<ul>\n<li>\n<p>Ar vienu soli asina taisnus un vi\u013c\u0146otus&nbsp;na\u017eu&nbsp;malus<\/p>\n<\/li>\n<li>\n<p>&Scaron;veices izgatavots na\u017eu&nbsp;asin\u0101mais<\/p>\n<\/li>\n<li>\n<p>Ar paroc\u012bgu un ergonomisku formu un ar ilgu kalpo&scaron;anas laiku<\/p>\n<p>&nbsp;<\/p>\n<p><span>Izm\u0113rs<\/span>&nbsp;70 x 30 x 17 mm<\/p>\n<p><span>Svars<\/span>&nbsp;11 g<\/p>\n<\/li>\n<\/ul>\n","protected":false},"excerpt":{"rendered":"<p>Ar vienu soli asina taisnus un vi\u013c\u0146otus&nbsp;na\u017eu&nbsp;malus &Scaron;veices izgatavots na\u017eu&nbsp;asin\u0101mais Ar paroc\u012bgu un ergonomisku formu un ar ilgu kalpo&scaron;anas laiku &nbsp; Izm\u0113rs&nbsp;70 x 30 x 17 mm Svars&nbsp;11 g<\/p>\n","protected":false},"featured_media":0,"template":"","meta":[],"product_brand":[54],"product_cat":[4558,4571,4640,4740],"product_tag":[],"class_list":{"0":"post-76600","1":"product","2":"type-product","3":"status-publish","5":"product_brand-victorinox","6":"product_cat-for-tourism-recreation","7":"product_cat-dishes-knives-folding-tables-for-tourism-recreation","8":"product_cat-recreation","9":"product_cat-knife-accessories-dishes-knives-folding-tables-for-tourism-recreation","11":"first","12":"instock","13":"shipping-taxable","14":"purchasable","15":"product-type-simple"},"_links":{"self":[{"href":"https:\/\/sezona.lv\/en\/wp-json\/wp\/v2\/product\/76600","targetHints":{"allow":["GET"]}}],"collection":[{"href":"https:\/\/sezona.lv\/en\/wp-json\/wp\/v2\/product"}],"about":[{"href":"https:\/\/sezona.lv\/en\/wp-json\/wp\/v2\/types\/product"}],"wp:attachment":[{"href":"https:\/\/sezona.lv\/en\/wp-json\/wp\/v2\/media?parent=76600"}],"wp:term":[{"taxonomy":"product_brand","embeddable":true,"href":"https:\/\/sezona.lv\/en\/wp-json\/wp\/v2\/product_brand?post=76600"},{"taxonomy":"product_cat","embeddable":true,"href":"https:\/\/sezona.lv\/en\/wp-json\/wp\/v2\/product_cat?post=76600"},{"taxonomy":"product_tag","embeddable":true,"href":"https:\/\/sezona.lv\/en\/wp-json\/wp\/v2\/product_tag?post=76600"}],"curies":[{"name":"wp","href":"https:\/\/api.w.org\/{rel}","templated":true}]}}