{"id":76601,"date":"2025-07-14T14:53:47","date_gmt":"2025-07-14T11:53:47","guid":{"rendered":"https:\/\/demo8.ecube.lv\/sezona.lv\/products\/victorinox-nazu-asinamais-sharpener-stone\/"},"modified":"2025-07-14T14:53:47","modified_gmt":"2025-07-14T11:53:47","slug":"victorinox-nazu-asinamais-sharpener-stone","status":"publish","type":"product","link":"https:\/\/sezona.lv\/en\/products\/victorinox-nazu-asinamais-sharpener-stone\/","title":{"rendered":"Victorinox Na\u017eu asin\u0101mais Sharpener Stone"},"content":{"rendered":"<p><span>Neliela galoda na\u017eu asin\u0101&scaron;anai. Viegla un kompakta, to var \u0146emt l\u012bdzi p\u0101rg\u0101jienos un piedz\u012bvojumos. Uzasiniet savu &Scaron;veices naz\u012bti \u0101tri un \u0113rti.<\/span><\/p>\n","protected":false},"excerpt":{"rendered":"<p>Neliela galoda na\u017eu asin\u0101&scaron;anai. Viegla un kompakta, to var \u0146emt l\u012bdzi p\u0101rg\u0101jienos un piedz\u012bvojumos. Uzasiniet savu &Scaron;veices naz\u012bti \u0101tri un \u0113rti.<\/p>\n","protected":false},"featured_media":0,"template":"","meta":[],"product_brand":[54],"product_cat":[4558,4571,4740],"product_tag":[],"class_list":{"0":"post-76601","1":"product","2":"type-product","3":"status-publish","5":"product_brand-victorinox","6":"product_cat-for-tourism-recreation","7":"product_cat-dishes-knives-folding-tables-for-tourism-recreation","8":"product_cat-knife-accessories-dishes-knives-folding-tables-for-tourism-recreation","10":"first","11":"instock","12":"shipping-taxable","13":"purchasable","14":"product-type-simple"},"_links":{"self":[{"href":"https:\/\/sezona.lv\/en\/wp-json\/wp\/v2\/product\/76601","targetHints":{"allow":["GET"]}}],"collection":[{"href":"https:\/\/sezona.lv\/en\/wp-json\/wp\/v2\/product"}],"about":[{"href":"https:\/\/sezona.lv\/en\/wp-json\/wp\/v2\/types\/product"}],"wp:attachment":[{"href":"https:\/\/sezona.lv\/en\/wp-json\/wp\/v2\/media?parent=76601"}],"wp:term":[{"taxonomy":"product_brand","embeddable":true,"href":"https:\/\/sezona.lv\/en\/wp-json\/wp\/v2\/product_brand?post=76601"},{"taxonomy":"product_cat","embeddable":true,"href":"https:\/\/sezona.lv\/en\/wp-json\/wp\/v2\/product_cat?post=76601"},{"taxonomy":"product_tag","embeddable":true,"href":"https:\/\/sezona.lv\/en\/wp-json\/wp\/v2\/product_tag?post=76601"}],"curies":[{"name":"wp","href":"https:\/\/api.w.org\/{rel}","templated":true}]}}