{"id":76603,"date":"2025-07-14T14:53:49","date_gmt":"2025-07-14T11:53:49","guid":{"rendered":"https:\/\/demo8.ecube.lv\/sezona.lv\/products\/victorinox-zobu-bakstamais-toothpick\/"},"modified":"2025-07-14T14:53:49","modified_gmt":"2025-07-14T11:53:49","slug":"victorinox-zobu-bakstamais-toothpick","status":"publish","type":"product","link":"https:\/\/sezona.lv\/en\/products\/victorinox-zobu-bakstamais-toothpick\/","title":{"rendered":"Victorinox Zobu bakst\u0101mais Toothpick"},"content":{"rendered":"<div class=\"rte\">\n<p>Rezerves zobu bakst\u0101mais Victorinox &Scaron;veices na\u017eiem. Pieejams divos izm\u0113ros.<\/p>\n<h4>Specifik\u0101cija:<\/h4>\n<ul>\n<li><strong>Small<\/strong> izm\u0113rs paredz\u0113ts Classic mode\u013ciem ar izm\u0113ru 58mm, 65mm, 74mm<\/li>\n<li><strong>Large<\/strong> izm\u0113rs paredz\u0113ts Soak, MT, Evolution un Ranger Grip mode\u013ciem<\/li>\n<\/ul>\n<\/div>\n","protected":false},"excerpt":{"rendered":"<p>Rezerves zobu bakst\u0101mais Victorinox &Scaron;veices na\u017eiem. Pieejams divos izm\u0113ros. Specifik\u0101cija: Small izm\u0113rs paredz\u0113ts Classic mode\u013ciem ar izm\u0113ru 58mm, 65mm, 74mm Large izm\u0113rs paredz\u0113ts Soak, MT, Evolution un Ranger Grip mode\u013ciem<\/p>\n","protected":false},"featured_media":0,"template":"","meta":[],"product_brand":[54],"product_cat":[4558,4571,4640,4740],"product_tag":[],"class_list":{"0":"post-76603","1":"product","2":"type-product","3":"status-publish","5":"product_brand-victorinox","6":"product_cat-for-tourism-recreation","7":"product_cat-dishes-knives-folding-tables-for-tourism-recreation","8":"product_cat-recreation","9":"product_cat-knife-accessories-dishes-knives-folding-tables-for-tourism-recreation","11":"first","12":"instock","13":"shipping-taxable","14":"purchasable","15":"product-type-simple"},"_links":{"self":[{"href":"https:\/\/sezona.lv\/en\/wp-json\/wp\/v2\/product\/76603","targetHints":{"allow":["GET"]}}],"collection":[{"href":"https:\/\/sezona.lv\/en\/wp-json\/wp\/v2\/product"}],"about":[{"href":"https:\/\/sezona.lv\/en\/wp-json\/wp\/v2\/types\/product"}],"wp:attachment":[{"href":"https:\/\/sezona.lv\/en\/wp-json\/wp\/v2\/media?parent=76603"}],"wp:term":[{"taxonomy":"product_brand","embeddable":true,"href":"https:\/\/sezona.lv\/en\/wp-json\/wp\/v2\/product_brand?post=76603"},{"taxonomy":"product_cat","embeddable":true,"href":"https:\/\/sezona.lv\/en\/wp-json\/wp\/v2\/product_cat?post=76603"},{"taxonomy":"product_tag","embeddable":true,"href":"https:\/\/sezona.lv\/en\/wp-json\/wp\/v2\/product_tag?post=76603"}],"curies":[{"name":"wp","href":"https:\/\/api.w.org\/{rel}","templated":true}]}}