{"id":76604,"date":"2025-07-11T15:51:31","date_gmt":"2025-07-11T12:51:31","guid":{"rendered":"https:\/\/demo8.ecube.lv\/sezona.lv\/products\/victorinox-naza-maks-belt-pouch-4-0533\/"},"modified":"2025-07-14T14:53:49","modified_gmt":"2025-07-14T11:53:49","slug":"victorinox-naza-maks-belt-pouch-4-0533","status":"publish","type":"product","link":"https:\/\/sezona.lv\/en\/products\/victorinox-naza-maks-belt-pouch-4-0533\/","title":{"rendered":"Victorinox Na\u017ea maks Belt Pouch 4.0533"},"content":{"rendered":"<p><span>Uzglab\u0101&scaron;anas maks &Scaron;veices armijas kabatas na\u017eiem. Stiprin\u0101s pie jostas. Izgatavots no dab\u012bg\u0101s \u0101das. Paredz\u0113ts na\u017eiem ar 2-4 instrumentiem, kuriem ir nofiks\u0113jami asme\u0146i.<\/span><\/p>\n","protected":false},"excerpt":{"rendered":"<p>Uzglab\u0101&scaron;anas maks &Scaron;veices armijas kabatas na\u017eiem. Stiprin\u0101s pie jostas. Izgatavots no dab\u012bg\u0101s \u0101das. Paredz\u0113ts na\u017eiem ar 2-4 instrumentiem, kuriem ir nofiks\u0113jami asme\u0146i.<\/p>\n","protected":false},"featured_media":62117,"template":"","meta":[],"product_brand":[54],"product_cat":[4558,4571,4740],"product_tag":[],"class_list":{"0":"post-76604","1":"product","2":"type-product","3":"status-publish","4":"has-post-thumbnail","6":"product_brand-victorinox","7":"product_cat-for-tourism-recreation","8":"product_cat-dishes-knives-folding-tables-for-tourism-recreation","9":"product_cat-knife-accessories-dishes-knives-folding-tables-for-tourism-recreation","11":"first","12":"instock","13":"shipping-taxable","14":"purchasable","15":"product-type-simple"},"_links":{"self":[{"href":"https:\/\/sezona.lv\/en\/wp-json\/wp\/v2\/product\/76604","targetHints":{"allow":["GET"]}}],"collection":[{"href":"https:\/\/sezona.lv\/en\/wp-json\/wp\/v2\/product"}],"about":[{"href":"https:\/\/sezona.lv\/en\/wp-json\/wp\/v2\/types\/product"}],"wp:featuredmedia":[{"embeddable":true,"href":"https:\/\/sezona.lv\/en\/wp-json\/wp\/v2\/media\/62117"}],"wp:attachment":[{"href":"https:\/\/sezona.lv\/en\/wp-json\/wp\/v2\/media?parent=76604"}],"wp:term":[{"taxonomy":"product_brand","embeddable":true,"href":"https:\/\/sezona.lv\/en\/wp-json\/wp\/v2\/product_brand?post=76604"},{"taxonomy":"product_cat","embeddable":true,"href":"https:\/\/sezona.lv\/en\/wp-json\/wp\/v2\/product_cat?post=76604"},{"taxonomy":"product_tag","embeddable":true,"href":"https:\/\/sezona.lv\/en\/wp-json\/wp\/v2\/product_tag?post=76604"}],"curies":[{"name":"wp","href":"https:\/\/api.w.org\/{rel}","templated":true}]}}