{"id":76605,"date":"2025-07-14T14:53:50","date_gmt":"2025-07-14T11:53:50","guid":{"rendered":"https:\/\/demo8.ecube.lv\/sezona.lv\/products\/victorinox-naza-maks-belt-pouch-naylon\/"},"modified":"2025-07-14T14:53:50","modified_gmt":"2025-07-14T11:53:50","slug":"victorinox-naza-maks-belt-pouch-naylon","status":"publish","type":"product","link":"https:\/\/sezona.lv\/en\/products\/victorinox-naza-maks-belt-pouch-naylon\/","title":{"rendered":"Victorinox Na\u017ea maks Belt pouch naylon"},"content":{"rendered":"<div class=\"rte\">\n<p>Na\u017ea maks, kas ir izgatavots no bieza un iztur\u012bga neilona. To var stiprin\u0101t pie jostas ar velkro klipsi.<\/p>\n<ul>\n<li>\n<p>Ide\u0101li tur\u0113t un aizsarg\u0101t kabatas nazi<\/p>\n<\/li>\n<li>\n<p>&Scaron;veic\u0113 izgatavota neilona jostas somi\u0146a<\/p>\n<\/li>\n<li>Stiprin\u0101s pie jostas\n<p>&nbsp;<\/p>\n<p><span>Augstums<\/span>&nbsp;35 mm<\/p>\n<p><span>Garums&nbsp;<\/span>140 mm<\/p>\n<p><span>Svars&nbsp;<\/span>36 g<\/p>\n<\/li>\n<\/ul>\n<ul>\n<\/ul>\n<\/div>\n","protected":false},"excerpt":{"rendered":"<p>Na\u017ea maks, kas ir izgatavots no bieza un iztur\u012bga neilona. To var stiprin\u0101t pie jostas ar velkro klipsi. Ide\u0101li tur\u0113t un aizsarg\u0101t kabatas nazi &Scaron;veic\u0113 izgatavota neilona jostas somi\u0146a Stiprin\u0101s pie jostas &nbsp; Augstums&nbsp;35 mm Garums&nbsp;140 mm Svars&nbsp;36 g<\/p>\n","protected":false},"featured_media":0,"template":"","meta":[],"product_brand":[54],"product_cat":[4558,4571,4640,4740],"product_tag":[],"class_list":{"0":"post-76605","1":"product","2":"type-product","3":"status-publish","5":"product_brand-victorinox","6":"product_cat-for-tourism-recreation","7":"product_cat-dishes-knives-folding-tables-for-tourism-recreation","8":"product_cat-recreation","9":"product_cat-knife-accessories-dishes-knives-folding-tables-for-tourism-recreation","11":"first","12":"instock","13":"shipping-taxable","14":"purchasable","15":"product-type-simple"},"_links":{"self":[{"href":"https:\/\/sezona.lv\/en\/wp-json\/wp\/v2\/product\/76605","targetHints":{"allow":["GET"]}}],"collection":[{"href":"https:\/\/sezona.lv\/en\/wp-json\/wp\/v2\/product"}],"about":[{"href":"https:\/\/sezona.lv\/en\/wp-json\/wp\/v2\/types\/product"}],"wp:attachment":[{"href":"https:\/\/sezona.lv\/en\/wp-json\/wp\/v2\/media?parent=76605"}],"wp:term":[{"taxonomy":"product_brand","embeddable":true,"href":"https:\/\/sezona.lv\/en\/wp-json\/wp\/v2\/product_brand?post=76605"},{"taxonomy":"product_cat","embeddable":true,"href":"https:\/\/sezona.lv\/en\/wp-json\/wp\/v2\/product_cat?post=76605"},{"taxonomy":"product_tag","embeddable":true,"href":"https:\/\/sezona.lv\/en\/wp-json\/wp\/v2\/product_tag?post=76605"}],"curies":[{"name":"wp","href":"https:\/\/api.w.org\/{rel}","templated":true}]}}