{"id":76606,"date":"2025-07-11T15:51:33","date_gmt":"2025-07-11T12:51:33","guid":{"rendered":"https:\/\/demo8.ecube.lv\/sezona.lv\/products\/victorinox-ella-naziem-multi-tool-oil\/"},"modified":"2025-07-14T14:53:51","modified_gmt":"2025-07-14T11:53:51","slug":"victorinox-ella-naziem-multi-tool-oil","status":"publish","type":"product","link":"https:\/\/sezona.lv\/en\/products\/victorinox-ella-naziem-multi-tool-oil\/","title":{"rendered":"Victorinox E\u013c\u013ca na\u017eiem Multi Tool Oil"},"content":{"rendered":"<p><span>Speci\u0101l\u0101 e\u013c\u013ca Victorinox na\u017eiem un multi tool instrumentiem. Ar e\u013c\u013cu iee\u013c\u013co instrumentu kust\u012bg\u0101s da\u013cas, lai t\u0101s b\u016btu \u0113rt\u0101k atv\u0113rt un aizv\u0113rt, aizsarg\u0101 no korozijas.<\/span><\/p>\n","protected":false},"excerpt":{"rendered":"<p>Speci\u0101l\u0101 e\u013c\u013ca Victorinox na\u017eiem un multi tool instrumentiem. Ar e\u013c\u013cu iee\u013c\u013co instrumentu kust\u012bg\u0101s da\u013cas, lai t\u0101s b\u016btu \u0113rt\u0101k atv\u0113rt un aizv\u0113rt, aizsarg\u0101 no korozijas.<\/p>\n","protected":false},"featured_media":62120,"template":"","meta":[],"product_brand":[54],"product_cat":[4558,4571,4740],"product_tag":[],"class_list":{"0":"post-76606","1":"product","2":"type-product","3":"status-publish","4":"has-post-thumbnail","6":"product_brand-victorinox","7":"product_cat-for-tourism-recreation","8":"product_cat-dishes-knives-folding-tables-for-tourism-recreation","9":"product_cat-knife-accessories-dishes-knives-folding-tables-for-tourism-recreation","11":"first","12":"instock","13":"shipping-taxable","14":"purchasable","15":"product-type-simple"},"_links":{"self":[{"href":"https:\/\/sezona.lv\/en\/wp-json\/wp\/v2\/product\/76606","targetHints":{"allow":["GET"]}}],"collection":[{"href":"https:\/\/sezona.lv\/en\/wp-json\/wp\/v2\/product"}],"about":[{"href":"https:\/\/sezona.lv\/en\/wp-json\/wp\/v2\/types\/product"}],"wp:featuredmedia":[{"embeddable":true,"href":"https:\/\/sezona.lv\/en\/wp-json\/wp\/v2\/media\/62120"}],"wp:attachment":[{"href":"https:\/\/sezona.lv\/en\/wp-json\/wp\/v2\/media?parent=76606"}],"wp:term":[{"taxonomy":"product_brand","embeddable":true,"href":"https:\/\/sezona.lv\/en\/wp-json\/wp\/v2\/product_brand?post=76606"},{"taxonomy":"product_cat","embeddable":true,"href":"https:\/\/sezona.lv\/en\/wp-json\/wp\/v2\/product_cat?post=76606"},{"taxonomy":"product_tag","embeddable":true,"href":"https:\/\/sezona.lv\/en\/wp-json\/wp\/v2\/product_tag?post=76606"}],"curies":[{"name":"wp","href":"https:\/\/api.w.org\/{rel}","templated":true}]}}