{"id":76607,"date":"2025-07-14T14:53:52","date_gmt":"2025-07-14T11:53:52","guid":{"rendered":"https:\/\/demo8.ecube.lv\/sezona.lv\/products\/victorinox-atspere-skerem\/"},"modified":"2025-07-14T14:53:52","modified_gmt":"2025-07-14T11:53:52","slug":"victorinox-atspere-skerem","status":"publish","type":"product","link":"https:\/\/sezona.lv\/en\/products\/victorinox-atspere-skerem\/","title":{"rendered":"Victorinox Atspere \u0161\u0137\u0113r\u0113m"},"content":{"rendered":"<p><span>Rezerves atspere Victorinox &Scaron;veices na\u017eu &scaron;\u0137\u0113r\u012bt\u0113m. Pieejama divos izm\u0113ros gan lielajiem, gan ar\u012b mazajiem na\u017eiem.<\/span><\/p>\n","protected":false},"excerpt":{"rendered":"<p>Rezerves atspere Victorinox &Scaron;veices na\u017eu &scaron;\u0137\u0113r\u012bt\u0113m. Pieejama divos izm\u0113ros gan lielajiem, gan ar\u012b mazajiem na\u017eiem.<\/p>\n","protected":false},"featured_media":0,"template":"","meta":[],"product_brand":[54],"product_cat":[4558,4571,4640,4740],"product_tag":[],"class_list":{"0":"post-76607","1":"product","2":"type-product","3":"status-publish","5":"product_brand-victorinox","6":"product_cat-for-tourism-recreation","7":"product_cat-dishes-knives-folding-tables-for-tourism-recreation","8":"product_cat-recreation","9":"product_cat-knife-accessories-dishes-knives-folding-tables-for-tourism-recreation","11":"first","12":"instock","13":"shipping-taxable","14":"purchasable","15":"product-type-simple"},"_links":{"self":[{"href":"https:\/\/sezona.lv\/en\/wp-json\/wp\/v2\/product\/76607","targetHints":{"allow":["GET"]}}],"collection":[{"href":"https:\/\/sezona.lv\/en\/wp-json\/wp\/v2\/product"}],"about":[{"href":"https:\/\/sezona.lv\/en\/wp-json\/wp\/v2\/types\/product"}],"wp:attachment":[{"href":"https:\/\/sezona.lv\/en\/wp-json\/wp\/v2\/media?parent=76607"}],"wp:term":[{"taxonomy":"product_brand","embeddable":true,"href":"https:\/\/sezona.lv\/en\/wp-json\/wp\/v2\/product_brand?post=76607"},{"taxonomy":"product_cat","embeddable":true,"href":"https:\/\/sezona.lv\/en\/wp-json\/wp\/v2\/product_cat?post=76607"},{"taxonomy":"product_tag","embeddable":true,"href":"https:\/\/sezona.lv\/en\/wp-json\/wp\/v2\/product_tag?post=76607"}],"curies":[{"name":"wp","href":"https:\/\/api.w.org\/{rel}","templated":true}]}}