{"id":76608,"date":"2025-07-14T14:53:53","date_gmt":"2025-07-14T11:53:53","guid":{"rendered":"https:\/\/demo8.ecube.lv\/sezona.lv\/products\/marmot-wm-s-ouray-reg-dunu-gulammaiss\/"},"modified":"2025-07-14T14:53:53","modified_gmt":"2025-07-14T11:53:53","slug":"marmot-wm-s-ouray-reg-dunu-gulammaiss","status":"publish","type":"product","link":"https:\/\/sezona.lv\/en\/products\/marmot-wm-s-ouray-reg-dunu-gulammaiss\/","title":{"rendered":"Marmot  Wm&#8217;s Ouray Reg D\u016bnu gu\u013cammaiss"},"content":{"rendered":"<p align=\"justify\"><span style=\"font-size: x-small\">Sievie&scaron;u miega sargs&nbsp;<strong>Marmot Wm&#8217;s Quarey<\/strong>&nbsp;d\u016bnu gu\u013cammaiss b\u016bs \u012bstens sabiedrotais garajos ziemas p\u0101rg\u0101jienos vai eksped\u012bcijas. Pild\u012bts ar augstas klases d\u016bn\u0101m, apstr\u0101d\u0101tas ar&nbsp;<strong>Down Defender&trade;<\/strong>tehnolo\u0123iju, kas samazina \u016bdens uzs\u016bk&scaron;anu un pa\u0101trina \u017e\u016b&scaron;anu. Ergonomiskais piegriezums, kas balst\u012bts uz sievietes anatomiju un&nbsp;<strong>Marmot<\/strong>&nbsp;gu\u013cammaisu klasisk\u0101 iez\u012bme &#8211; trapecveida k\u0101jgalis, \u013caus taj\u0101 justies \u012bpa&scaron;i \u0113rti.<\/span><\/p>\n<p><span style=\"color: #800000;font-size: x-small\"><strong>Specifik\u0101cija:<\/strong><\/span><\/p>\n<p><span style=\"font-size: x-small\"><strong>Pamatmateri\u0101ls:&nbsp;<\/strong>100% Nylon Ripstop AC 1.3 oz\/yd, 100% Nylon WR 1.4 oz\/yd<br \/><\/span><span style=\"font-size: x-small\"><strong>Oder\u0113jums:&nbsp;<\/strong>100% Nylon Plain Weave WR 1.3 oz\/yd<br \/><\/span><span style=\"font-size: x-small\"><strong>Siltin\u0101jums:<\/strong>&nbsp;650 Fill Power Down<br \/><\/span><span style=\"font-size: x-small\"><strong>Siltin\u0101juma daudzums:<\/strong>&nbsp;1050 grami<br \/><\/span><span style=\"font-size: x-small\"><strong>Temperat\u016bras Komforts:<\/strong>&nbsp;-15.5&deg;C | Zemais komforts: -24&deg;C | Ekstrem\u0101ls: -47.1&deg;C<br \/><\/span><span style=\"font-size: x-small\"><strong>Paredz\u0113ts augumam: l<\/strong>\u012bdz 168cm&nbsp;<br \/><\/span><span style=\"font-size: x-small\"><strong>Iek&scaron;\u0113jais garums:&nbsp;<\/strong>201cm<br \/><\/span><span style=\"font-size: x-small\"><strong>Plecu apk\u0101rtm\u0113rs:<\/strong>&nbsp;147.3 cm<br \/><\/span><span style=\"font-size: x-small\"><strong>Gurnu apk\u0101rtm\u0113rs:<\/strong>&nbsp;147.3 cm<br \/><\/span><span style=\"font-size: x-small\"><strong>P\u0113du apk\u0101rtm\u0113rs:<\/strong>&nbsp;96.5 cm<br \/><\/span><span style=\"font-size: x-small\"><strong>Svars:<\/strong>&nbsp;1642 grami<\/span><\/p>\n<p><span style=\"color: #800000;font-size: x-small\"><strong>Raksturojums:<\/strong><\/span><\/p>\n<p><span style=\"font-size: x-small\"><img loading=\"lazy\" decoding=\"async\" src=\"http:\/\/www.virsotne.lv\/userfiles\/image\/ahaa\/marmot_logo_aplisM.gif\" alt=\"\" width=\"15\" height=\"15\" \/>&nbsp;Sertific\u0113tas 650 FP d\u016bnas<br \/><\/span><span style=\"font-size: x-small\"><img loading=\"lazy\" decoding=\"async\" src=\"http:\/\/www.virsotne.lv\/userfiles\/image\/ahaa\/marmot_logo_aplisM.gif\" alt=\"\" width=\"15\" height=\"15\" \/>&nbsp;Down Defender tehnolo\u0123ija<br \/><\/span><span style=\"font-size: x-small\"><img loading=\"lazy\" decoding=\"async\" src=\"http:\/\/www.virsotne.lv\/userfiles\/image\/ahaa\/marmot_logo_aplisM.gif\" alt=\"\" width=\"15\" height=\"15\" \/>&nbsp;Veidots balstoties uz sievie&scaron;u anatomiju<br \/><\/span><span style=\"font-size: x-small\"><img loading=\"lazy\" decoding=\"async\" src=\"http:\/\/www.virsotne.lv\/userfiles\/image\/ahaa\/marmot_logo_aplisM.gif\" alt=\"\" width=\"15\" height=\"15\" \/>&nbsp;Test\u0113ts saska\u0146\u0101 ar EN 13537 normat\u012bvu<br \/><\/span><span style=\"font-size: x-small\"><img loading=\"lazy\" decoding=\"async\" src=\"http:\/\/www.virsotne.lv\/userfiles\/image\/ahaa\/marmot_logo_aplisM.gif\" alt=\"\" width=\"15\" height=\"15\" \/>&nbsp;Nautilus tipa 5 kambaru kapuce<br \/><\/span><span style=\"font-size: x-small\"><img loading=\"lazy\" decoding=\"async\" src=\"http:\/\/www.virsotne.lv\/userfiles\/image\/ahaa\/marmot_logo_aplisM.gif\" alt=\"\" width=\"15\" height=\"15\" \/>&nbsp;Ar d\u016bn\u0101m pild\u012bta apkakle<br \/><\/span><span style=\"font-size: x-small\"><img loading=\"lazy\" decoding=\"async\" src=\"http:\/\/www.virsotne.lv\/userfiles\/image\/ahaa\/marmot_logo_aplisM.gif\" alt=\"\" width=\"15\" height=\"15\" \/>&nbsp;Trapecveida k\u0101jgalis<br \/><\/span><span style=\"font-size: x-small\"><img loading=\"lazy\" decoding=\"async\" src=\"http:\/\/www.virsotne.lv\/userfiles\/image\/ahaa\/marmot_logo_aplisM.gif\" alt=\"\" width=\"15\" height=\"15\" \/>&nbsp;Neliela mantu kabati\u0146a<br \/><\/span><span style=\"font-size: x-small\"><img loading=\"lazy\" decoding=\"async\" src=\"http:\/\/www.virsotne.lv\/userfiles\/image\/ahaa\/marmot_logo_aplisM.gif\" alt=\"\" width=\"15\" height=\"15\" \/>&nbsp;Zem\u0101s &scaron;uves<br \/><\/span><span style=\"font-size: x-small\"><img loading=\"lazy\" decoding=\"async\" src=\"http:\/\/www.virsotne.lv\/userfiles\/image\/ahaa\/marmot_logo_aplisM.gif\" alt=\"\" width=\"15\" height=\"15\" \/>&nbsp;Transport\u0113&scaron;anas un uzglab\u0101&scaron;anas maiss komplekt\u0101<\/span><\/p>\n","protected":false},"excerpt":{"rendered":"<p>Sievie&scaron;u miega sargs&nbsp;Marmot Wm&#8217;s Quarey&nbsp;d\u016bnu gu\u013cammaiss b\u016bs \u012bstens sabiedrotais garajos ziemas p\u0101rg\u0101jienos vai eksped\u012bcijas. Pild\u012bts ar augstas klases d\u016bn\u0101m, apstr\u0101d\u0101tas ar&nbsp;Down Defender&trade;tehnolo\u0123iju, kas samazina \u016bdens uzs\u016bk&scaron;anu un pa\u0101trina \u017e\u016b&scaron;anu. Ergonomiskais piegriezums, kas balst\u012bts uz sievietes anatomiju un&nbsp;Marmot&nbsp;gu\u013cammaisu klasisk\u0101 iez\u012bme &#8211; trapecveida k\u0101jgalis, \u013caus taj\u0101 justies \u012bpa&scaron;i \u0113rti. Specifik\u0101cija: Pamatmateri\u0101ls:&nbsp;100% Nylon Ripstop AC 1.3 oz\/yd, 100% [&hellip;]<\/p>\n","protected":false},"featured_media":0,"template":"","meta":[],"product_brand":[908],"product_cat":[4558,4569,4640,4963],"product_tag":[],"class_list":{"0":"post-76608","1":"product","2":"type-product","3":"status-publish","5":"product_brand-marmot","6":"product_cat-for-tourism-recreation","7":"product_cat-sleeping-bags-for-tourism-recreation","8":"product_cat-recreation","9":"product_cat-marmot-sleeping-bags-sleeping-bags-for-tourism-recreation","11":"first","12":"instock","13":"shipping-taxable","14":"purchasable","15":"product-type-simple"},"_links":{"self":[{"href":"https:\/\/sezona.lv\/en\/wp-json\/wp\/v2\/product\/76608","targetHints":{"allow":["GET"]}}],"collection":[{"href":"https:\/\/sezona.lv\/en\/wp-json\/wp\/v2\/product"}],"about":[{"href":"https:\/\/sezona.lv\/en\/wp-json\/wp\/v2\/types\/product"}],"wp:attachment":[{"href":"https:\/\/sezona.lv\/en\/wp-json\/wp\/v2\/media?parent=76608"}],"wp:term":[{"taxonomy":"product_brand","embeddable":true,"href":"https:\/\/sezona.lv\/en\/wp-json\/wp\/v2\/product_brand?post=76608"},{"taxonomy":"product_cat","embeddable":true,"href":"https:\/\/sezona.lv\/en\/wp-json\/wp\/v2\/product_cat?post=76608"},{"taxonomy":"product_tag","embeddable":true,"href":"https:\/\/sezona.lv\/en\/wp-json\/wp\/v2\/product_tag?post=76608"}],"curies":[{"name":"wp","href":"https:\/\/api.w.org\/{rel}","templated":true}]}}