{"id":76610,"date":"2025-07-14T14:53:54","date_gmt":"2025-07-14T11:53:54","guid":{"rendered":"https:\/\/demo8.ecube.lv\/sezona.lv\/products\/marmot-palisade-long-dunu-gulammaiss\/"},"modified":"2025-07-14T14:53:54","modified_gmt":"2025-07-14T11:53:54","slug":"marmot-palisade-long-dunu-gulammaiss","status":"publish","type":"product","link":"https:\/\/sezona.lv\/en\/products\/marmot-palisade-long-dunu-gulammaiss\/","title":{"rendered":"Marmot Palisade Long D\u016bnu gu\u013cammaiss"},"content":{"rendered":"<p align=\"justify\"><span style=\"font-size: x-small\">Lielisks tr\u012bs sezonu d\u016bnu gu\u013cammaiss ar komforta temperat\u016bru -5*C. Ide\u0101la cenas siltuma, un kompaktuma attiec\u012bba. Gu\u013cammaiss ir siltin\u0101ts ar augstas kvalit\u0101tes d\u016bn\u0101m, kuras ir r\u016bp\u012bgi atlas\u012btas un sertific\u0113tas. Viena no &scaron;\u012bs s\u0113rijas gu\u013cammaisu \u012bpa&scaron;\u012bb\u0101m ir k\u0101jgal\u012b ie&scaron;\u016bta silde\u0146a kabati\u0146a, kas pat sal\u012bg\u0101kajiem piedz\u012bvojumu mekl\u0113t\u0101jiem sniegs komfortablu miegu. Ide\u0101li piem\u0113rots p\u0101rg\u0101jieniem, alp\u012bnismam un citiem piedz\u012bvojumu mekl\u0113t\u0101jiem, kam ir svar\u012bgs kompaktums un minim\u0101ls svars attiec\u012bb\u0101 pret nevainojamu komfortu.<\/span><\/p>\n<p><span style=\"color: #800000;font-size: x-small\"><strong>Specifik\u0101cija:<\/strong><\/span><\/p>\n<p><span style=\"font-size: x-small\"><strong>Virs\u0113jais materi\u0101ls:&nbsp;<\/strong>100% Nylon Plain Weave WR 1.3 oz\/yd<br \/><\/span><span style=\"font-size: x-small\"><strong>Apak&scaron;\u0113jais materi\u0101ls:&nbsp;<\/strong><\/span><span style=\"font-size: x-small\">100% Nylon Ripstop AC 1.3 oz\/yd<\/span><span style=\"font-size: x-small\"><br \/><strong>Oder\u0113jums:&nbsp;<\/strong><\/span><span style=\"font-size: x-small\">100% Nylon Plain Weave WR 1.3 oz\/yd&nbsp;<strong><br \/>Siltin\u0101jums:&nbsp;<\/strong><\/span><span style=\"font-size: x-small\">650+ FP d\u016bnas<br \/><strong>Siltin\u0101t\u0101ja daudzums:<\/strong><\/span>&nbsp;<span style=\"font-size: x-small\">555 grami<br \/><strong>Komforta temperat\u016bra:<\/strong><\/span>&nbsp;<span style=\"font-size: x-small\">-5*<\/span><span style=\"font-size: x-small\">C<br \/><strong>Paredz\u0113t\u0101js augums:&nbsp;<\/strong><\/span><span style=\"font-size: x-small\">198m<\/span><span style=\"font-size: x-small\"><br \/><strong>Svars:&nbsp;<\/strong><\/span><span style=\"font-size: x-small\">1390 grami<br \/><\/span><span style=\"font-size: x-small\"><strong>Kr\u0101sa:&nbsp;<\/strong><\/span><span style=\"font-size: x-small\">tum&scaron;i zila<\/span><\/p>\n<p><span style=\"color: #800000;font-size: x-small\"><strong>Raksturojums:<\/strong><\/span><\/p>\n<p><span style=\"font-size: x-small\">R\u016bp\u012bgi atlas\u012btas un sertific\u0113tas augst\u0101k\u0101s klases d\u016bnas (<strong>650+ Fill Power<\/strong>)&nbsp;<br \/><\/span><span style=\"font-size: x-small\">Test\u0113ts&nbsp;<\/span><span style=\"font-size: x-small\">saska\u0146\u0101 ar<\/span><span style=\"font-size: x-small\">&nbsp;Eiropas normat\u012bviem&nbsp;<strong>EN 13537<\/strong><br \/><\/span><span style=\"font-size: x-small\">Trapecveida k\u0101jgalis nodro&scaron;ina k\u0101j\u0101m vair\u0101k vietas<br \/><\/span><span style=\"font-size: x-small\">Silde\u0146a kabati\u0146a k\u0101jgal\u012b<\/span><span style=\"font-size: x-small\"><br \/><\/span><span style=\"font-size: x-small\">Pilna garuma r\u0101v\u0113jsl\u0113dz\u0113js<br \/><\/span><span style=\"font-size: x-small\">R\u0101v\u0113jsl\u0113dz\u0113j\u0101 aizsargs ne\u013caus iev\u0113rt taj\u0101 audumu un pasarg\u0101s no aukst\u0101 gaisa<br \/><\/span><span style=\"font-size: x-small\">Viegls un kompakts<br \/><\/span><span style=\"font-size: x-small\">Divus gu\u013cammaisus&nbsp;<strong>var sasl\u0113gt kop\u0101<\/strong>&nbsp;(labais un kreisais r\u0101v\u0113jsl\u0113dz\u0113js)<\/span><span style=\"font-size: x-small\"><br \/><\/span><span style=\"font-size: x-small\">Komplekt\u0101 ietilpst ar\u012b uzglab\u0101&scaron;anas maiss<\/span><\/p>\n","protected":false},"excerpt":{"rendered":"<p>Lielisks tr\u012bs sezonu d\u016bnu gu\u013cammaiss ar komforta temperat\u016bru -5*C. Ide\u0101la cenas siltuma, un kompaktuma attiec\u012bba. Gu\u013cammaiss ir siltin\u0101ts ar augstas kvalit\u0101tes d\u016bn\u0101m, kuras ir r\u016bp\u012bgi atlas\u012btas un sertific\u0113tas. Viena no &scaron;\u012bs s\u0113rijas gu\u013cammaisu \u012bpa&scaron;\u012bb\u0101m ir k\u0101jgal\u012b ie&scaron;\u016bta silde\u0146a kabati\u0146a, kas pat sal\u012bg\u0101kajiem piedz\u012bvojumu mekl\u0113t\u0101jiem sniegs komfortablu miegu. Ide\u0101li piem\u0113rots p\u0101rg\u0101jieniem, alp\u012bnismam un citiem piedz\u012bvojumu mekl\u0113t\u0101jiem, [&hellip;]<\/p>\n","protected":false},"featured_media":0,"template":"","meta":[],"product_brand":[908],"product_cat":[4558,4569,4640,4963],"product_tag":[],"class_list":{"0":"post-76610","1":"product","2":"type-product","3":"status-publish","5":"product_brand-marmot","6":"product_cat-for-tourism-recreation","7":"product_cat-sleeping-bags-for-tourism-recreation","8":"product_cat-recreation","9":"product_cat-marmot-sleeping-bags-sleeping-bags-for-tourism-recreation","11":"first","12":"instock","13":"shipping-taxable","14":"purchasable","15":"product-type-simple"},"_links":{"self":[{"href":"https:\/\/sezona.lv\/en\/wp-json\/wp\/v2\/product\/76610","targetHints":{"allow":["GET"]}}],"collection":[{"href":"https:\/\/sezona.lv\/en\/wp-json\/wp\/v2\/product"}],"about":[{"href":"https:\/\/sezona.lv\/en\/wp-json\/wp\/v2\/types\/product"}],"wp:attachment":[{"href":"https:\/\/sezona.lv\/en\/wp-json\/wp\/v2\/media?parent=76610"}],"wp:term":[{"taxonomy":"product_brand","embeddable":true,"href":"https:\/\/sezona.lv\/en\/wp-json\/wp\/v2\/product_brand?post=76610"},{"taxonomy":"product_cat","embeddable":true,"href":"https:\/\/sezona.lv\/en\/wp-json\/wp\/v2\/product_cat?post=76610"},{"taxonomy":"product_tag","embeddable":true,"href":"https:\/\/sezona.lv\/en\/wp-json\/wp\/v2\/product_tag?post=76610"}],"curies":[{"name":"wp","href":"https:\/\/api.w.org\/{rel}","templated":true}]}}