{"id":76611,"date":"2025-07-14T14:53:55","date_gmt":"2025-07-14T11:53:55","guid":{"rendered":"https:\/\/demo8.ecube.lv\/sezona.lv\/products\/marmot-atom-long-dunu-gulammaiss\/"},"modified":"2025-07-14T14:53:55","modified_gmt":"2025-07-14T11:53:55","slug":"marmot-atom-long-dunu-gulammaiss","status":"publish","type":"product","link":"https:\/\/sezona.lv\/en\/products\/marmot-atom-long-dunu-gulammaiss\/","title":{"rendered":"Marmot Atom Long D\u016bnu gu\u013cammaiss"},"content":{"rendered":"<div><span style=\"font-size: x-small\">Gu\u013cammaisa&nbsp;<\/span><span style=\"color: #000000;font-size: x-small\"><strong><em>Atom Regular&nbsp;&nbsp;<\/em><\/strong>pagarin\u0101t\u0101 verisja.<\/span><span style=\"font-size: x-small\">&nbsp;&Scaron;is ir viens no viegl\u0101kajiem un kompakt\u0101kajiem gu\u013cammaisiem ar &scaron;\u0101diem gul\u0113&scaron;anas temperat\u016bras r\u0101d\u012bt\u0101jiem. Gu\u013cammaiss ir siltin\u0101ts ar augstas kvalit\u0101tes zosu d\u016bn\u0101m, kuras ir r\u016bp\u012bgi atlas\u012btas un sertific\u0113tas.&nbsp;<\/span><span style=\"font-size: x-small\">Viena no &scaron;\u012bs s\u0113rijas gu\u013cammaisu \u012bpa&scaron;\u012bb\u0101m ir dubult\u0101 nosiltin\u0101tais k\u0101jgalis, kas pat sal\u012bgiem piedz\u012bvojumu baud\u012bt\u0101jiem sniegs gul\u0113&scaron;anas komfortu.&nbsp;<\/span><span style=\"font-size: x-small\">Gu\u013cammaiss ir ieguvis vair\u0101kas balvas par t\u0101 tehnisko izpild\u012bjumu. Ide\u0101li piem\u0113rots velot\u016bristiem, alp\u012bnistiem vai citiem piedz\u012bvojumu mekl\u0113t\u0101jiem, kuriem ir svar\u012bgs kompaktums un minim\u0101ls svars attiec\u012bb\u0101 pret nevainojamu komfortu.<\/span><\/div>\n<p><span style=\"color: #800000;font-size: x-small\"><strong>Specifik\u0101cija:<\/strong><\/span><\/p>\n<p><span style=\"font-size: x-small\"><strong>Virs\u0113jais materi\u0101ls:&nbsp;<\/strong><\/span><span style=\"font-size: x-small\">20 Denier 100% Nylon Ripstop DWR 1.2 oz\/yd<br \/><strong>Oder\u0113jums:&nbsp;<\/strong><\/span><span style=\"font-size: x-small\">20 Denier 100% Nylon Ripstop DWR 1.2 oz\/yd<br \/><strong>Siltin\u0101jums:&nbsp;<\/strong><\/span><span style=\"font-size: x-small\">850+ Zosu d\u016bnas<br \/><strong>Siltin\u0101t\u0101ja daudzums:<\/strong><\/span>&nbsp;<span style=\"font-size: x-small\">283 grami<br \/><strong>Komforta temperat\u016bra:<\/strong><\/span>&nbsp;<span style=\"font-size: x-small\">+6*C<br \/><strong>Garums:&nbsp;<\/strong><\/span><span style=\"font-size: x-small\">198cm<br \/><strong>Izm\u0113rs plecos:<\/strong><\/span>&nbsp;<span style=\"font-size: x-small\">l\u012bdz 157cm apk\u0101rtmer\u0101<br \/><strong>Izm\u0113rs gurnos:<\/strong><\/span>&nbsp;<span style=\"font-size: x-small\">l\u012bdz 147cm apk\u0101rtm\u0113r\u0101<br \/><strong>Izm\u0113rs k\u0101j\u0101s:<\/strong><\/span>&nbsp;<span style=\"font-size: x-small\">l\u012bdz 101cm apk\u0101rtm\u0113r\u0101<br \/><strong>Svars:&nbsp;<\/strong><\/span><span style=\"font-size: x-small\">680 grami<br \/><strong>Tilpums:<\/strong><\/span>&nbsp;<span style=\"font-size: x-small\">5.6 litri (nekompres\u0113ts)<br \/><strong>Kr\u0101sa:&nbsp;<\/strong><\/span><span style=\"font-size: x-small\">sarkana<\/span><\/p>\n<p><span style=\"color: #800000;font-size: x-small\"><strong>Raksturojums:<\/strong><\/span><\/p>\n<p><span style=\"font-size: x-small\">R\u016bp\u012bgi atlas\u012btas un sertific\u0113tas augst\u0101k\u0101s klases d\u016bnas (<strong>850+ Fill Power<\/strong>)&nbsp;<br \/>Test\u0113ts&nbsp;<\/span><span style=\"font-size: x-small\">saska\u0146\u0101 ar<\/span><span style=\"font-size: x-small\">&nbsp;Eiropas normat\u012bviem&nbsp;<strong>EN 13537<\/strong><br \/>Trapecveida k\u0101jgalis nodro&scaron;ina k\u0101j\u0101m vair\u0101k vietas<br \/>Pilna garuma r\u0101v\u0113jsl\u0113dz\u0113js<br \/><\/span><span style=\"font-size: x-small\">Dubults siltin\u0101jums k\u0101jgal\u012b<\/span><span style=\"font-size: x-small\"><br \/>R\u0101v\u0113jsl\u0113dz\u0113j\u0101 aizsargs ne\u013caus iev\u0113rt taj\u0101 audumu un pasarg\u0101s no aukst\u0101 gaisa iek\u013c\u016b&scaron;anas<br \/>Superviegls un kompakts<br \/><\/span><span style=\"font-size: x-small\">Divus gu\u013cammaisus&nbsp;<strong>var sasl\u0113gt kop\u0101<\/strong>&nbsp;(labais un kreisais r\u0101v\u0113jsl\u0113dz\u0113js)<\/span><span style=\"font-size: x-small\"><br \/>Komplekt\u0101 ietilpst ar\u012b uzglab\u0101&scaron;anas maiss<\/span><\/p>\n<div><span style=\"font-size: x-small\"><img loading=\"lazy\" decoding=\"async\" src=\"http:\/\/www.virsotne.lv\/userfiles\/image\/marmot_guljammaisu_temeraturas\/enatomtemp.JPG\" alt=\"\" width=\"311\" height=\"80\" \/><\/span><\/div>\n","protected":false},"excerpt":{"rendered":"<p>Gu\u013cammaisa&nbsp;Atom Regular&nbsp;&nbsp;pagarin\u0101t\u0101 verisja.&nbsp;&Scaron;is ir viens no viegl\u0101kajiem un kompakt\u0101kajiem gu\u013cammaisiem ar &scaron;\u0101diem gul\u0113&scaron;anas temperat\u016bras r\u0101d\u012bt\u0101jiem. Gu\u013cammaiss ir siltin\u0101ts ar augstas kvalit\u0101tes zosu d\u016bn\u0101m, kuras ir r\u016bp\u012bgi atlas\u012btas un sertific\u0113tas.&nbsp;Viena no &scaron;\u012bs s\u0113rijas gu\u013cammaisu \u012bpa&scaron;\u012bb\u0101m ir dubult\u0101 nosiltin\u0101tais k\u0101jgalis, kas pat sal\u012bgiem piedz\u012bvojumu baud\u012bt\u0101jiem sniegs gul\u0113&scaron;anas komfortu.&nbsp;Gu\u013cammaiss ir ieguvis vair\u0101kas balvas par t\u0101 tehnisko izpild\u012bjumu. Ide\u0101li [&hellip;]<\/p>\n","protected":false},"featured_media":0,"template":"","meta":[],"product_brand":[908],"product_cat":[4558,4569,4640,4963],"product_tag":[],"class_list":{"0":"post-76611","1":"product","2":"type-product","3":"status-publish","5":"product_brand-marmot","6":"product_cat-for-tourism-recreation","7":"product_cat-sleeping-bags-for-tourism-recreation","8":"product_cat-recreation","9":"product_cat-marmot-sleeping-bags-sleeping-bags-for-tourism-recreation","11":"first","12":"instock","13":"shipping-taxable","14":"purchasable","15":"product-type-simple"},"_links":{"self":[{"href":"https:\/\/sezona.lv\/en\/wp-json\/wp\/v2\/product\/76611","targetHints":{"allow":["GET"]}}],"collection":[{"href":"https:\/\/sezona.lv\/en\/wp-json\/wp\/v2\/product"}],"about":[{"href":"https:\/\/sezona.lv\/en\/wp-json\/wp\/v2\/types\/product"}],"wp:attachment":[{"href":"https:\/\/sezona.lv\/en\/wp-json\/wp\/v2\/media?parent=76611"}],"wp:term":[{"taxonomy":"product_brand","embeddable":true,"href":"https:\/\/sezona.lv\/en\/wp-json\/wp\/v2\/product_brand?post=76611"},{"taxonomy":"product_cat","embeddable":true,"href":"https:\/\/sezona.lv\/en\/wp-json\/wp\/v2\/product_cat?post=76611"},{"taxonomy":"product_tag","embeddable":true,"href":"https:\/\/sezona.lv\/en\/wp-json\/wp\/v2\/product_tag?post=76611"}],"curies":[{"name":"wp","href":"https:\/\/api.w.org\/{rel}","templated":true}]}}