{"id":76612,"date":"2025-07-14T14:53:56","date_gmt":"2025-07-14T11:53:56","guid":{"rendered":"https:\/\/demo8.ecube.lv\/sezona.lv\/products\/marmot-plasma-30-reg-dunu-gulammaiss\/"},"modified":"2025-07-14T14:53:56","modified_gmt":"2025-07-14T11:53:56","slug":"marmot-plasma-30-reg-dunu-gulammaiss","status":"publish","type":"product","link":"https:\/\/sezona.lv\/en\/products\/marmot-plasma-30-reg-dunu-gulammaiss\/","title":{"rendered":"Marmot Plasma 30 Reg D\u016bnu gu\u013cammaiss"},"content":{"rendered":"<p align=\"justify\"><span style=\"font-size: x-small\">Ultra viegls zosu d\u016bnu gu\u013cammaiss. &Scaron;\u012bs supervieglais&nbsp;<strong>Plasma&nbsp;<\/strong>s\u0113rijas gu\u013cammaiss ir izgatavots no augst\u0101k\u0101s klases sertific\u0113t\u0101m zosu d\u016bn\u0101m ar kvalit\u0101tes r\u0101d\u012bt\u0101ju&nbsp;<strong>900+ FP.&nbsp;<\/strong>&Scaron;is tr\u012bs sezonu zosu d\u016bnu gu\u013cammaiss sver nedaudz vair\u0101k par pus kilogramu un ir sapnis katram ce\u013cot\u0101jam, kam katrs ekip\u0113juma grams ir svar\u012bgs. Gu\u013cammaisa virs\u0113jais materi\u0101ls ir \u016bdens atgr\u016bdo&scaron;s pateicoties&nbsp;<\/span><span style=\"font-size: x-small\"><strong><span style=\"font-size: x-small\">Pertex Quantum&copy;<\/span><\/strong><span style=\"font-size: x-small\">audumam.<\/span><strong><span style=\"font-size: x-small\">&nbsp;<\/span><\/strong><\/span><span style=\"font-size: x-small\"><span style=\"font-size: x-small\"><span style=\"font-size: x-small\">Turkl\u0101t jaun\u0101kie&nbsp;<strong>Marmot<\/strong>&nbsp;d\u016bnu gu\u013cammaisi ir apstr\u0101d\u0101ti ar&nbsp;<strong>Marmot Down Defender&trade;<\/strong>tehnolo\u0123iju, kas par 150% vair\u0101k pasarg\u0101 d\u016bnas no samirk&scaron;anas un par 30% \u0101tr\u0101k nodro&scaron;ina to iz&scaron;\u016b&scaron;anu.<\/span><\/span><strong><\/strong>Ide\u0101li piem\u0113rots velot\u016bristiem, alp\u012bnistiem un jebkuram piedz\u012bvojumu mekl\u0113t\u0101jam, kuram nepat\u012bk nest l\u012bdzi lieku svaru.&nbsp;<br \/><\/span><\/p>\n<p>&nbsp;<\/p>\n<p><span style=\"color: #800000;font-size: x-small\"><strong>Specifik\u0101cija:<\/strong><\/span><\/p>\n<p>&nbsp;<\/p>\n<p><span style=\"font-size: x-small\"><strong>Pamatmateri\u0101ls:&nbsp;<\/strong>Pertex Quantum&copy; 100% Nylon 10d Micro Ripstop DWR 0.8 oz\/yd&nbsp;<br \/><\/span><span style=\"font-size: x-small\"><strong>Oder\u0113jums:&nbsp;<\/strong>Pertex Quantum&copy; 100% Nylon 10d Micro Ripstop DWR 0.8 oz\/yd&nbsp;<strong><br \/>Siltin\u0101jums:&nbsp;<\/strong>900+ zosu d\u016bnas<br \/><\/span><span style=\"font-size: x-small\"><strong>Siltin\u0101t\u0101ja daudzums:<\/strong>&nbsp;335 grami<br \/><\/span><span style=\"font-size: x-small\"><strong>Komforta temperat\u016bra:<\/strong>&nbsp;-1*C<br \/><\/span><span style=\"font-size: x-small\"><strong>Garums:&nbsp;<\/strong>183cm<br \/><\/span><span style=\"font-size: x-small\"><strong>Svars:&nbsp;<\/strong>676 grami<br \/><\/span><span style=\"font-size: x-small\"><strong>Kr\u0101sa:&nbsp;<\/strong>melna ar za\u013cu iek&scaron;pusi<br \/><\/span><\/p>\n<p>&nbsp;<\/p>\n<p><span style=\"color: #800000;font-size: x-small\"><strong>Raksturojums:<\/strong><\/span><\/p>\n<p>&nbsp;<\/p>\n<p><span style=\"font-size: x-small\">R\u016bp\u012bgi atlas\u012btas un sertific\u0113tas augst\u0101k\u0101s klases zosu d\u016bnas (<strong>900+ Fill Power<\/strong>)&nbsp;<br \/><\/span><span style=\"font-size: x-small\">Test\u0113ts saska\u0146\u0101 ar Eiropas normat\u012bviem&nbsp;<strong>EN 13537<\/strong><br \/><\/span><span style=\"font-size: x-small\">Trapecveida k\u0101jgalis nodro&scaron;ina k\u0101j\u0101m vair\u0101k vietas<\/span><span style=\"font-size: x-small\"><br \/><\/span><span style=\"font-size: x-small\">Pilna garuma r\u0101v\u0113jsl\u0113dz\u0113js<br \/><\/span><span style=\"font-size: x-small\">R\u0101v\u0113jsl\u0113dz\u0113j\u0101 aizsargs ne\u013caus iev\u0113rt taj\u0101 audumu un pasarg\u0101s no aukst\u0101 gaisa iek\u013c\u016b&scaron;anas<br \/><\/span><span style=\"font-size: x-small\">Ultraviegls un kompakts<br \/><\/span><span style=\"font-size: x-small\">Divus gu\u013cammaisus&nbsp;<strong>var sasl\u0113gt kop\u0101<\/strong>&nbsp;(labais un kreisais r\u0101v\u0113jsl\u0113dz\u0113js)<\/span><\/p>\n","protected":false},"excerpt":{"rendered":"<p>Ultra viegls zosu d\u016bnu gu\u013cammaiss. &Scaron;\u012bs supervieglais&nbsp;Plasma&nbsp;s\u0113rijas gu\u013cammaiss ir izgatavots no augst\u0101k\u0101s klases sertific\u0113t\u0101m zosu d\u016bn\u0101m ar kvalit\u0101tes r\u0101d\u012bt\u0101ju&nbsp;900+ FP.&nbsp;&Scaron;is tr\u012bs sezonu zosu d\u016bnu gu\u013cammaiss sver nedaudz vair\u0101k par pus kilogramu un ir sapnis katram ce\u013cot\u0101jam, kam katrs ekip\u0113juma grams ir svar\u012bgs. Gu\u013cammaisa virs\u0113jais materi\u0101ls ir \u016bdens atgr\u016bdo&scaron;s pateicoties&nbsp;Pertex Quantum&copy;audumam.&nbsp;Turkl\u0101t jaun\u0101kie&nbsp;Marmot&nbsp;d\u016bnu gu\u013cammaisi ir apstr\u0101d\u0101ti ar&nbsp;Marmot [&hellip;]<\/p>\n","protected":false},"featured_media":0,"template":"","meta":[],"product_brand":[908],"product_cat":[4558,4569,4640,4963],"product_tag":[],"class_list":{"0":"post-76612","1":"product","2":"type-product","3":"status-publish","5":"product_brand-marmot","6":"product_cat-for-tourism-recreation","7":"product_cat-sleeping-bags-for-tourism-recreation","8":"product_cat-recreation","9":"product_cat-marmot-sleeping-bags-sleeping-bags-for-tourism-recreation","11":"first","12":"instock","13":"shipping-taxable","14":"purchasable","15":"product-type-simple"},"_links":{"self":[{"href":"https:\/\/sezona.lv\/en\/wp-json\/wp\/v2\/product\/76612","targetHints":{"allow":["GET"]}}],"collection":[{"href":"https:\/\/sezona.lv\/en\/wp-json\/wp\/v2\/product"}],"about":[{"href":"https:\/\/sezona.lv\/en\/wp-json\/wp\/v2\/types\/product"}],"wp:attachment":[{"href":"https:\/\/sezona.lv\/en\/wp-json\/wp\/v2\/media?parent=76612"}],"wp:term":[{"taxonomy":"product_brand","embeddable":true,"href":"https:\/\/sezona.lv\/en\/wp-json\/wp\/v2\/product_brand?post=76612"},{"taxonomy":"product_cat","embeddable":true,"href":"https:\/\/sezona.lv\/en\/wp-json\/wp\/v2\/product_cat?post=76612"},{"taxonomy":"product_tag","embeddable":true,"href":"https:\/\/sezona.lv\/en\/wp-json\/wp\/v2\/product_tag?post=76612"}],"curies":[{"name":"wp","href":"https:\/\/api.w.org\/{rel}","templated":true}]}}