{"id":76613,"date":"2025-07-14T14:53:56","date_gmt":"2025-07-14T11:53:56","guid":{"rendered":"https:\/\/demo8.ecube.lv\/sezona.lv\/products\/marmot-wm-s-sunset-30-reg-gulammaiss\/"},"modified":"2025-07-14T14:53:56","modified_gmt":"2025-07-14T11:53:56","slug":"marmot-wm-s-sunset-30-reg-gulammaiss","status":"publish","type":"product","link":"https:\/\/sezona.lv\/en\/products\/marmot-wm-s-sunset-30-reg-gulammaiss\/","title":{"rendered":"Marmot Wm&#8217;s Sunset 30 Reg Gu\u013cammaiss"},"content":{"rendered":"<p align=\"justify\"><span style=\"font-size: x-small\">Ergonomisks sievie&scaron;u tr\u012bssezonu gu\u013cammaiss, kas ir pild\u012bts ar augstas klases sint\u0113tisko pild\u012bjumu&nbsp;<strong>Marmot Thermal R&trade;<\/strong>. Gu\u013cammaisa piegriezums ir rad\u012bts tie&scaron;i sievietes \u0137ermenim, turkl\u0101t tam ir papildus siltin\u0101jums kr\u016b&scaron;u rajon\u0101 un k\u0101jgal\u012b. Viegls un lieliski kompres\u0113jams&nbsp;<strong>Marmot Sunset<\/strong>&nbsp;gu\u013cammaiss ir laba izv\u0113le rudens p\u0101rg\u0101jieniem. Pateicoties sint\u0113tiskajam pild\u012bjumam tas \u0101tr\u012b iz\u017e\u016bst, ja ir samircis un ekstr\u0113mos gad\u012bjumos ar\u012b slapj&scaron; b\u016bdams tas turpina sild\u012bt. Visiem&nbsp;<strong>Marmot<\/strong>&nbsp;gu\u013cammaisiem ir trapecveid\u012bgs k\u0101jgalis, lai p\u0113d\u0101m ir vair\u0101k vietas. Pats gu\u013cammaiss ir izgatavots no viegla, bet nodilumiztur\u012bga neilona ar<strong>DWR<\/strong>&nbsp;apstr\u0101di.&nbsp;&nbsp;<\/span><\/p>\n<p>&nbsp;<\/p>\n<p><span style=\"font-size: x-small\"><strong><span style=\"color: #800000\">Specifik\u0101cija:<\/span><\/strong><\/span><\/p>\n<p>&nbsp;<\/p>\n<p><span style=\"font-size: x-small\"><strong>Virs\u0113jais materi\u0101ls:&nbsp;<\/strong>100% Nylon Ripstop Embossed DWR 1.4 oz\/yd<br \/><\/span><span style=\"font-size: x-small\"><strong>Oder\u0113jums:<\/strong>&nbsp;100% Nylon Plain Weave WR 1.3 oz\/yd<br \/><\/span><span style=\"font-size: x-small\"><strong>Siltin\u0101jums:&nbsp;<\/strong>Thermal R<br \/><\/span><span style=\"font-size: x-small\"><strong>Siltin\u0101t\u0101ja daudzums:&nbsp;<\/strong>794grami<br \/><\/span><span style=\"font-size: x-small\"><strong>Komforta temperat\u016bra:<\/strong>&nbsp;-1*C<br \/><\/span><span style=\"font-size: x-small\"><strong>Garums:<\/strong>&nbsp;Augumam l\u012bdz 168cm<br \/><\/span><span style=\"font-size: x-small\"><strong>Svars:<\/strong>&nbsp;1286 grami<br \/><\/span><span style=\"font-size: x-small\"><strong>Kr\u0101sa:<\/strong>&nbsp;viol\u0113ts<\/span><\/p>\n<p>&nbsp;<\/p>\n<p><span style=\"font-size: x-small\"><strong><span style=\"color: #800000\">Raksturojums:<\/span><\/strong><\/span><\/p>\n<p>&nbsp;<\/p>\n<p><span style=\"font-size: x-small\"><img loading=\"lazy\" decoding=\"async\" src=\"http:\/\/www.virsotne.lv\/userfiles\/image\/ahaa\/marmot_logo_aplisM.gif\" alt=\"\" width=\"15\" height=\"15\" \/>&nbsp;Test\u0113ts p\u0113c Eiropas normat\u012bviem EN 13537<br \/><\/span><span style=\"font-size: x-small\"><img loading=\"lazy\" decoding=\"async\" src=\"http:\/\/www.virsotne.lv\/userfiles\/image\/ahaa\/marmot_logo_aplisM.gif\" alt=\"\" width=\"15\" height=\"15\" \/>&nbsp;Pilna garuma r\u0101v\u0113jsl\u0113dz\u0113js<br \/><\/span><span style=\"font-size: x-small\"><img loading=\"lazy\" decoding=\"async\" src=\"http:\/\/www.virsotne.lv\/userfiles\/image\/ahaa\/marmot_logo_aplisM.gif\" alt=\"\" width=\"15\" height=\"15\" \/>&nbsp;R\u0101v\u0113jsl\u0113dz\u0113ja aizsargs aiztur\u0113s auksto gaisu, k\u0101 ar\u012b ne\u013caus iev\u0113rt taj\u0101 audumu<br \/><\/span><span style=\"font-size: x-small\"><img loading=\"lazy\" decoding=\"async\" src=\"http:\/\/www.virsotne.lv\/userfiles\/image\/ahaa\/marmot_logo_aplisM.gif\" alt=\"\" width=\"15\" height=\"15\" \/>&nbsp;\u012apa&scaron;s sievie&scaron;u piegriezums<br \/><\/span><span style=\"font-size: x-small\"><img loading=\"lazy\" decoding=\"async\" src=\"http:\/\/www.virsotne.lv\/userfiles\/image\/ahaa\/marmot_logo_aplisM.gif\" alt=\"\" width=\"15\" height=\"15\" \/>&nbsp;Trapecveid\u012bgs k\u0101jgalis nodro&scaron;ina vair\u0101k vietas k\u0101j\u0101m<br \/><\/span><span style=\"font-size: x-small\"><img loading=\"lazy\" decoding=\"async\" src=\"http:\/\/www.virsotne.lv\/userfiles\/image\/ahaa\/marmot_logo_aplisM.gif\" alt=\"\" width=\"15\" height=\"15\" \/>&nbsp;Divus gu\u013cammaisus var sasl\u0113gt kop\u0101 (ir labais un kreisais r\u0101v\u0113jsl\u0113dz\u0113js)<br \/><\/span><span style=\"font-size: x-small\"><img loading=\"lazy\" decoding=\"async\" src=\"http:\/\/www.virsotne.lv\/userfiles\/image\/ahaa\/marmot_logo_aplisM.gif\" alt=\"\" width=\"15\" height=\"15\" \/>&nbsp;Komplekt\u0101 ietilpst kompresijas maiss un uzglab\u0101&scaron;anas maiss<\/span><\/p>\n<p>&nbsp;<\/p>\n<p><span style=\"color: #800000;font-size: x-small\"><strong>EN Tests<\/strong><\/span><\/p>\n<p>&nbsp;<\/p>\n<p>&nbsp;<\/p>\n<table border=\"0\" cellspacing=\"1\" cellpadding=\"1\" width=\"350\" align=\"center\">\n<tbody>\n<tr>\n<td align=\"center\" bgcolor=\"#ff3300\"><span style=\"font-size: x-small\"><strong>Sievie&scaron;u komforts<\/strong><\/span><\/td>\n<td align=\"center\" bgcolor=\"#ffcc00\"><span style=\"font-size: x-small\"><strong>V\u012brie&scaron;u komforts<\/strong><\/span><\/td>\n<td align=\"center\" bgcolor=\"#6666ff\"><span style=\"font-size: x-small\"><strong>Riska temperat\u016bra<\/strong><\/span><\/td>\n<\/tr>\n<tr>\n<td align=\"center\" bgcolor=\"#ff3300\"><span style=\"font-size: x-small\"><strong>0&deg;C<\/strong><\/span><\/td>\n<td align=\"center\" bgcolor=\"#ffcc00\"><span style=\"font-size: x-small\"><strong>-6&deg;C<\/strong><\/span><\/td>\n<td align=\"center\" bgcolor=\"#6666ff\"><span style=\"font-size: x-small\"><strong>-23&deg;C<\/strong><\/span><\/td>\n<\/tr>\n<\/tbody>\n<\/table>\n","protected":false},"excerpt":{"rendered":"<p>Ergonomisks sievie&scaron;u tr\u012bssezonu gu\u013cammaiss, kas ir pild\u012bts ar augstas klases sint\u0113tisko pild\u012bjumu&nbsp;Marmot Thermal R&trade;. Gu\u013cammaisa piegriezums ir rad\u012bts tie&scaron;i sievietes \u0137ermenim, turkl\u0101t tam ir papildus siltin\u0101jums kr\u016b&scaron;u rajon\u0101 un k\u0101jgal\u012b. Viegls un lieliski kompres\u0113jams&nbsp;Marmot Sunset&nbsp;gu\u013cammaiss ir laba izv\u0113le rudens p\u0101rg\u0101jieniem. Pateicoties sint\u0113tiskajam pild\u012bjumam tas \u0101tr\u012b iz\u017e\u016bst, ja ir samircis un ekstr\u0113mos gad\u012bjumos ar\u012b slapj&scaron; b\u016bdams [&hellip;]<\/p>\n","protected":false},"featured_media":0,"template":"","meta":[],"product_brand":[908],"product_cat":[4558,4569,4640,4963],"product_tag":[],"class_list":{"0":"post-76613","1":"product","2":"type-product","3":"status-publish","5":"product_brand-marmot","6":"product_cat-for-tourism-recreation","7":"product_cat-sleeping-bags-for-tourism-recreation","8":"product_cat-recreation","9":"product_cat-marmot-sleeping-bags-sleeping-bags-for-tourism-recreation","11":"first","12":"instock","13":"shipping-taxable","14":"purchasable","15":"product-type-simple"},"_links":{"self":[{"href":"https:\/\/sezona.lv\/en\/wp-json\/wp\/v2\/product\/76613","targetHints":{"allow":["GET"]}}],"collection":[{"href":"https:\/\/sezona.lv\/en\/wp-json\/wp\/v2\/product"}],"about":[{"href":"https:\/\/sezona.lv\/en\/wp-json\/wp\/v2\/types\/product"}],"wp:attachment":[{"href":"https:\/\/sezona.lv\/en\/wp-json\/wp\/v2\/media?parent=76613"}],"wp:term":[{"taxonomy":"product_brand","embeddable":true,"href":"https:\/\/sezona.lv\/en\/wp-json\/wp\/v2\/product_brand?post=76613"},{"taxonomy":"product_cat","embeddable":true,"href":"https:\/\/sezona.lv\/en\/wp-json\/wp\/v2\/product_cat?post=76613"},{"taxonomy":"product_tag","embeddable":true,"href":"https:\/\/sezona.lv\/en\/wp-json\/wp\/v2\/product_tag?post=76613"}],"curies":[{"name":"wp","href":"https:\/\/api.w.org\/{rel}","templated":true}]}}