{"id":76615,"date":"2025-07-14T14:53:58","date_gmt":"2025-07-14T11:53:58","guid":{"rendered":"https:\/\/demo8.ecube.lv\/sezona.lv\/products\/marmot-nanowave-45-long-gulammaiss\/"},"modified":"2025-07-14T14:53:58","modified_gmt":"2025-07-14T11:53:58","slug":"marmot-nanowave-45-long-gulammaiss","status":"publish","type":"product","link":"https:\/\/sezona.lv\/en\/products\/marmot-nanowave-45-long-gulammaiss\/","title":{"rendered":"Marmot NanoWave 45 Long Gu\u013cammaiss"},"content":{"rendered":"<p align=\"justify\"><span style=\"font-size: x-small\">Superviegls un kompakts vasaras gu\u013cammaiss ar&nbsp;<strong>Spirafil 100&nbsp;<\/strong>siltin\u0101t\u0101ju. Gu\u013cammaiss ir ide\u0101li piem\u0113rots velo t\u016bristiem, k\u0101 ar\u012b cities piedz\u012bvojumu mekl\u0113t\u0101jiem, kuriem r\u016bp minim\u0101ls svars un tilpums pret nevainojamu komfortu.<\/span><\/p>\n<p><span style=\"color: #800000;font-size: x-small\"><strong>Specifik\u0101cija:<\/strong><\/span><\/p>\n<p><span style=\"font-size: x-small\"><strong>Virs\u0113jais materi\u0101ls:&nbsp;<\/strong>100% Polyester Tafffeta DWR 2.2 oz\/yd<br \/><\/span><span style=\"font-size: x-small\"><strong>Oder\u0113jums:&nbsp;<\/strong>100% Polyester WR 1.3 oz\/yd<br \/><\/span><span style=\"font-size: x-small\"><strong>Siltin\u0101jums:&nbsp;<\/strong>Spirafil 100<br \/><\/span><span style=\"font-size: x-small\"><strong>Siltin\u0101t\u0101ja daudzums:<\/strong>&nbsp;<\/span><span style=\"font-size: x-small\"><br \/><strong>Komforta temperat\u016bra:<\/strong>&nbsp;<\/span><span style=\"font-size: x-small\">+9*C<br \/><strong>Garums:&nbsp;<\/strong><\/span><span style=\"font-size: x-small\">Augumam l\u012bdz 1<span style=\"font-size: x-small\">92<\/span>cm<\/span><br \/><span style=\"font-size: x-small\"><strong>Svars:&nbsp;<\/strong><\/span><span style=\"font-size: x-small\">8<span style=\"font-size: x-small\">90<\/span>&nbsp;grami<br \/><strong>Kr\u0101sa:&nbsp;<\/strong><\/span><span style=\"font-size: x-small\">sarkans<strong><br \/><\/strong><\/span><\/p>\n<p><span style=\"color: #800000;font-size: x-small\"><strong>Raksturojums:<\/strong><\/span><\/p>\n<p><span style=\"font-size: x-small\">Test\u0113ts p\u0113c Eiropas normat\u012bviem&nbsp;<strong>EN 13537<\/strong><br \/><\/span><span style=\"font-size: x-small\">Pilna garuma r\u0101v\u0113jsl\u0113dz\u0113js<br \/><\/span><span style=\"font-size: x-small\">R\u0101v\u0113jsl\u0113dz\u0113ja aizsargs aiztur\u0113s auksto gaisu, k\u0101 ar\u012b ne\u013caus iev\u0113rt taj\u0101 audumu<br \/><\/span><span style=\"font-size: x-small\">Kompakts un mazs svars.<br \/><\/span><span style=\"font-size: x-small\">Trapecveid\u012bgs k\u0101jgalis nodro&scaron;ina vair\u0101k vietas k\u0101j\u0101m&nbsp;<br \/><\/span><span style=\"font-size: x-small\">Divus gu\u013cammaisus var sasl\u0113gt kop\u0101 (ir labais un kreisais r\u0101v\u0113jsl\u0113dz\u0113js)<br \/><\/span><\/p>\n<div><span style=\"font-size: x-small\"><img loading=\"lazy\" decoding=\"async\" src=\"http:\/\/www.virsotne.lv\/userfiles\/image\/marmot_guljammaisu_temeraturas\/nanoWawe_45_temp.jpg\" border=\"0\" alt=\"\" width=\"340\" height=\"84\" \/><\/span><\/div>\n","protected":false},"excerpt":{"rendered":"<p>Superviegls un kompakts vasaras gu\u013cammaiss ar&nbsp;Spirafil 100&nbsp;siltin\u0101t\u0101ju. Gu\u013cammaiss ir ide\u0101li piem\u0113rots velo t\u016bristiem, k\u0101 ar\u012b cities piedz\u012bvojumu mekl\u0113t\u0101jiem, kuriem r\u016bp minim\u0101ls svars un tilpums pret nevainojamu komfortu. Specifik\u0101cija: Virs\u0113jais materi\u0101ls:&nbsp;100% Polyester Tafffeta DWR 2.2 oz\/ydOder\u0113jums:&nbsp;100% Polyester WR 1.3 oz\/ydSiltin\u0101jums:&nbsp;Spirafil 100Siltin\u0101t\u0101ja daudzums:&nbsp;Komforta temperat\u016bra:&nbsp;+9*CGarums:&nbsp;Augumam l\u012bdz 192cmSvars:&nbsp;890&nbsp;gramiKr\u0101sa:&nbsp;sarkans Raksturojums: Test\u0113ts p\u0113c Eiropas normat\u012bviem&nbsp;EN 13537Pilna garuma r\u0101v\u0113jsl\u0113dz\u0113jsR\u0101v\u0113jsl\u0113dz\u0113ja aizsargs aiztur\u0113s auksto [&hellip;]<\/p>\n","protected":false},"featured_media":0,"template":"","meta":[],"product_brand":[908],"product_cat":[4558,4569,4640,4963],"product_tag":[],"class_list":{"0":"post-76615","1":"product","2":"type-product","3":"status-publish","5":"product_brand-marmot","6":"product_cat-for-tourism-recreation","7":"product_cat-sleeping-bags-for-tourism-recreation","8":"product_cat-recreation","9":"product_cat-marmot-sleeping-bags-sleeping-bags-for-tourism-recreation","11":"first","12":"instock","13":"shipping-taxable","14":"purchasable","15":"product-type-simple"},"_links":{"self":[{"href":"https:\/\/sezona.lv\/en\/wp-json\/wp\/v2\/product\/76615","targetHints":{"allow":["GET"]}}],"collection":[{"href":"https:\/\/sezona.lv\/en\/wp-json\/wp\/v2\/product"}],"about":[{"href":"https:\/\/sezona.lv\/en\/wp-json\/wp\/v2\/types\/product"}],"wp:attachment":[{"href":"https:\/\/sezona.lv\/en\/wp-json\/wp\/v2\/media?parent=76615"}],"wp:term":[{"taxonomy":"product_brand","embeddable":true,"href":"https:\/\/sezona.lv\/en\/wp-json\/wp\/v2\/product_brand?post=76615"},{"taxonomy":"product_cat","embeddable":true,"href":"https:\/\/sezona.lv\/en\/wp-json\/wp\/v2\/product_cat?post=76615"},{"taxonomy":"product_tag","embeddable":true,"href":"https:\/\/sezona.lv\/en\/wp-json\/wp\/v2\/product_tag?post=76615"}],"curies":[{"name":"wp","href":"https:\/\/api.w.org\/{rel}","templated":true}]}}