{"id":76617,"date":"2025-07-14T14:53:59","date_gmt":"2025-07-14T11:53:59","guid":{"rendered":"https:\/\/demo8.ecube.lv\/sezona.lv\/products\/paklajins-termanova-180x50x0-7cm\/"},"modified":"2025-07-14T14:53:59","modified_gmt":"2025-07-14T11:53:59","slug":"paklajins-termanova-180x50x0-7cm","status":"publish","type":"product","link":"https:\/\/sezona.lv\/en\/products\/paklajins-termanova-180x50x0-7cm\/","title":{"rendered":"Pakl\u0101ji\u0146\u0161 TermaNova 180x50x0,7cm"},"content":{"rendered":"<p>Vienk\u0101r&scaron; putu materi\u0101la t\u016brisma pakl\u0101ji\u0146&scaron;, kas b\u016bs piem\u0113rots vasaras sezonai. Neuzs\u016bc mitrumu, var izmantot k\u0101 padibeni. Specifik\u0101cija: Izm\u0113rs: 180x50x0,7cm Kr\u0101sa: Za\u013ca<\/p>\n","protected":false},"excerpt":{"rendered":"<p>Vienk\u0101r&scaron; putu materi\u0101la t\u016brisma pakl\u0101ji\u0146&scaron;, kas b\u016bs piem\u0113rots vasaras sezonai. Neuzs\u016bc mitrumu, var izmantot k\u0101 padibeni. Specifik\u0101cija: Izm\u0113rs: 180x50x0,7cm Kr\u0101sa: Za\u013ca<\/p>\n","protected":false},"featured_media":0,"template":"","meta":[],"product_brand":[],"product_cat":[4558,4663,4773],"product_tag":[],"class_list":{"0":"post-76617","1":"product","2":"type-product","3":"status-publish","5":"product_cat-for-tourism-recreation","6":"product_cat-mattresses-and-travel-mats-for-tourism-recreation","7":"product_cat-travel-mats-mattresses-and-travel-mats-for-tourism-recreation","9":"first","10":"instock","11":"shipping-taxable","12":"purchasable","13":"product-type-simple"},"_links":{"self":[{"href":"https:\/\/sezona.lv\/en\/wp-json\/wp\/v2\/product\/76617","targetHints":{"allow":["GET"]}}],"collection":[{"href":"https:\/\/sezona.lv\/en\/wp-json\/wp\/v2\/product"}],"about":[{"href":"https:\/\/sezona.lv\/en\/wp-json\/wp\/v2\/types\/product"}],"wp:attachment":[{"href":"https:\/\/sezona.lv\/en\/wp-json\/wp\/v2\/media?parent=76617"}],"wp:term":[{"taxonomy":"product_brand","embeddable":true,"href":"https:\/\/sezona.lv\/en\/wp-json\/wp\/v2\/product_brand?post=76617"},{"taxonomy":"product_cat","embeddable":true,"href":"https:\/\/sezona.lv\/en\/wp-json\/wp\/v2\/product_cat?post=76617"},{"taxonomy":"product_tag","embeddable":true,"href":"https:\/\/sezona.lv\/en\/wp-json\/wp\/v2\/product_tag?post=76617"}],"curies":[{"name":"wp","href":"https:\/\/api.w.org\/{rel}","templated":true}]}}