{"id":76619,"date":"2025-07-14T14:54:01","date_gmt":"2025-07-14T11:54:01","guid":{"rendered":"https:\/\/demo8.ecube.lv\/sezona.lv\/products\/paklajins-termanova-200x60x1cm\/"},"modified":"2025-07-14T14:54:01","modified_gmt":"2025-07-14T11:54:01","slug":"paklajins-termanova-200x60x1cm","status":"publish","type":"product","link":"https:\/\/sezona.lv\/en\/products\/paklajins-termanova-200x60x1cm\/","title":{"rendered":"Pakl\u0101ji\u0146\u0161 TermaNova 200x60x1cm"},"content":{"rendered":"<p>Lieto&scaron;an\u0101 \u0113rts un vienk\u0101r&scaron;s t\u016brisma pakl\u0101ji\u0146&scaron;. Plat\u0101kais un gar\u0101kais  pakl\u0101ji\u0146&scaron; no pied\u0101v\u0101jum\u0101 eso&scaron;ajiem TermaNova pakl\u0101ji\u0146iem, ko nov\u0113rt\u0113s  gar\u0101ka auguma cilv\u0113ki. Pakl\u0101ji\u0146&scaron; veidots no putu materi\u0101la, neuzs\u016bc  mitrumu, t\u0101d\u0113j\u0101di \u013coti laba izv\u0113le laivot\u0101jiem. Specifik\u0101cija: Izm\u0113rs: 200x60x1cm Kr\u0101sa: Za\u013ca<\/p>\n","protected":false},"excerpt":{"rendered":"<p>Lieto&scaron;an\u0101 \u0113rts un vienk\u0101r&scaron;s t\u016brisma pakl\u0101ji\u0146&scaron;. Plat\u0101kais un gar\u0101kais pakl\u0101ji\u0146&scaron; no pied\u0101v\u0101jum\u0101 eso&scaron;ajiem TermaNova pakl\u0101ji\u0146iem, ko nov\u0113rt\u0113s gar\u0101ka auguma cilv\u0113ki. Pakl\u0101ji\u0146&scaron; veidots no putu materi\u0101la, neuzs\u016bc mitrumu, t\u0101d\u0113j\u0101di \u013coti laba izv\u0113le laivot\u0101jiem. Specifik\u0101cija: Izm\u0113rs: 200x60x1cm Kr\u0101sa: Za\u013ca<\/p>\n","protected":false},"featured_media":0,"template":"","meta":[],"product_brand":[],"product_cat":[4558,4663,4773],"product_tag":[],"class_list":{"0":"post-76619","1":"product","2":"type-product","3":"status-publish","5":"product_cat-for-tourism-recreation","6":"product_cat-mattresses-and-travel-mats-for-tourism-recreation","7":"product_cat-travel-mats-mattresses-and-travel-mats-for-tourism-recreation","9":"first","10":"instock","11":"shipping-taxable","12":"purchasable","13":"product-type-simple"},"_links":{"self":[{"href":"https:\/\/sezona.lv\/en\/wp-json\/wp\/v2\/product\/76619","targetHints":{"allow":["GET"]}}],"collection":[{"href":"https:\/\/sezona.lv\/en\/wp-json\/wp\/v2\/product"}],"about":[{"href":"https:\/\/sezona.lv\/en\/wp-json\/wp\/v2\/types\/product"}],"wp:attachment":[{"href":"https:\/\/sezona.lv\/en\/wp-json\/wp\/v2\/media?parent=76619"}],"wp:term":[{"taxonomy":"product_brand","embeddable":true,"href":"https:\/\/sezona.lv\/en\/wp-json\/wp\/v2\/product_brand?post=76619"},{"taxonomy":"product_cat","embeddable":true,"href":"https:\/\/sezona.lv\/en\/wp-json\/wp\/v2\/product_cat?post=76619"},{"taxonomy":"product_tag","embeddable":true,"href":"https:\/\/sezona.lv\/en\/wp-json\/wp\/v2\/product_tag?post=76619"}],"curies":[{"name":"wp","href":"https:\/\/api.w.org\/{rel}","templated":true}]}}