{"id":76620,"date":"2025-07-14T14:54:02","date_gmt":"2025-07-14T11:54:02","guid":{"rendered":"https:\/\/demo8.ecube.lv\/sezona.lv\/products\/turisma-paklajins-termanova-190x55x1-2cm\/"},"modified":"2025-07-14T14:54:02","modified_gmt":"2025-07-14T11:54:02","slug":"turisma-paklajins-termanova-190x55x1-2cm","status":"publish","type":"product","link":"https:\/\/sezona.lv\/en\/products\/turisma-paklajins-termanova-190x55x1-2cm\/","title":{"rendered":"T\u016brisma pakl\u0101ji\u0146\u0161 TermaNova 190x55x1,2cm"},"content":{"rendered":"<p>Vasaras t\u016brisma pakl\u0101ji\u0146&scaron;, kur&scaron; labi kalpos gan piedz\u012bvojumos, gan vienk\u0101r&scaron;\u0101 \u0123imenes piknik\u0101.<\/p>\n<p><strong>Izm\u0113rs:<\/strong> 190x55x1,2cm<\/p>\n<p>&nbsp;<\/p>\n","protected":false},"excerpt":{"rendered":"<p>Vasaras t\u016brisma pakl\u0101ji\u0146&scaron;, kur&scaron; labi kalpos gan piedz\u012bvojumos, gan vienk\u0101r&scaron;\u0101 \u0123imenes piknik\u0101. Izm\u0113rs: 190x55x1,2cm &nbsp;<\/p>\n","protected":false},"featured_media":0,"template":"","meta":[],"product_brand":[],"product_cat":[4558,4663,4773],"product_tag":[],"class_list":{"0":"post-76620","1":"product","2":"type-product","3":"status-publish","5":"product_cat-for-tourism-recreation","6":"product_cat-mattresses-and-travel-mats-for-tourism-recreation","7":"product_cat-travel-mats-mattresses-and-travel-mats-for-tourism-recreation","9":"first","10":"instock","11":"shipping-taxable","12":"purchasable","13":"product-type-simple"},"_links":{"self":[{"href":"https:\/\/sezona.lv\/en\/wp-json\/wp\/v2\/product\/76620","targetHints":{"allow":["GET"]}}],"collection":[{"href":"https:\/\/sezona.lv\/en\/wp-json\/wp\/v2\/product"}],"about":[{"href":"https:\/\/sezona.lv\/en\/wp-json\/wp\/v2\/types\/product"}],"wp:attachment":[{"href":"https:\/\/sezona.lv\/en\/wp-json\/wp\/v2\/media?parent=76620"}],"wp:term":[{"taxonomy":"product_brand","embeddable":true,"href":"https:\/\/sezona.lv\/en\/wp-json\/wp\/v2\/product_brand?post=76620"},{"taxonomy":"product_cat","embeddable":true,"href":"https:\/\/sezona.lv\/en\/wp-json\/wp\/v2\/product_cat?post=76620"},{"taxonomy":"product_tag","embeddable":true,"href":"https:\/\/sezona.lv\/en\/wp-json\/wp\/v2\/product_tag?post=76620"}],"curies":[{"name":"wp","href":"https:\/\/api.w.org\/{rel}","templated":true}]}}