{"id":76622,"date":"2025-07-14T14:54:04","date_gmt":"2025-07-14T11:54:04","guid":{"rendered":"https:\/\/demo8.ecube.lv\/sezona.lv\/products\/marmot-kalnu-telts-thor-3p\/"},"modified":"2025-07-14T14:54:04","modified_gmt":"2025-07-14T11:54:04","slug":"marmot-kalnu-telts-thor-3p","status":"publish","type":"product","link":"https:\/\/sezona.lv\/en\/products\/marmot-kalnu-telts-thor-3p\/","title":{"rendered":"Marmot kalnu telts Thor 3P"},"content":{"rendered":"<p>Uzlabot\u0101 Marmot Thor telts ir k\u013cuvusi v\u0113l stabil\u0101ka un \u0113rt\u0101ka. Pla&scaron;as  durvis un v\u0113jsargs nodro&scaron;in\u0101s papildus komfortu to lietojot. Teicama  telts kalnu eksped\u012bcij\u0101m, b\u0101zes nometn\u0113m un \u013coti mitriem laika  apst\u0101k\u013ciem.<\/p>\n<h4>Specifik\u0101cija<\/h4>\n<table style=\"height: 212px\" border=\"0\" width=\"620\">\n<tbody>\n<tr>\n<td><strong>Virs\u0113jais materi\u0101ls:<\/strong><\/td>\n<td>50d 100% Poly RS, Sil\/PU 3000mm F\/R<\/td>\n<\/tr>\n<tr>\n<td><strong>Gr\u012bdas materi\u0101ls:<\/strong><\/td>\n<td>70d 100% Nylon 10,000mm W\/R, F\/R<\/td>\n<\/tr>\n<tr>\n<td><strong>Iek&scaron;\u0113j\u0101s telts materi\u0101ls:<\/strong><\/td>\n<td>20d 100% Nylon No-See-Um Mesh F\/R | 40d 100% Nylon Ripstop, F\/R<\/td>\n<\/tr>\n<tr>\n<td><strong>Personu skaits:<\/strong><\/td>\n<td>3<\/td>\n<\/tr>\n<tr>\n<td><strong>Ieeju skaits:<\/strong><\/td>\n<td>2<\/td>\n<\/tr>\n<tr>\n<td><strong>Gr\u012bdas laukums:<\/strong><\/td>\n<td>4.4 m2<\/td>\n<\/tr>\n<tr>\n<td><strong>Izm\u0113rs:<\/strong><\/td>\n<td>118 x 185 x 234cm<\/td>\n<\/tr>\n<tr>\n<td><strong>Iepakojums:<\/strong><\/td>\n<td>564cm x 18 cm<\/td>\n<\/tr>\n<tr>\n<td><strong>Minim\u0101lais svars:<\/strong><\/td>\n<td>4610 grami<\/td>\n<\/tr>\n<tr>\n<td><strong>Pilnais svars:<\/strong><\/td>\n<td>5110 grami<\/td>\n<\/tr>\n<\/tbody>\n<\/table>\n<h4>Raksturojums:<\/h4>\n<ul>\n<li>Divas D tipa durvis<\/li>\n<li>P\u0101rl\u012bm\u0113tas &scaron;uves<\/li>\n<li>Iek&scaron;\u0113jie loku tune\u013ci<\/li>\n<li>Marmot ieloc\u012btie lokie<\/li>\n<li>Neskano&scaron;i r\u0101v\u0113jsl\u0113z\u0113ji<\/li>\n<li>DAC Featherlite NSL Loki<\/li>\n<li>Iek\u013cauts remonta komplekts<\/li>\n<li>Atstarojo&scaron;i elemeti<\/li>\n<\/ul>\n","protected":false},"excerpt":{"rendered":"<p>Uzlabot\u0101 Marmot Thor telts ir k\u013cuvusi v\u0113l stabil\u0101ka un \u0113rt\u0101ka. Pla&scaron;as durvis un v\u0113jsargs nodro&scaron;in\u0101s papildus komfortu to lietojot. Teicama telts kalnu eksped\u012bcij\u0101m, b\u0101zes nometn\u0113m un \u013coti mitriem laika apst\u0101k\u013ciem. Specifik\u0101cija Virs\u0113jais materi\u0101ls: 50d 100% Poly RS, Sil\/PU 3000mm F\/R Gr\u012bdas materi\u0101ls: 70d 100% Nylon 10,000mm W\/R, F\/R Iek&scaron;\u0113j\u0101s telts materi\u0101ls: 20d 100% Nylon No-See-Um [&hellip;]<\/p>\n","protected":false},"featured_media":0,"template":"","meta":[],"product_brand":[908],"product_cat":[4558,4568,4640,4955],"product_tag":[],"class_list":{"0":"post-76622","1":"product","2":"type-product","3":"status-publish","5":"product_brand-marmot","6":"product_cat-for-tourism-recreation","7":"product_cat-tents-for-tourism-recreation","8":"product_cat-recreation","9":"product_cat-marmot-tents-tents-for-tourism-recreation","11":"first","12":"instock","13":"shipping-taxable","14":"purchasable","15":"product-type-simple"},"_links":{"self":[{"href":"https:\/\/sezona.lv\/en\/wp-json\/wp\/v2\/product\/76622","targetHints":{"allow":["GET"]}}],"collection":[{"href":"https:\/\/sezona.lv\/en\/wp-json\/wp\/v2\/product"}],"about":[{"href":"https:\/\/sezona.lv\/en\/wp-json\/wp\/v2\/types\/product"}],"wp:attachment":[{"href":"https:\/\/sezona.lv\/en\/wp-json\/wp\/v2\/media?parent=76622"}],"wp:term":[{"taxonomy":"product_brand","embeddable":true,"href":"https:\/\/sezona.lv\/en\/wp-json\/wp\/v2\/product_brand?post=76622"},{"taxonomy":"product_cat","embeddable":true,"href":"https:\/\/sezona.lv\/en\/wp-json\/wp\/v2\/product_cat?post=76622"},{"taxonomy":"product_tag","embeddable":true,"href":"https:\/\/sezona.lv\/en\/wp-json\/wp\/v2\/product_tag?post=76622"}],"curies":[{"name":"wp","href":"https:\/\/api.w.org\/{rel}","templated":true}]}}