{"id":76624,"date":"2025-07-14T14:54:08","date_gmt":"2025-07-14T11:54:08","guid":{"rendered":"https:\/\/demo8.ecube.lv\/sezona.lv\/products\/leki-nujosanas-nujas-passion\/"},"modified":"2025-07-14T14:54:08","modified_gmt":"2025-07-14T11:54:08","slug":"leki-nujosanas-nujas-passion","status":"publish","type":"product","link":"https:\/\/sezona.lv\/en\/products\/leki-nujosanas-nujas-passion\/","title":{"rendered":"Leki n\u016bjo\u0161anas n\u016bjas Passion"},"content":{"rendered":"<div class=\"rte\">\n<p>N\u016bjo&scaron;ans n\u016bjas, kas ir izgatavotas no oglek\u013ca  &scaron;\u0137iedras. No\u0146emams cimdi\u0146&scaron; un main\u0101mi uzga\u013cu grozi\u0146i. Komplekt\u0101 ir  gumijas uzga\u013ci asfaltam.<\/p>\n<h4>Specifik\u0101cija:<\/h4>\n<p><strong>Garums:<\/strong> 100-135 cm ar 5 cm soli <br \/><strong>Rokturis:<\/strong> Nordic COR-TEC Tigger 1 <br \/><strong>Uzgalis:<\/strong> Karb\u012bda Flextip ar gumijas uzmavu &#8220;Powegrip Pad&#8221; <br \/><strong>Svars:<\/strong> 334 grami <br \/><strong>Diametrs:<\/strong> 16 mm <br \/><strong>Materi\u0101ls:<\/strong> Carbon &#8211; Carbon ratio 60% <br \/><strong>Lence (cimdi\u0146&scaron;):<\/strong> Power Tigger 1, regul\u0113jama no S l\u012bdz L izm\u0113ram <br \/><strong>P\u0101rkl\u0101jums:<\/strong> Ultra Sonic &#8211; kvalitat\u012bvs pul\u0113jums, \u013coti sp\u0113c\u012bgs aizsarglakojums, p\u0101rkl\u0101ts ar grafisku z\u012bm\u0113jumu<\/p>\n<\/div>\n","protected":false},"excerpt":{"rendered":"<p>N\u016bjo&scaron;ans n\u016bjas, kas ir izgatavotas no oglek\u013ca &scaron;\u0137iedras. No\u0146emams cimdi\u0146&scaron; un main\u0101mi uzga\u013cu grozi\u0146i. Komplekt\u0101 ir gumijas uzga\u013ci asfaltam. Specifik\u0101cija: Garums: 100-135 cm ar 5 cm soli Rokturis: Nordic COR-TEC Tigger 1 Uzgalis: Karb\u012bda Flextip ar gumijas uzmavu &#8220;Powegrip Pad&#8221; Svars: 334 grami Diametrs: 16 mm Materi\u0101ls: Carbon &#8211; Carbon ratio 60% Lence (cimdi\u0146&scaron;): Power [&hellip;]<\/p>\n","protected":false},"featured_media":0,"template":"","meta":[],"product_brand":[932],"product_cat":[4587,4602,4746,4747],"product_tag":[],"class_list":{"0":"post-76624","1":"product","2":"type-product","3":"status-publish","5":"product_brand-leki","6":"product_cat-sports","7":"product_cat-summer-sports-sports","8":"product_cat-nordic-walking-summer-sports-sports","9":"product_cat-walking-sticks-nordic-walking-summer-sports-sports","11":"first","12":"instock","13":"shipping-taxable","14":"purchasable","15":"product-type-simple"},"_links":{"self":[{"href":"https:\/\/sezona.lv\/en\/wp-json\/wp\/v2\/product\/76624","targetHints":{"allow":["GET"]}}],"collection":[{"href":"https:\/\/sezona.lv\/en\/wp-json\/wp\/v2\/product"}],"about":[{"href":"https:\/\/sezona.lv\/en\/wp-json\/wp\/v2\/types\/product"}],"wp:attachment":[{"href":"https:\/\/sezona.lv\/en\/wp-json\/wp\/v2\/media?parent=76624"}],"wp:term":[{"taxonomy":"product_brand","embeddable":true,"href":"https:\/\/sezona.lv\/en\/wp-json\/wp\/v2\/product_brand?post=76624"},{"taxonomy":"product_cat","embeddable":true,"href":"https:\/\/sezona.lv\/en\/wp-json\/wp\/v2\/product_cat?post=76624"},{"taxonomy":"product_tag","embeddable":true,"href":"https:\/\/sezona.lv\/en\/wp-json\/wp\/v2\/product_tag?post=76624"}],"curies":[{"name":"wp","href":"https:\/\/api.w.org\/{rel}","templated":true}]}}