{"id":76625,"date":"2025-07-14T14:54:08","date_gmt":"2025-07-14T11:54:08","guid":{"rendered":"https:\/\/demo8.ecube.lv\/sezona.lv\/products\/leki-uzgalis-4-in-1-basket\/"},"modified":"2025-07-14T14:54:08","modified_gmt":"2025-07-14T11:54:08","slug":"leki-uzgalis-4-in-1-basket","status":"publish","type":"product","link":"https:\/\/sezona.lv\/en\/products\/leki-uzgalis-4-in-1-basket\/","title":{"rendered":"Leki uzgalis 4 in 1 basket"},"content":{"rendered":"<p><span>Leki Speci\u0101ls uzgalis distan\u010du sl\u0113pju n\u016bj\u0101m. Tam ir \u010detri main\u0101mi izm\u0113ri S-M-L un Basic. To ir \u013coti \u0113rti un viegli regul\u0113t. &Scaron;is grozi\u0146&scaron; b\u016bs noder\u012bgs jebkuros sniega apst\u0101k\u013cos.<\/span><\/p>\n","protected":false},"excerpt":{"rendered":"<p>Leki Speci\u0101ls uzgalis distan\u010du sl\u0113pju n\u016bj\u0101m. Tam ir \u010detri main\u0101mi izm\u0113ri S-M-L un Basic. To ir \u013coti \u0113rti un viegli regul\u0113t. &Scaron;is grozi\u0146&scaron; b\u016bs noder\u012bgs jebkuros sniega apst\u0101k\u013cos.<\/p>\n","protected":false},"featured_media":0,"template":"","meta":[],"product_brand":[932],"product_cat":[4587,4602,4746,4749],"product_tag":[],"class_list":{"0":"post-76625","1":"product","2":"type-product","3":"status-publish","5":"product_brand-leki","6":"product_cat-sports","7":"product_cat-summer-sports-sports","8":"product_cat-nordic-walking-summer-sports-sports","9":"product_cat-walking-stick-accessories-nordic-walking-summer-sports-sports","11":"first","12":"instock","13":"shipping-taxable","14":"purchasable","15":"product-type-simple"},"_links":{"self":[{"href":"https:\/\/sezona.lv\/en\/wp-json\/wp\/v2\/product\/76625","targetHints":{"allow":["GET"]}}],"collection":[{"href":"https:\/\/sezona.lv\/en\/wp-json\/wp\/v2\/product"}],"about":[{"href":"https:\/\/sezona.lv\/en\/wp-json\/wp\/v2\/types\/product"}],"wp:attachment":[{"href":"https:\/\/sezona.lv\/en\/wp-json\/wp\/v2\/media?parent=76625"}],"wp:term":[{"taxonomy":"product_brand","embeddable":true,"href":"https:\/\/sezona.lv\/en\/wp-json\/wp\/v2\/product_brand?post=76625"},{"taxonomy":"product_cat","embeddable":true,"href":"https:\/\/sezona.lv\/en\/wp-json\/wp\/v2\/product_cat?post=76625"},{"taxonomy":"product_tag","embeddable":true,"href":"https:\/\/sezona.lv\/en\/wp-json\/wp\/v2\/product_tag?post=76625"}],"curies":[{"name":"wp","href":"https:\/\/api.w.org\/{rel}","templated":true}]}}