{"id":76627,"date":"2025-07-14T14:54:10","date_gmt":"2025-07-14T11:54:10","guid":{"rendered":"https:\/\/demo8.ecube.lv\/sezona.lv\/products\/leki-nujosanas-nuju-soma-nordic-walking-pole-bag-2\/"},"modified":"2025-07-14T14:54:10","modified_gmt":"2025-07-14T11:54:10","slug":"leki-nujosanas-nuju-soma-nordic-walking-pole-bag-2","status":"publish","type":"product","link":"https:\/\/sezona.lv\/en\/products\/leki-nujosanas-nuju-soma-nordic-walking-pole-bag-2\/","title":{"rendered":"Leki N\u016bjo\u0161anas n\u016bju soma Nordic Walking Pole Bag"},"content":{"rendered":"<p><span style=\"font-size: x-small\">Iztur\u012bga n\u016bjo&scaron;anans n\u016bju soma.&nbsp;<\/span><span style=\"font-size: x-small\">Piel\u0101gojamas da\u017e\u0101da garuma n\u016bj\u0101m.<\/span><\/p>\n<p><span style=\"font-size: x-small\"><strong><span style=\"color: #800000\">Specifik\u0101cija:<\/span><\/strong><\/span><\/p>\n<p><span style=\"font-size: x-small\"><strong>Materi\u0101ls:&nbsp;<\/strong>100% Neilons<br \/><strong>Garums:<\/strong>155cm<br \/><strong>Platums:<\/strong>&nbsp;13cm<br \/><strong>Svars:&nbsp;<\/strong>210 grami<br \/><strong>Kr\u0101sa:<\/strong>&nbsp;melna, sarkana<\/span><\/p>\n","protected":false},"excerpt":{"rendered":"<p>Iztur\u012bga n\u016bjo&scaron;anans n\u016bju soma.&nbsp;Piel\u0101gojamas da\u017e\u0101da garuma n\u016bj\u0101m. Specifik\u0101cija: Materi\u0101ls:&nbsp;100% NeilonsGarums:155cmPlatums:&nbsp;13cmSvars:&nbsp;210 gramiKr\u0101sa:&nbsp;melna, sarkana<\/p>\n","protected":false},"featured_media":0,"template":"","meta":[],"product_brand":[932],"product_cat":[4602,4746,4749],"product_tag":[],"class_list":{"0":"post-76627","1":"product","2":"type-product","3":"status-publish","5":"product_brand-leki","6":"product_cat-summer-sports-sports","7":"product_cat-nordic-walking-summer-sports-sports","8":"product_cat-walking-stick-accessories-nordic-walking-summer-sports-sports","10":"first","11":"instock","12":"shipping-taxable","13":"purchasable","14":"product-type-simple"},"_links":{"self":[{"href":"https:\/\/sezona.lv\/en\/wp-json\/wp\/v2\/product\/76627","targetHints":{"allow":["GET"]}}],"collection":[{"href":"https:\/\/sezona.lv\/en\/wp-json\/wp\/v2\/product"}],"about":[{"href":"https:\/\/sezona.lv\/en\/wp-json\/wp\/v2\/types\/product"}],"wp:attachment":[{"href":"https:\/\/sezona.lv\/en\/wp-json\/wp\/v2\/media?parent=76627"}],"wp:term":[{"taxonomy":"product_brand","embeddable":true,"href":"https:\/\/sezona.lv\/en\/wp-json\/wp\/v2\/product_brand?post=76627"},{"taxonomy":"product_cat","embeddable":true,"href":"https:\/\/sezona.lv\/en\/wp-json\/wp\/v2\/product_cat?post=76627"},{"taxonomy":"product_tag","embeddable":true,"href":"https:\/\/sezona.lv\/en\/wp-json\/wp\/v2\/product_tag?post=76627"}],"curies":[{"name":"wp","href":"https:\/\/api.w.org\/{rel}","templated":true}]}}