{"id":76628,"date":"2025-07-14T14:54:11","date_gmt":"2025-07-14T11:54:11","guid":{"rendered":"https:\/\/demo8.ecube.lv\/sezona.lv\/products\/leki-nuju-soma-trekking-pole-bag\/"},"modified":"2025-07-14T14:54:11","modified_gmt":"2025-07-14T11:54:11","slug":"leki-nuju-soma-trekking-pole-bag","status":"publish","type":"product","link":"https:\/\/sezona.lv\/en\/products\/leki-nuju-soma-trekking-pole-bag\/","title":{"rendered":"Leki N\u016bju soma Trekking Pole Bag"},"content":{"rendered":"<p>Iztur\u012bga n\u016bjo&scaron;anans n\u016bju vai trekinga n\u016bju soma. Piel\u0101gojamas da\u017e\u0101da garuma n\u016bj\u0101m.<\/p>\n<h4>Specifik\u0101cija:<\/h4>\n<table style=\"height: 107px\" border=\"0\" width=\"574\">\n<tbody>\n<tr>\n<td><strong>Materi\u0101ls:<\/strong><\/td>\n<td>100% neilons<\/td>\n<\/tr>\n<tr>\n<td><strong>Garums:<\/strong><\/td>\n<td>90 cm<\/td>\n<\/tr>\n<tr>\n<td><strong>Platums:<\/strong><\/td>\n<td>13 cm<\/td>\n<\/tr>\n<tr>\n<td><strong>Svars:<\/strong><\/td>\n<td>190 grami<\/td>\n<\/tr>\n<tr>\n<td><strong>Kr\u0101sa:<\/strong><\/td>\n<td>melna, sarkana<\/td>\n<\/tr>\n<\/tbody>\n<\/table>\n","protected":false},"excerpt":{"rendered":"<p>Iztur\u012bga n\u016bjo&scaron;anans n\u016bju vai trekinga n\u016bju soma. Piel\u0101gojamas da\u017e\u0101da garuma n\u016bj\u0101m. Specifik\u0101cija: Materi\u0101ls: 100% neilons Garums: 90 cm Platums: 13 cm Svars: 190 grami Kr\u0101sa: melna, sarkana<\/p>\n","protected":false},"featured_media":0,"template":"","meta":[],"product_brand":[932],"product_cat":[4587,4602,4746,4749],"product_tag":[],"class_list":{"0":"post-76628","1":"product","2":"type-product","3":"status-publish","5":"product_brand-leki","6":"product_cat-sports","7":"product_cat-summer-sports-sports","8":"product_cat-nordic-walking-summer-sports-sports","9":"product_cat-walking-stick-accessories-nordic-walking-summer-sports-sports","11":"first","12":"instock","13":"shipping-taxable","14":"purchasable","15":"product-type-simple"},"_links":{"self":[{"href":"https:\/\/sezona.lv\/en\/wp-json\/wp\/v2\/product\/76628","targetHints":{"allow":["GET"]}}],"collection":[{"href":"https:\/\/sezona.lv\/en\/wp-json\/wp\/v2\/product"}],"about":[{"href":"https:\/\/sezona.lv\/en\/wp-json\/wp\/v2\/types\/product"}],"wp:attachment":[{"href":"https:\/\/sezona.lv\/en\/wp-json\/wp\/v2\/media?parent=76628"}],"wp:term":[{"taxonomy":"product_brand","embeddable":true,"href":"https:\/\/sezona.lv\/en\/wp-json\/wp\/v2\/product_brand?post=76628"},{"taxonomy":"product_cat","embeddable":true,"href":"https:\/\/sezona.lv\/en\/wp-json\/wp\/v2\/product_cat?post=76628"},{"taxonomy":"product_tag","embeddable":true,"href":"https:\/\/sezona.lv\/en\/wp-json\/wp\/v2\/product_tag?post=76628"}],"curies":[{"name":"wp","href":"https:\/\/api.w.org\/{rel}","templated":true}]}}