{"id":76631,"date":"2025-07-14T14:54:13","date_gmt":"2025-07-14T11:54:13","guid":{"rendered":"https:\/\/demo8.ecube.lv\/sezona.lv\/products\/leki-rokturis-nordic-cortec-tigger-1-v2-16mm\/"},"modified":"2025-07-14T14:54:13","modified_gmt":"2025-07-14T11:54:13","slug":"leki-rokturis-nordic-cortec-tigger-1-v2-16mm","status":"publish","type":"product","link":"https:\/\/sezona.lv\/en\/products\/leki-rokturis-nordic-cortec-tigger-1-v2-16mm\/","title":{"rendered":"Leki Rokturis Nordic CorTec Tigger 1 V2 16mm"},"content":{"rendered":"<p><span>Rezerves rokturi Leki n\u016bjo&scaron;anas n\u016bj\u0101m. Komplekt\u0101 divi rokturi.<\/span><\/p>\n","protected":false},"excerpt":{"rendered":"<p>Rezerves rokturi Leki n\u016bjo&scaron;anas n\u016bj\u0101m. Komplekt\u0101 divi rokturi.<\/p>\n","protected":false},"featured_media":0,"template":"","meta":[],"product_brand":[932],"product_cat":[4587,4602,4746,4749],"product_tag":[],"class_list":{"0":"post-76631","1":"product","2":"type-product","3":"status-publish","5":"product_brand-leki","6":"product_cat-sports","7":"product_cat-summer-sports-sports","8":"product_cat-nordic-walking-summer-sports-sports","9":"product_cat-walking-stick-accessories-nordic-walking-summer-sports-sports","11":"first","12":"instock","13":"shipping-taxable","14":"purchasable","15":"product-type-simple"},"_links":{"self":[{"href":"https:\/\/sezona.lv\/en\/wp-json\/wp\/v2\/product\/76631","targetHints":{"allow":["GET"]}}],"collection":[{"href":"https:\/\/sezona.lv\/en\/wp-json\/wp\/v2\/product"}],"about":[{"href":"https:\/\/sezona.lv\/en\/wp-json\/wp\/v2\/types\/product"}],"wp:attachment":[{"href":"https:\/\/sezona.lv\/en\/wp-json\/wp\/v2\/media?parent=76631"}],"wp:term":[{"taxonomy":"product_brand","embeddable":true,"href":"https:\/\/sezona.lv\/en\/wp-json\/wp\/v2\/product_brand?post=76631"},{"taxonomy":"product_cat","embeddable":true,"href":"https:\/\/sezona.lv\/en\/wp-json\/wp\/v2\/product_cat?post=76631"},{"taxonomy":"product_tag","embeddable":true,"href":"https:\/\/sezona.lv\/en\/wp-json\/wp\/v2\/product_tag?post=76631"}],"curies":[{"name":"wp","href":"https:\/\/api.w.org\/{rel}","templated":true}]}}