{"id":76632,"date":"2025-07-11T15:52:07","date_gmt":"2025-07-11T12:52:07","guid":{"rendered":"https:\/\/demo8.ecube.lv\/sezona.lv\/products\/auto-ledusskapis-cruise-040-v\/"},"modified":"2025-07-14T14:54:14","modified_gmt":"2025-07-14T11:54:14","slug":"auto-ledusskapis-cruise-040-v","status":"publish","type":"product","link":"https:\/\/sezona.lv\/en\/products\/auto-ledusskapis-cruise-040-v\/","title":{"rendered":"Auto ledusskapis CRUISE 040\/V"},"content":{"rendered":"<p>40 litru sald\u0113tava ar L-veida iztvaic\u0113t\u0101ju. V\u0101ks ar gumijas bl\u012bv\u0113jumu siltumizol\u0101cijai. Ventil\u0113jamais kompresors vart tik uzst\u0101d\u012bts 1,5m att\u0101lum\u0101 no ledusskapja. Speci\u0101lu kompresoru var noteikt atsevi&scaron;\u0137i no ledusskapja att\u0101lum\u0101 l\u012bdz 1,5 m Parasti ir uzst\u0101d\u012bts uz jaht\u0101m un kuteriem.<\/p>\n<p><span><span>Tehniskie dati<\/span><\/span><\/p>\n<p>&nbsp;<\/p>\n<ul>\n<li>Tilpums: 40 litri<\/li>\n<li>Izm\u0113ri (AxPxD): 0x400x400+160 mm (kompresors)<\/li>\n<li>Svars: 16 kg (cruise 40) \/18 kg (cruise 40 EN)<\/li>\n<li>El.baro&scaron;ana: DC 12\/24 V<\/li>\n<li>Pat\u0113ri\u0146&scaron;: 13 W\/h<\/li>\n<li>Ieb\u016bv\u0113ts aukstuma akumulators (modelis EN)<\/li>\n<li>Temperat\u016bras diapazons: no +4<span>\u043e<\/span>\u0421 l\u012bdz -16<span>\u043e<\/span>\u0421<\/li>\n<li>Aizsardz\u012bbas izsl\u0113g&scaron;ana: 12V (9.5-11) \/ 24V (21-23)<\/li>\n<li>Ra\u017eot\u0101js: &ldquo;indel B&rdquo; (It\u0101lija)<\/li>\n<li>Ra\u017eot\u0101ja garantija: 2 gadi<\/li>\n<\/ul>\n","protected":false},"excerpt":{"rendered":"<p>40 litru sald\u0113tava ar L-veida iztvaic\u0113t\u0101ju. V\u0101ks ar gumijas bl\u012bv\u0113jumu siltumizol\u0101cijai. Ventil\u0113jamais kompresors vart tik uzst\u0101d\u012bts 1,5m att\u0101lum\u0101 no ledusskapja. Speci\u0101lu kompresoru var noteikt atsevi&scaron;\u0137i no ledusskapja att\u0101lum\u0101 l\u012bdz 1,5 m Parasti ir uzst\u0101d\u012bts uz jaht\u0101m un kuteriem. Tehniskie dati &nbsp; Tilpums: 40 litri Izm\u0113ri (AxPxD): 0x400x400+160 mm (kompresors) Svars: 16 kg (cruise 40) \/18 [&hellip;]<\/p>\n","protected":false},"featured_media":62219,"template":"","meta":[],"product_brand":[],"product_cat":[4631,4850],"product_tag":[],"class_list":{"0":"post-76632","1":"product","2":"type-product","3":"status-publish","4":"has-post-thumbnail","6":"product_cat-summer-seasonal-items","7":"product_cat-car-fridgers-summer-seasonal-items","9":"first","10":"instock","11":"shipping-taxable","12":"purchasable","13":"product-type-simple"},"_links":{"self":[{"href":"https:\/\/sezona.lv\/en\/wp-json\/wp\/v2\/product\/76632","targetHints":{"allow":["GET"]}}],"collection":[{"href":"https:\/\/sezona.lv\/en\/wp-json\/wp\/v2\/product"}],"about":[{"href":"https:\/\/sezona.lv\/en\/wp-json\/wp\/v2\/types\/product"}],"wp:featuredmedia":[{"embeddable":true,"href":"https:\/\/sezona.lv\/en\/wp-json\/wp\/v2\/media\/62219"}],"wp:attachment":[{"href":"https:\/\/sezona.lv\/en\/wp-json\/wp\/v2\/media?parent=76632"}],"wp:term":[{"taxonomy":"product_brand","embeddable":true,"href":"https:\/\/sezona.lv\/en\/wp-json\/wp\/v2\/product_brand?post=76632"},{"taxonomy":"product_cat","embeddable":true,"href":"https:\/\/sezona.lv\/en\/wp-json\/wp\/v2\/product_cat?post=76632"},{"taxonomy":"product_tag","embeddable":true,"href":"https:\/\/sezona.lv\/en\/wp-json\/wp\/v2\/product_tag?post=76632"}],"curies":[{"name":"wp","href":"https:\/\/api.w.org\/{rel}","templated":true}]}}