{"id":76633,"date":"2025-07-11T15:52:08","date_gmt":"2025-07-11T12:52:08","guid":{"rendered":"https:\/\/demo8.ecube.lv\/sezona.lv\/products\/auto-ledusskapis-cruise-041-v\/"},"modified":"2025-07-14T14:54:15","modified_gmt":"2025-07-14T11:54:15","slug":"auto-ledusskapis-cruise-041-v","status":"publish","type":"product","link":"https:\/\/sezona.lv\/en\/products\/auto-ledusskapis-cruise-041-v\/","title":{"rendered":"Auto ledusskapis CRUISE 041\/V"},"content":{"rendered":"<p>&Scaron;\u012b ledusskapja iek&scaron;\u0113j\u0101 da\u013ca ir izgatavota no ner\u016bs\u0113jo&scaron;\u0101 t\u0113rauda. Komplekt\u0101- grozs. Bieza izol\u0101cija un gumijas bl\u012bve uz v\u0101ka. Ventil\u0113jamais kompresors var tikt uzst\u0101d\u012bts atsevi&scaron;\u0137i no ledusskapja l\u012bdz 1,5m att\u0101lum\u0101 no t\u0101.<br \/><span><span>Tehniskie dati<\/span><\/span><\/p>\n<ul>\n<li>Tilpums: 41 litrs<\/li>\n<li>Izm\u0113ri (AxPxD): 465+160 (kompresors) x340x500mm<\/li>\n<li>Svars: 18 kg<\/li>\n<li>El.baro&scaron;ana: DC 12\/24 V<\/li>\n<li>Pat\u0113ri\u0146&scaron;: 14 W\/h<\/li>\n<li>Aizsardz\u012bbas izsl\u0113g&scaron;ana: 12V (9.5-11) \/ 24V (21-23)<\/li>\n<li>Temperat\u016bras diapazons: no +4<span>\u043e<\/span>\u0421 l\u012bdz -16<span>\u043e<\/span>\u0421<\/li>\n<li>Ra\u017eot\u0101js: &ldquo;indel B&rdquo; (It\u0101lija)<\/li>\n<li>Ra\u017eot\u0101ja garantija: 2 gadi<\/li>\n<\/ul>\n","protected":false},"excerpt":{"rendered":"<p>&Scaron;\u012b ledusskapja iek&scaron;\u0113j\u0101 da\u013ca ir izgatavota no ner\u016bs\u0113jo&scaron;\u0101 t\u0113rauda. Komplekt\u0101- grozs. Bieza izol\u0101cija un gumijas bl\u012bve uz v\u0101ka. Ventil\u0113jamais kompresors var tikt uzst\u0101d\u012bts atsevi&scaron;\u0137i no ledusskapja l\u012bdz 1,5m att\u0101lum\u0101 no t\u0101.Tehniskie dati Tilpums: 41 litrs Izm\u0113ri (AxPxD): 465+160 (kompresors) x340x500mm Svars: 18 kg El.baro&scaron;ana: DC 12\/24 V Pat\u0113ri\u0146&scaron;: 14 W\/h Aizsardz\u012bbas izsl\u0113g&scaron;ana: 12V (9.5-11) \/ [&hellip;]<\/p>\n","protected":false},"featured_media":62222,"template":"","meta":[],"product_brand":[],"product_cat":[4631,4850],"product_tag":[],"class_list":{"0":"post-76633","1":"product","2":"type-product","3":"status-publish","4":"has-post-thumbnail","6":"product_cat-summer-seasonal-items","7":"product_cat-car-fridgers-summer-seasonal-items","9":"first","10":"instock","11":"shipping-taxable","12":"purchasable","13":"product-type-simple"},"_links":{"self":[{"href":"https:\/\/sezona.lv\/en\/wp-json\/wp\/v2\/product\/76633","targetHints":{"allow":["GET"]}}],"collection":[{"href":"https:\/\/sezona.lv\/en\/wp-json\/wp\/v2\/product"}],"about":[{"href":"https:\/\/sezona.lv\/en\/wp-json\/wp\/v2\/types\/product"}],"wp:featuredmedia":[{"embeddable":true,"href":"https:\/\/sezona.lv\/en\/wp-json\/wp\/v2\/media\/62222"}],"wp:attachment":[{"href":"https:\/\/sezona.lv\/en\/wp-json\/wp\/v2\/media?parent=76633"}],"wp:term":[{"taxonomy":"product_brand","embeddable":true,"href":"https:\/\/sezona.lv\/en\/wp-json\/wp\/v2\/product_brand?post=76633"},{"taxonomy":"product_cat","embeddable":true,"href":"https:\/\/sezona.lv\/en\/wp-json\/wp\/v2\/product_cat?post=76633"},{"taxonomy":"product_tag","embeddable":true,"href":"https:\/\/sezona.lv\/en\/wp-json\/wp\/v2\/product_tag?post=76633"}],"curies":[{"name":"wp","href":"https:\/\/api.w.org\/{rel}","templated":true}]}}