{"id":76635,"date":"2025-07-11T15:52:10","date_gmt":"2025-07-11T12:52:10","guid":{"rendered":"https:\/\/demo8.ecube.lv\/sezona.lv\/products\/auto-ledusskapis-cruise-042-v\/"},"modified":"2025-07-14T14:54:17","modified_gmt":"2025-07-14T11:54:17","slug":"auto-ledusskapis-cruise-042-v","status":"publish","type":"product","link":"https:\/\/sezona.lv\/en\/products\/auto-ledusskapis-cruise-042-v\/","title":{"rendered":"Auto ledusskapis CRUISE 042\/V"},"content":{"rendered":"<p>Maz\u0101kais s\u0113rijas Cruise vertik\u0101lais ledusskapis ar durv\u012bm. Ventil\u0113jamais kompresors var tikt uzst\u0101d\u012bts atsevi&scaron;\u0137i no ledusskapja l\u012bdz 1,5m att\u0101lum\u0101 no t\u0101.<\/p>\n<p><span><span>Tehniskie dati<\/span><\/span><\/p>\n<ul>\n<li>Tilpums: 42 litri<\/li>\n<li>Izm\u0113ri (AxPxD): 520x380x360+160 mm (kompresors)<\/li>\n<li>Svars: 16 kg \/ 18 kg<\/li>\n<li>El.baro&scaron;ana: DC 12\/24 V (p\u0113c pas\u016bt\u012bt\u0101ja v\u0113l\u0113&scaron;an\u0101s AC 110\/220 V)<\/li>\n<li>Pat\u0113ri\u0146&scaron;: 13 W\/h<\/li>\n<li>Aizsardz\u012bbas izsl\u0113g&scaron;ana: 12V (9.5-11) \/ 24V (21-23)<\/li>\n<li>Pat\u0113r\u0113t\u0101 str\u0101va vid.\/max. t\u012bkl\u0101: 0,6\/2,7 A<\/li>\n<li>Ieb\u016bv\u0113ts aukstuma akumulators (tikai EN modelim)<\/li>\n<li>Ra\u017eot\u0101js: &ldquo;indel B&rdquo; (It\u0101lija)<\/li>\n<li>Ra\u017eot\u0101ja garantija: 2 gadi<\/li>\n<\/ul>\n","protected":false},"excerpt":{"rendered":"<p>Maz\u0101kais s\u0113rijas Cruise vertik\u0101lais ledusskapis ar durv\u012bm. Ventil\u0113jamais kompresors var tikt uzst\u0101d\u012bts atsevi&scaron;\u0137i no ledusskapja l\u012bdz 1,5m att\u0101lum\u0101 no t\u0101. Tehniskie dati Tilpums: 42 litri Izm\u0113ri (AxPxD): 520x380x360+160 mm (kompresors) Svars: 16 kg \/ 18 kg El.baro&scaron;ana: DC 12\/24 V (p\u0113c pas\u016bt\u012bt\u0101ja v\u0113l\u0113&scaron;an\u0101s AC 110\/220 V) Pat\u0113ri\u0146&scaron;: 13 W\/h Aizsardz\u012bbas izsl\u0113g&scaron;ana: 12V (9.5-11) \/ 24V [&hellip;]<\/p>\n","protected":false},"featured_media":62228,"template":"","meta":[],"product_brand":[],"product_cat":[4631,4850],"product_tag":[],"class_list":{"0":"post-76635","1":"product","2":"type-product","3":"status-publish","4":"has-post-thumbnail","6":"product_cat-summer-seasonal-items","7":"product_cat-car-fridgers-summer-seasonal-items","9":"first","10":"instock","11":"shipping-taxable","12":"purchasable","13":"product-type-simple"},"_links":{"self":[{"href":"https:\/\/sezona.lv\/en\/wp-json\/wp\/v2\/product\/76635","targetHints":{"allow":["GET"]}}],"collection":[{"href":"https:\/\/sezona.lv\/en\/wp-json\/wp\/v2\/product"}],"about":[{"href":"https:\/\/sezona.lv\/en\/wp-json\/wp\/v2\/types\/product"}],"wp:featuredmedia":[{"embeddable":true,"href":"https:\/\/sezona.lv\/en\/wp-json\/wp\/v2\/media\/62228"}],"wp:attachment":[{"href":"https:\/\/sezona.lv\/en\/wp-json\/wp\/v2\/media?parent=76635"}],"wp:term":[{"taxonomy":"product_brand","embeddable":true,"href":"https:\/\/sezona.lv\/en\/wp-json\/wp\/v2\/product_brand?post=76635"},{"taxonomy":"product_cat","embeddable":true,"href":"https:\/\/sezona.lv\/en\/wp-json\/wp\/v2\/product_cat?post=76635"},{"taxonomy":"product_tag","embeddable":true,"href":"https:\/\/sezona.lv\/en\/wp-json\/wp\/v2\/product_tag?post=76635"}],"curies":[{"name":"wp","href":"https:\/\/api.w.org\/{rel}","templated":true}]}}