{"id":76639,"date":"2025-07-11T15:52:14","date_gmt":"2025-07-11T12:52:14","guid":{"rendered":"https:\/\/demo8.ecube.lv\/sezona.lv\/products\/auto-ledusskapis-cruise-065-v\/"},"modified":"2025-07-14T14:54:21","modified_gmt":"2025-07-14T11:54:21","slug":"auto-ledusskapis-cruise-065-v","status":"publish","type":"product","link":"https:\/\/sezona.lv\/en\/products\/auto-ledusskapis-cruise-065-v\/","title":{"rendered":"Auto ledusskapis CRUISE 065\/V"},"content":{"rendered":"<p>Lielais apjoms un pastiprin\u0101tas durvis, kas \u013cauj uzglab\u0101t plauktos iev\u0113rojami lielu skaitu pude\u013cu ar dz\u0113rieniem. Kompresors ir uzst\u0101d\u012bts ledusskapja aug&scaron;da\u013c\u0101. Ir iek&scaron;\u0113jais apgaismojums.<\/p>\n<p><span><span>Tehniskie dati<\/span><\/span><\/p>\n<ul>\n<li>Tilpums: 65 litri<\/li>\n<li>Iek&scaron;\u0113jais apgaismojums<\/li>\n<li>Izm\u0113ri (AxPxD): 530x450x550mm<\/li>\n<li>Svars: 18 kg \/ 20 kg<\/li>\n<li>El.baro&scaron;ana: DC 12\/24 V (p\u0113c pas\u016bt\u012bt\u0101ja v\u0113l\u0113&scaron;an\u0101s AC 110\/220 V)<\/li>\n<li>Pat\u0113ri\u0146&scaron;: 15 W\/h<\/li>\n<li>Pat\u0113r\u0113t\u0101 str\u0101va vid.\/max. t\u012bkl\u0101: 0,7\/2,7 A<\/li>\n<li>Aizsardz\u012bbas izsl\u0113g&scaron;ana: 12V (9.5-11) \/ 24V (21-23)<\/li>\n<li>Ieb\u016bv\u0113ts aukstuma akumulators (tikai CRUISE 065\/E mode\u013ciem)<\/li>\n<li>Ra\u017eot\u0101js: &ldquo;indel B&rdquo; (It\u0101lija)<\/li>\n<li>Ra\u017eot\u0101ja garantija: 2 gadi<\/li>\n<\/ul>\n","protected":false},"excerpt":{"rendered":"<p>Lielais apjoms un pastiprin\u0101tas durvis, kas \u013cauj uzglab\u0101t plauktos iev\u0113rojami lielu skaitu pude\u013cu ar dz\u0113rieniem. Kompresors ir uzst\u0101d\u012bts ledusskapja aug&scaron;da\u013c\u0101. Ir iek&scaron;\u0113jais apgaismojums. Tehniskie dati Tilpums: 65 litri Iek&scaron;\u0113jais apgaismojums Izm\u0113ri (AxPxD): 530x450x550mm Svars: 18 kg \/ 20 kg El.baro&scaron;ana: DC 12\/24 V (p\u0113c pas\u016bt\u012bt\u0101ja v\u0113l\u0113&scaron;an\u0101s AC 110\/220 V) Pat\u0113ri\u0146&scaron;: 15 W\/h Pat\u0113r\u0113t\u0101 str\u0101va vid.\/max. [&hellip;]<\/p>\n","protected":false},"featured_media":62240,"template":"","meta":[],"product_brand":[],"product_cat":[4631,4850],"product_tag":[],"class_list":{"0":"post-76639","1":"product","2":"type-product","3":"status-publish","4":"has-post-thumbnail","6":"product_cat-summer-seasonal-items","7":"product_cat-car-fridgers-summer-seasonal-items","9":"first","10":"instock","11":"shipping-taxable","12":"purchasable","13":"product-type-simple"},"_links":{"self":[{"href":"https:\/\/sezona.lv\/en\/wp-json\/wp\/v2\/product\/76639","targetHints":{"allow":["GET"]}}],"collection":[{"href":"https:\/\/sezona.lv\/en\/wp-json\/wp\/v2\/product"}],"about":[{"href":"https:\/\/sezona.lv\/en\/wp-json\/wp\/v2\/types\/product"}],"wp:featuredmedia":[{"embeddable":true,"href":"https:\/\/sezona.lv\/en\/wp-json\/wp\/v2\/media\/62240"}],"wp:attachment":[{"href":"https:\/\/sezona.lv\/en\/wp-json\/wp\/v2\/media?parent=76639"}],"wp:term":[{"taxonomy":"product_brand","embeddable":true,"href":"https:\/\/sezona.lv\/en\/wp-json\/wp\/v2\/product_brand?post=76639"},{"taxonomy":"product_cat","embeddable":true,"href":"https:\/\/sezona.lv\/en\/wp-json\/wp\/v2\/product_cat?post=76639"},{"taxonomy":"product_tag","embeddable":true,"href":"https:\/\/sezona.lv\/en\/wp-json\/wp\/v2\/product_tag?post=76639"}],"curies":[{"name":"wp","href":"https:\/\/api.w.org\/{rel}","templated":true}]}}