{"id":76642,"date":"2025-07-11T15:52:17","date_gmt":"2025-07-11T12:52:17","guid":{"rendered":"https:\/\/demo8.ecube.lv\/sezona.lv\/products\/auto-ledusskapis-cruise-090-fr\/"},"modified":"2025-07-14T14:54:23","modified_gmt":"2025-07-14T11:54:23","slug":"auto-ledusskapis-cruise-090-fr","status":"publish","type":"product","link":"https:\/\/sezona.lv\/en\/products\/auto-ledusskapis-cruise-090-fr\/","title":{"rendered":"Auto ledusskapis CRUISE 090\/FR"},"content":{"rendered":"<p>Ar t\u0101diem pa&scaron;iem izm\u0113riem k\u0101 CRUISE 130\/V, bet ar paaugstin\u0101tu izol\u0101ciju, &scaron;\u012b sald\u0113tavasr tilpums ir 90 litri. 3 plaukti un 4 atdal\u012btas un aizveramas noda\u013cas.<\/p>\n<p><span><span>Tehniskie dati<\/span><\/span><\/p>\n<ul>\n<li>Tilpums: 90 litri<\/li>\n<li>Izm\u0113ri (AxPxD): 750x525x550mm<\/li>\n<li>Svars: 24 kg<\/li>\n<li>El.baro&scaron;ana: DC 12\/24 V (p\u0113c pas\u016bt\u012bt\u0101ja v\u0113l\u0113&scaron;an\u0101s AC 110\/220 V)<\/li>\n<li>Pat\u0113ri\u0146&scaron;: 20 W\/h<\/li>\n<li>Aizsardz\u012bbas izsl\u0113g&scaron;ana: 12V (9.5-11) \/ 24V (21-23)<\/li>\n<li>Ra\u017eot\u0101js: &ldquo;indel B&rdquo; (It\u0101lija)<\/li>\n<li>Ra\u017eot\u0101ja garantija: 2 gadi<\/li>\n<\/ul>\n","protected":false},"excerpt":{"rendered":"<p>Ar t\u0101diem pa&scaron;iem izm\u0113riem k\u0101 CRUISE 130\/V, bet ar paaugstin\u0101tu izol\u0101ciju, &scaron;\u012b sald\u0113tavasr tilpums ir 90 litri. 3 plaukti un 4 atdal\u012btas un aizveramas noda\u013cas. Tehniskie dati Tilpums: 90 litri Izm\u0113ri (AxPxD): 750x525x550mm Svars: 24 kg El.baro&scaron;ana: DC 12\/24 V (p\u0113c pas\u016bt\u012bt\u0101ja v\u0113l\u0113&scaron;an\u0101s AC 110\/220 V) Pat\u0113ri\u0146&scaron;: 20 W\/h Aizsardz\u012bbas izsl\u0113g&scaron;ana: 12V (9.5-11) \/ 24V [&hellip;]<\/p>\n","protected":false},"featured_media":62249,"template":"","meta":[],"product_brand":[],"product_cat":[4631,4850],"product_tag":[],"class_list":{"0":"post-76642","1":"product","2":"type-product","3":"status-publish","4":"has-post-thumbnail","6":"product_cat-summer-seasonal-items","7":"product_cat-car-fridgers-summer-seasonal-items","9":"first","10":"instock","11":"shipping-taxable","12":"purchasable","13":"product-type-simple"},"_links":{"self":[{"href":"https:\/\/sezona.lv\/en\/wp-json\/wp\/v2\/product\/76642","targetHints":{"allow":["GET"]}}],"collection":[{"href":"https:\/\/sezona.lv\/en\/wp-json\/wp\/v2\/product"}],"about":[{"href":"https:\/\/sezona.lv\/en\/wp-json\/wp\/v2\/types\/product"}],"wp:featuredmedia":[{"embeddable":true,"href":"https:\/\/sezona.lv\/en\/wp-json\/wp\/v2\/media\/62249"}],"wp:attachment":[{"href":"https:\/\/sezona.lv\/en\/wp-json\/wp\/v2\/media?parent=76642"}],"wp:term":[{"taxonomy":"product_brand","embeddable":true,"href":"https:\/\/sezona.lv\/en\/wp-json\/wp\/v2\/product_brand?post=76642"},{"taxonomy":"product_cat","embeddable":true,"href":"https:\/\/sezona.lv\/en\/wp-json\/wp\/v2\/product_cat?post=76642"},{"taxonomy":"product_tag","embeddable":true,"href":"https:\/\/sezona.lv\/en\/wp-json\/wp\/v2\/product_tag?post=76642"}],"curies":[{"name":"wp","href":"https:\/\/api.w.org\/{rel}","templated":true}]}}