{"id":76645,"date":"2025-07-11T15:52:21","date_gmt":"2025-07-11T12:52:21","guid":{"rendered":"https:\/\/demo8.ecube.lv\/sezona.lv\/products\/auto-ledusskapis-cruise-130-e\/"},"modified":"2025-07-14T14:54:26","modified_gmt":"2025-07-14T11:54:26","slug":"auto-ledusskapis-cruise-130-e","status":"publish","type":"product","link":"https:\/\/sezona.lv\/en\/products\/auto-ledusskapis-cruise-130-e\/","title":{"rendered":"Auto ledusskapis CRUISE 130\/E"},"content":{"rendered":"<p>130 litru ledusskapis ar sald\u0113tavu, nodal\u012bjumu priek&scaron; d\u0101rze\u0146iem, stikla plauktu, 2 plauktiem skap\u012b un 3 uz durv\u012bm. Kompresors atrodas ledusskapja aug&scaron;da\u013c\u0101. Ir iek&scaron;\u0113jais apgaismojums.<\/p>\n<p><span><span>Tehniskie dati<\/span><\/span><\/p>\n<ul>\n<li>Tilpums: 130 litri<\/li>\n<li>Iek&scaron;\u0113jais apgaismojums<\/li>\n<li>Izm\u0113ri (AxPxD): 750x525x550 mm<\/li>\n<li>Svars: 24\/26 kg<\/li>\n<li>El.baro&scaron;ana: DC 12\/24 V (p\u0113c pas\u016bt\u012bt\u0101ja v\u0113l\u0113&scaron;an\u0101s AC 110\/220 V)<\/li>\n<li>Pat\u0113ri\u0146&scaron;: 20 W\/h<\/li>\n<li>Aizsardz\u012bbas izsl\u0113g&scaron;ana: 12V (9.5-11) \/ 24V (21-23)<\/li>\n<li>Pat\u0113r\u0113t\u0101 str\u0101va vid\u0113j\u0101\/max. t\u012bkl\u0101: 1,1\/5,0 A<\/li>\n<li>Ieb\u016bv\u0113ts aukstuma akumulators (modelis CRUISE 130\/E)<\/li>\n<li>Ra\u017eot\u0101js: &ldquo;indel B&rdquo; (It\u0101lija)<\/li>\n<li>Ra\u017eot\u0101ja garantija: 2 gadi<\/li>\n<\/ul>\n","protected":false},"excerpt":{"rendered":"<p>130 litru ledusskapis ar sald\u0113tavu, nodal\u012bjumu priek&scaron; d\u0101rze\u0146iem, stikla plauktu, 2 plauktiem skap\u012b un 3 uz durv\u012bm. Kompresors atrodas ledusskapja aug&scaron;da\u013c\u0101. Ir iek&scaron;\u0113jais apgaismojums. Tehniskie dati Tilpums: 130 litri Iek&scaron;\u0113jais apgaismojums Izm\u0113ri (AxPxD): 750x525x550 mm Svars: 24\/26 kg El.baro&scaron;ana: DC 12\/24 V (p\u0113c pas\u016bt\u012bt\u0101ja v\u0113l\u0113&scaron;an\u0101s AC 110\/220 V) Pat\u0113ri\u0146&scaron;: 20 W\/h Aizsardz\u012bbas izsl\u0113g&scaron;ana: 12V (9.5-11) [&hellip;]<\/p>\n","protected":false},"featured_media":62258,"template":"","meta":[],"product_brand":[],"product_cat":[4631,4850],"product_tag":[],"class_list":{"0":"post-76645","1":"product","2":"type-product","3":"status-publish","4":"has-post-thumbnail","6":"product_cat-summer-seasonal-items","7":"product_cat-car-fridgers-summer-seasonal-items","9":"first","10":"instock","11":"shipping-taxable","12":"purchasable","13":"product-type-simple"},"_links":{"self":[{"href":"https:\/\/sezona.lv\/en\/wp-json\/wp\/v2\/product\/76645","targetHints":{"allow":["GET"]}}],"collection":[{"href":"https:\/\/sezona.lv\/en\/wp-json\/wp\/v2\/product"}],"about":[{"href":"https:\/\/sezona.lv\/en\/wp-json\/wp\/v2\/types\/product"}],"wp:featuredmedia":[{"embeddable":true,"href":"https:\/\/sezona.lv\/en\/wp-json\/wp\/v2\/media\/62258"}],"wp:attachment":[{"href":"https:\/\/sezona.lv\/en\/wp-json\/wp\/v2\/media?parent=76645"}],"wp:term":[{"taxonomy":"product_brand","embeddable":true,"href":"https:\/\/sezona.lv\/en\/wp-json\/wp\/v2\/product_brand?post=76645"},{"taxonomy":"product_cat","embeddable":true,"href":"https:\/\/sezona.lv\/en\/wp-json\/wp\/v2\/product_cat?post=76645"},{"taxonomy":"product_tag","embeddable":true,"href":"https:\/\/sezona.lv\/en\/wp-json\/wp\/v2\/product_tag?post=76645"}],"curies":[{"name":"wp","href":"https:\/\/api.w.org\/{rel}","templated":true}]}}