{"id":76648,"date":"2025-07-11T15:52:24","date_gmt":"2025-07-11T12:52:24","guid":{"rendered":"https:\/\/demo8.ecube.lv\/sezona.lv\/products\/auto-ledusskapis-cruise-49-drawer\/"},"modified":"2025-07-14T14:54:29","modified_gmt":"2025-07-14T11:54:29","slug":"auto-ledusskapis-cruise-49-drawer","status":"publish","type":"product","link":"https:\/\/sezona.lv\/en\/products\/auto-ledusskapis-cruise-49-drawer\/","title":{"rendered":"Auto ledusskapis CRUISE 49 DRAWER"},"content":{"rendered":"<p>&nbsp;<\/p>\n<div class=\"ma-main-container col2-right-layout\">\n<div class=\"container\">\n<div class=\"main\">\n<div class=\"main-inner\">\n<div class=\"row\">\n<div class=\"col-main col-xs-12 col-sm-9\">\n<div class=\"product-view\">\n<div class=\"product-essential\">\n<div class=\"row\">\n<div class=\"product-shop col-sm-7 col-md-87 col-sms-8 col-smb-12\">\n<div class=\"short-description\">\n<div class=\"std\">Tilpums: 49L<br \/>Iek&scaron;\u0113jais apgaismojums<br \/>Izm\u0113ri: 520x380x520mm<br \/>Svars: 21kg<br \/>El.baro&scaron;ana: DC 12\/24 V (p\u0113c v\u0113l\u0113&scaron;an\u0101s var pas\u016bt\u012bt AC 110\/220 V)<br \/>El.pat\u0113ri\u0146&scaron;: 13W\/h<br \/>Str\u0101va: 12 V (9.5-11) \/ 24 V (21-23)<br \/>T\u012bkla min. un max. str\u0101vas stiprums V: 0,6\/2,7 \u0410<br \/>Temperat\u016bra: no +5 \u043e\u0421 l\u012bdz -12 \u043e\u0421<\/p>\n<p>Ra\u017eots It\u0101lij\u0101<\/p><\/div>\n<\/div>\n<\/div>\n<\/div>\n<\/div>\n<\/div>\n<\/div>\n<\/div>\n<\/div>\n<\/div>\n<\/div>\n<\/div>\n","protected":false},"excerpt":{"rendered":"<p>&nbsp; Tilpums: 49LIek&scaron;\u0113jais apgaismojumsIzm\u0113ri: 520x380x520mmSvars: 21kgEl.baro&scaron;ana: DC 12\/24 V (p\u0113c v\u0113l\u0113&scaron;an\u0101s var pas\u016bt\u012bt AC 110\/220 V)El.pat\u0113ri\u0146&scaron;: 13W\/hStr\u0101va: 12 V (9.5-11) \/ 24 V (21-23)T\u012bkla min. un max. str\u0101vas stiprums V: 0,6\/2,7 \u0410Temperat\u016bra: no +5 \u043e\u0421 l\u012bdz -12 \u043e\u0421 Ra\u017eots It\u0101lij\u0101<\/p>\n","protected":false},"featured_media":62267,"template":"","meta":[],"product_brand":[],"product_cat":[4631,4850],"product_tag":[],"class_list":{"0":"post-76648","1":"product","2":"type-product","3":"status-publish","4":"has-post-thumbnail","6":"product_cat-summer-seasonal-items","7":"product_cat-car-fridgers-summer-seasonal-items","9":"first","10":"instock","11":"shipping-taxable","12":"purchasable","13":"product-type-simple"},"_links":{"self":[{"href":"https:\/\/sezona.lv\/en\/wp-json\/wp\/v2\/product\/76648","targetHints":{"allow":["GET"]}}],"collection":[{"href":"https:\/\/sezona.lv\/en\/wp-json\/wp\/v2\/product"}],"about":[{"href":"https:\/\/sezona.lv\/en\/wp-json\/wp\/v2\/types\/product"}],"wp:featuredmedia":[{"embeddable":true,"href":"https:\/\/sezona.lv\/en\/wp-json\/wp\/v2\/media\/62267"}],"wp:attachment":[{"href":"https:\/\/sezona.lv\/en\/wp-json\/wp\/v2\/media?parent=76648"}],"wp:term":[{"taxonomy":"product_brand","embeddable":true,"href":"https:\/\/sezona.lv\/en\/wp-json\/wp\/v2\/product_brand?post=76648"},{"taxonomy":"product_cat","embeddable":true,"href":"https:\/\/sezona.lv\/en\/wp-json\/wp\/v2\/product_cat?post=76648"},{"taxonomy":"product_tag","embeddable":true,"href":"https:\/\/sezona.lv\/en\/wp-json\/wp\/v2\/product_tag?post=76648"}],"curies":[{"name":"wp","href":"https:\/\/api.w.org\/{rel}","templated":true}]}}