{"id":76649,"date":"2025-07-11T15:52:27","date_gmt":"2025-07-11T12:52:27","guid":{"rendered":"https:\/\/demo8.ecube.lv\/sezona.lv\/products\/auto-ledusskapis-frigocat-12v\/"},"modified":"2025-07-14T14:54:30","modified_gmt":"2025-07-14T11:54:30","slug":"auto-ledusskapis-frigocat-12v","status":"publish","type":"product","link":"https:\/\/sezona.lv\/en\/products\/auto-ledusskapis-frigocat-12v\/","title":{"rendered":"Auto ledusskapis FRIGOCAT 12V"},"content":{"rendered":"<p>Unik\u0101ls ar saviem maziem izm\u0113riem un iesp\u0113ju&nbsp; uzst\u0101d\u012bt iek&scaron;\u0113jo ledusskapja temperat\u016bru l\u012bdz pat 30<span>\u043e<\/span>\u0421 zem\u0101ku par apk\u0101rt\u0113j\u0101s vides temperat\u016bru. Iesp\u0113jama uzst\u0101d\u012b&scaron;ana automa&scaron;\u012bnas salon\u0101 starp s\u0113dviet\u0101m.<\/p>\n<p><span><span>Tehniskie dati<\/span><\/span><\/p>\n<ul>\n<li>Temperat\u016bra : +2<span>\u043e<\/span>\u0421 (pie \u0101r\u0113j\u0101s temperat\u016bras +32<span>\u043e<\/span>\u0421)<\/li>\n<li>Darba spriegums : 12 V<\/li>\n<li>Tilpums: 7 litri<\/li>\n<li>Jauda : 50 W<\/li>\n<li>Izm\u0113ri (AxPxD): 430\u0445160\u0445276 mm<\/li>\n<li>Svars: 6 kg<\/li>\n<li>Stiprin\u0101jums ietilpst komplekt\u0101<\/li>\n<li>Ra\u017eot\u0101js: &ldquo;indel B&rdquo; (It\u0101lija)<\/li>\n<li>Ra\u017eot\u0101ja garantija: 2 gadi<\/li>\n<\/ul>\n","protected":false},"excerpt":{"rendered":"<p>Unik\u0101ls ar saviem maziem izm\u0113riem un iesp\u0113ju&nbsp; uzst\u0101d\u012bt iek&scaron;\u0113jo ledusskapja temperat\u016bru l\u012bdz pat 30\u043e\u0421 zem\u0101ku par apk\u0101rt\u0113j\u0101s vides temperat\u016bru. Iesp\u0113jama uzst\u0101d\u012b&scaron;ana automa&scaron;\u012bnas salon\u0101 starp s\u0113dviet\u0101m. Tehniskie dati Temperat\u016bra : +2\u043e\u0421 (pie \u0101r\u0113j\u0101s temperat\u016bras +32\u043e\u0421) Darba spriegums : 12 V Tilpums: 7 litri Jauda : 50 W Izm\u0113ri (AxPxD): 430\u0445160\u0445276 mm Svars: 6 kg Stiprin\u0101jums ietilpst [&hellip;]<\/p>\n","protected":false},"featured_media":62270,"template":"","meta":[],"product_brand":[],"product_cat":[4631,4850],"product_tag":[],"class_list":{"0":"post-76649","1":"product","2":"type-product","3":"status-publish","4":"has-post-thumbnail","6":"product_cat-summer-seasonal-items","7":"product_cat-car-fridgers-summer-seasonal-items","9":"first","10":"instock","11":"shipping-taxable","12":"purchasable","13":"product-type-simple"},"_links":{"self":[{"href":"https:\/\/sezona.lv\/en\/wp-json\/wp\/v2\/product\/76649","targetHints":{"allow":["GET"]}}],"collection":[{"href":"https:\/\/sezona.lv\/en\/wp-json\/wp\/v2\/product"}],"about":[{"href":"https:\/\/sezona.lv\/en\/wp-json\/wp\/v2\/types\/product"}],"wp:featuredmedia":[{"embeddable":true,"href":"https:\/\/sezona.lv\/en\/wp-json\/wp\/v2\/media\/62270"}],"wp:attachment":[{"href":"https:\/\/sezona.lv\/en\/wp-json\/wp\/v2\/media?parent=76649"}],"wp:term":[{"taxonomy":"product_brand","embeddable":true,"href":"https:\/\/sezona.lv\/en\/wp-json\/wp\/v2\/product_brand?post=76649"},{"taxonomy":"product_cat","embeddable":true,"href":"https:\/\/sezona.lv\/en\/wp-json\/wp\/v2\/product_cat?post=76649"},{"taxonomy":"product_tag","embeddable":true,"href":"https:\/\/sezona.lv\/en\/wp-json\/wp\/v2\/product_tag?post=76649"}],"curies":[{"name":"wp","href":"https:\/\/api.w.org\/{rel}","templated":true}]}}