{"id":76650,"date":"2025-07-11T15:52:29","date_gmt":"2025-07-11T12:52:29","guid":{"rendered":"https:\/\/demo8.ecube.lv\/sezona.lv\/products\/auto-ledusskapis-sc-after-market-tb34am\/"},"modified":"2025-07-14T14:54:31","modified_gmt":"2025-07-14T11:54:31","slug":"auto-ledusskapis-sc-after-market-tb34am","status":"publish","type":"product","link":"https:\/\/sezona.lv\/en\/products\/auto-ledusskapis-sc-after-market-tb34am\/","title":{"rendered":"Auto ledusskapis SC AFTER MARKET (TB34AM)"},"content":{"rendered":"<p>TB34AM (SC AFTER MARKET) jauns kompresora ledusskapis Indel B, kas paredz\u0113ts kravas automa&scaron;\u012bnas Scania R-s\u0113rijas.<\/p>\n<p>Ietilp\u012bgs un elegants ledusskapis ar kr\u012bto&scaron;\u0101m uz priek&scaron;u durti\u0146\u0101m un iek&scaron;\u0113jo izvelkamo kasti. To var izmantojams da\u017e\u0101d\u0101s kab\u012bn\u0113s un viegli novietojams zem gu\u013camvietas. Stiprin\u0101juma skavas ietilpst komplekt\u0101.<\/p>\n<p><span><span>Tehniskie dati<\/span><\/span><\/p>\n<ul>\n<li>Tilpums: 35 litri<\/li>\n<li>\u0100r\u0113jie izm\u0113ri (AxPxD): 250x622x632 mm<\/li>\n<li>Iek&scaron;\u0113jie izm\u0113ri (AxPxD): 153x487x329 mm<\/li>\n<li>Iepakojuma izm\u0113ri (AxPxD): 295x700x700 mm<\/li>\n<li>Iepakojuma tilpums: 0,145 m3<\/li>\n<li>Svars: 15,82 kg + 2,3 kg iepakojums<\/li>\n<li>Jauda: 50 W<\/li>\n<li>Spriegums: l\u012bdzstr\u0101va 12\/24V<\/li>\n<li>Temperat\u016bras diapazons*: no +10&deg;C l\u012bdz 0&deg;C<\/li>\n<li>Elektromagn\u0113tisk\u0101 sader\u012bba: J\u0101<\/li>\n<li>Dzes\u0113&scaron;anas sist\u0113ma: Secop (Danfoss) BD1.4F<\/li>\n<li>Iek&scaron;\u0113jais apgaismojums<\/li>\n<li>Izm\u0113ri (AxPxD): 750x525x550 mm<\/li>\n<li>Svars: 24\/26 kg<\/li>\n<li>El.baro&scaron;ana: DC 12\/24 V (p\u0113c pas\u016bt\u012bt\u0101ja v\u0113l\u0113&scaron;an\u0101s AC 110\/220 V)<\/li>\n<li>Pat\u0113ri\u0146&scaron;: 20 W\/h<\/li>\n<li>Aizsardz\u012bbas izsl\u0113g&scaron;ana: 12V (9.5-11) \/ 24V (21-23)<\/li>\n<li>Pat\u0113r\u0113t\u0101 str\u0101va vid\u0113j\u0101\/max. t\u012bkl\u0101: 1,1\/5,0 A<\/li>\n<li>Ieb\u016bv\u0113ts aukstuma akumulators (modelis CRUISE 130\/E)<\/li>\n<li>Ra\u017eot\u0101js: &ldquo;indel B&rdquo; (It\u0101lija)<\/li>\n<li>Ra\u017eot\u0101ja garantija: 2 gadi<\/li>\n<li>Aukstumnes\u0113js: R134a ekolo\u0123iski dro&scaron;s<\/li>\n<li>Aukstuma pieaudz\u0113&scaron;anas sist\u0113ma: N\u0113<\/li>\n<li>Stiprin\u0101juma komplekts: J\u0101 (standarta)<\/li>\n<li>Iek&scaron;\u0113jais apgaismojums: J\u0101<\/li>\n<li>Izol\u0101cija: poliuret\u0101na putas<\/li>\n<li>Uzst\u0101d\u012b&scaron;anas tips: ieb\u016bv\u0113jams<\/li>\n<li>Ra\u017eot\u0101js: &ldquo;indel B&rdquo; (It\u0101lija)<\/li>\n<li>Ra\u017eot\u0101ja garantija: 2 gadi<\/li>\n<\/ul>\n","protected":false},"excerpt":{"rendered":"<p>TB34AM (SC AFTER MARKET) jauns kompresora ledusskapis Indel B, kas paredz\u0113ts kravas automa&scaron;\u012bnas Scania R-s\u0113rijas. Ietilp\u012bgs un elegants ledusskapis ar kr\u012bto&scaron;\u0101m uz priek&scaron;u durti\u0146\u0101m un iek&scaron;\u0113jo izvelkamo kasti. To var izmantojams da\u017e\u0101d\u0101s kab\u012bn\u0113s un viegli novietojams zem gu\u013camvietas. Stiprin\u0101juma skavas ietilpst komplekt\u0101. Tehniskie dati Tilpums: 35 litri \u0100r\u0113jie izm\u0113ri (AxPxD): 250x622x632 mm Iek&scaron;\u0113jie izm\u0113ri (AxPxD): [&hellip;]<\/p>\n","protected":false},"featured_media":62273,"template":"","meta":[],"product_brand":[],"product_cat":[4631,4850],"product_tag":[],"class_list":{"0":"post-76650","1":"product","2":"type-product","3":"status-publish","4":"has-post-thumbnail","6":"product_cat-summer-seasonal-items","7":"product_cat-car-fridgers-summer-seasonal-items","9":"first","10":"instock","11":"shipping-taxable","12":"purchasable","13":"product-type-simple"},"_links":{"self":[{"href":"https:\/\/sezona.lv\/en\/wp-json\/wp\/v2\/product\/76650","targetHints":{"allow":["GET"]}}],"collection":[{"href":"https:\/\/sezona.lv\/en\/wp-json\/wp\/v2\/product"}],"about":[{"href":"https:\/\/sezona.lv\/en\/wp-json\/wp\/v2\/types\/product"}],"wp:featuredmedia":[{"embeddable":true,"href":"https:\/\/sezona.lv\/en\/wp-json\/wp\/v2\/media\/62273"}],"wp:attachment":[{"href":"https:\/\/sezona.lv\/en\/wp-json\/wp\/v2\/media?parent=76650"}],"wp:term":[{"taxonomy":"product_brand","embeddable":true,"href":"https:\/\/sezona.lv\/en\/wp-json\/wp\/v2\/product_brand?post=76650"},{"taxonomy":"product_cat","embeddable":true,"href":"https:\/\/sezona.lv\/en\/wp-json\/wp\/v2\/product_cat?post=76650"},{"taxonomy":"product_tag","embeddable":true,"href":"https:\/\/sezona.lv\/en\/wp-json\/wp\/v2\/product_tag?post=76650"}],"curies":[{"name":"wp","href":"https:\/\/api.w.org\/{rel}","templated":true}]}}