{"id":76654,"date":"2025-07-11T15:52:36","date_gmt":"2025-07-11T12:52:36","guid":{"rendered":"https:\/\/demo8.ecube.lv\/sezona.lv\/products\/auto-ledusskapis-tb15\/"},"modified":"2025-07-14T14:54:35","modified_gmt":"2025-07-14T11:54:35","slug":"auto-ledusskapis-tb15","status":"publish","type":"product","link":"https:\/\/sezona.lv\/en\/products\/auto-ledusskapis-tb15\/","title":{"rendered":"Auto ledusskapis TB15"},"content":{"rendered":"<p><span>KOMPAKTS DIZAINS un LIELISKS IZPILD\u012aJUMS: pateicoties jaunajam kompresoram BD-Micro, TB15 ir kompakts no \u0101rpuses un pietiekami pla&scaron;s iek&scaron;pus\u0113&nbsp; ledusskapis ar lielisku izpild\u012bjumu un efekt\u012bvu dzes\u0113&scaron;anu.<\/span><br \/><span>ENER\u0122IJAS TAUP\u012a&Scaron;ANU: Mikro BD ir kompresors ar integr\u0113tu elektroniku kontroli, kas regul\u0113 \u0101trumu kompresora saska\u0146\u0101 ar iepriek&scaron; noteiktu temperat\u016bru un temperat\u016bru iek&scaron;pus\u0113 ledusskapja, t\u0101dej\u0101di ener\u0123ijas pat\u0113ri\u0146u samazin\u0101s l\u012bdz minimumam.<\/span><br \/><span>DRO&Scaron;A NOSTIPRIN\u0100&Scaron;ANA transport\u0101, izmantojot auto dro&scaron;\u012bbas jostas. Var izmantot k\u0101 roku balstu starp auto s\u0113dek\u013ciem.<\/span><br \/><span>AUGST\u0100k\u0100 KVALIT\u0100TE: Jaunais TB15 izgatavots no augst\u0101k\u0101s kvalit\u0101tes materi\u0101liem<\/span><br \/><span>LIELISKS PAL\u012aGS CE\u013bOJUM\u0100: Pateicoties zemajam svaram (aptuveni 8 kg) un regul\u0113jamai lencei jauno TB15 ir \u012bpa&scaron;i viegli nest un transport\u0113t.<\/span><br \/><span>Regul\u0113jama pleca siksna. Led iek&scaron;\u0113jais apgaismojums. Elektroniskais termostats (LCD), kas nor\u0101da temperat\u016bru uz displeja.<\/span><\/p>\n<p><span><span>Tehniskie dati<\/span><\/span><\/p>\n<ul>\n<li>Tilpums: 15 l<\/li>\n<li>\u0100r\u0113jie izm\u0113ri (AxPxD): 360x235x565 mm<\/li>\n<li>Iek&scaron;\u0113jie izm\u0113ri(AxPxD): 315x170x265 mm<\/li>\n<li>Iepakojuma izm\u0113ri (AxPxD): 423x275x585 mm<\/li>\n<li>Iepakojuma apjoms: 0,068 \u043c3<\/li>\n<li>Svars : 8,2 kg<\/li>\n<li>Jauda: 35 W<\/li>\n<li>Spriegums: l\u012bdzstr\u0101va 12\/24V<\/li>\n<li>Temperat\u016bras diapazons: no +10 &deg; C l\u012bdz -18 &deg; C<\/li>\n<li>Kompresors: SECOP BD Mikro (BD1.4F)<\/li>\n<li>Aukstumnes\u0113js: R134a ekolo\u0123iski dro&scaron;s<\/li>\n<li><span>Izol\u0101cija: poliuret\u0101na putas bez freona&nbsp;<\/span><\/li>\n<li><span>Ra\u017eot\u0101js: indel B (It\u0101lija)<\/span><\/li>\n<li><span>Ra\u017eot\u0101ja garantija: 2 gadi<\/span><\/li>\n<\/ul>\n","protected":false},"excerpt":{"rendered":"<p>KOMPAKTS DIZAINS un LIELISKS IZPILD\u012aJUMS: pateicoties jaunajam kompresoram BD-Micro, TB15 ir kompakts no \u0101rpuses un pietiekami pla&scaron;s iek&scaron;pus\u0113&nbsp; ledusskapis ar lielisku izpild\u012bjumu un efekt\u012bvu dzes\u0113&scaron;anu.ENER\u0122IJAS TAUP\u012a&Scaron;ANU: Mikro BD ir kompresors ar integr\u0113tu elektroniku kontroli, kas regul\u0113 \u0101trumu kompresora saska\u0146\u0101 ar iepriek&scaron; noteiktu temperat\u016bru un temperat\u016bru iek&scaron;pus\u0113 ledusskapja, t\u0101dej\u0101di ener\u0123ijas pat\u0113ri\u0146u samazin\u0101s l\u012bdz minimumam.DRO&Scaron;A NOSTIPRIN\u0100&Scaron;ANA transport\u0101, [&hellip;]<\/p>\n","protected":false},"featured_media":62301,"template":"","meta":[],"product_brand":[],"product_cat":[4631,4850],"product_tag":[],"class_list":{"0":"post-76654","1":"product","2":"type-product","3":"status-publish","4":"has-post-thumbnail","6":"product_cat-summer-seasonal-items","7":"product_cat-car-fridgers-summer-seasonal-items","9":"first","10":"instock","11":"shipping-taxable","12":"purchasable","13":"product-type-simple"},"_links":{"self":[{"href":"https:\/\/sezona.lv\/en\/wp-json\/wp\/v2\/product\/76654","targetHints":{"allow":["GET"]}}],"collection":[{"href":"https:\/\/sezona.lv\/en\/wp-json\/wp\/v2\/product"}],"about":[{"href":"https:\/\/sezona.lv\/en\/wp-json\/wp\/v2\/types\/product"}],"wp:featuredmedia":[{"embeddable":true,"href":"https:\/\/sezona.lv\/en\/wp-json\/wp\/v2\/media\/62301"}],"wp:attachment":[{"href":"https:\/\/sezona.lv\/en\/wp-json\/wp\/v2\/media?parent=76654"}],"wp:term":[{"taxonomy":"product_brand","embeddable":true,"href":"https:\/\/sezona.lv\/en\/wp-json\/wp\/v2\/product_brand?post=76654"},{"taxonomy":"product_cat","embeddable":true,"href":"https:\/\/sezona.lv\/en\/wp-json\/wp\/v2\/product_cat?post=76654"},{"taxonomy":"product_tag","embeddable":true,"href":"https:\/\/sezona.lv\/en\/wp-json\/wp\/v2\/product_tag?post=76654"}],"curies":[{"name":"wp","href":"https:\/\/api.w.org\/{rel}","templated":true}]}}