{"id":76656,"date":"2025-07-14T14:54:37","date_gmt":"2025-07-14T11:54:37","guid":{"rendered":"https:\/\/demo8.ecube.lv\/sezona.lv\/products\/auto-ledusskapis-tb20\/"},"modified":"2025-07-14T14:54:37","modified_gmt":"2025-07-14T11:54:37","slug":"auto-ledusskapis-tb20","status":"publish","type":"product","link":"https:\/\/sezona.lv\/en\/products\/auto-ledusskapis-tb20\/","title":{"rendered":"Auto ledusskapis TB20"},"content":{"rendered":"<p>&Scaron;is autoleduskapis ir pla&scaron;i izmantots komerci\u0101lajos transportl\u012bdzek\u013cos, kas paredz\u0113ti ilgajiem braucieniem. Pateicoties izm\u0113riem un iztur\u012bbai tas bie\u017ei tiek izmantots k\u0101 pak\u0101piens ce\u013c\u0101 uz gu\u013camvieta. TB20 ar elektronisko termostatu, t\u0101pat ir piem\u0113rots medikamentu uzglab\u0101&scaron;anai (ieviests medic\u012bnas pre\u010du tirg\u016b)<\/p>\n<p>Augsts un &scaron;aurs ledusskapispriek&scaron; kab\u012bnes ar ierobe\u017eotu telpu. Magn\u0113tiski &scaron;arn\u012bri herm\u0113tiskai aizv\u0113r&scaron;anai. Iztur\u012bgs v\u0101ks, ko izmanto k\u0101 pak\u0101pienu ce\u013c\u0101 uz gu\u013camvietu.<br \/><span>Tehniskie dati<br \/><\/span><\/p>\n<ul>\n<li>Tilpums: 20l<\/li>\n<li>\u0100r\u0113jie izm\u0113ri (AxPxD): 476&times;426&times;250mm<\/li>\n<li>Iek&scaron;\u0113jie izm\u0113ri (AxPxD): 420&times;150&times;150mm<\/li>\n<li>Iepakojuma izm\u0113ri (AxPxD): 550&times;490&times;315 mm<\/li>\n<li>Iepakojuma apjoms: 0,084m3<\/li>\n<li>Svars: 15kg + 1,8 kg iepakojums<\/li>\n<li>Jauda: 42 W<\/li>\n<li>Spriegums: l\u012bdzstr\u0101va 12\/24V<\/li>\n<li>Temperat\u016bras diapazons: +2&deg; C\/+10&deg; C (v\u0113rt\u012bbas pie \u0101r\u0113j\u0101s temperat\u016bras+32&deg; C)<\/li>\n<li>Elektromagn\u0113tisk\u0101 savietojam\u012bba: J\u0101<\/li>\n<li>Dzes\u0113&scaron;anas sist\u0113ma: Secop (Danfoss) BD35F gaisa<\/li>\n<li>Aukstumnes\u0113js: R134a ekolo\u0123iski dro&scaron;s<\/li>\n<li>Ieb\u016bv\u0113t\u0101 aukstuma akumul\u0101cijas sist\u0113ma: J\u0101<\/li>\n<li>Stiprin\u0101juma komplekts: Ir (standarta)<\/li>\n<li>Izol\u0101cija: poliuret\u0101na putas bez freona<\/li>\n<li>Ra\u017eot\u0101js: &ldquo;indel B&rdquo; (It\u0101lija)<\/li>\n<li>Ra\u017eot\u0101ja garantija: 2 gadi<\/li>\n<\/ul>\n","protected":false},"excerpt":{"rendered":"<p>&Scaron;is autoleduskapis ir pla&scaron;i izmantots komerci\u0101lajos transportl\u012bdzek\u013cos, kas paredz\u0113ti ilgajiem braucieniem. Pateicoties izm\u0113riem un iztur\u012bbai tas bie\u017ei tiek izmantots k\u0101 pak\u0101piens ce\u013c\u0101 uz gu\u013camvieta. TB20 ar elektronisko termostatu, t\u0101pat ir piem\u0113rots medikamentu uzglab\u0101&scaron;anai (ieviests medic\u012bnas pre\u010du tirg\u016b) Augsts un &scaron;aurs ledusskapispriek&scaron; kab\u012bnes ar ierobe\u017eotu telpu. Magn\u0113tiski &scaron;arn\u012bri herm\u0113tiskai aizv\u0113r&scaron;anai. Iztur\u012bgs v\u0101ks, ko izmanto k\u0101 pak\u0101pienu [&hellip;]<\/p>\n","protected":false},"featured_media":0,"template":"","meta":[],"product_brand":[],"product_cat":[4631,4850],"product_tag":[],"class_list":{"0":"post-76656","1":"product","2":"type-product","3":"status-publish","5":"product_cat-summer-seasonal-items","6":"product_cat-car-fridgers-summer-seasonal-items","8":"first","9":"instock","10":"shipping-taxable","11":"purchasable","12":"product-type-simple"},"_links":{"self":[{"href":"https:\/\/sezona.lv\/en\/wp-json\/wp\/v2\/product\/76656","targetHints":{"allow":["GET"]}}],"collection":[{"href":"https:\/\/sezona.lv\/en\/wp-json\/wp\/v2\/product"}],"about":[{"href":"https:\/\/sezona.lv\/en\/wp-json\/wp\/v2\/types\/product"}],"wp:attachment":[{"href":"https:\/\/sezona.lv\/en\/wp-json\/wp\/v2\/media?parent=76656"}],"wp:term":[{"taxonomy":"product_brand","embeddable":true,"href":"https:\/\/sezona.lv\/en\/wp-json\/wp\/v2\/product_brand?post=76656"},{"taxonomy":"product_cat","embeddable":true,"href":"https:\/\/sezona.lv\/en\/wp-json\/wp\/v2\/product_cat?post=76656"},{"taxonomy":"product_tag","embeddable":true,"href":"https:\/\/sezona.lv\/en\/wp-json\/wp\/v2\/product_tag?post=76656"}],"curies":[{"name":"wp","href":"https:\/\/api.w.org\/{rel}","templated":true}]}}