{"id":76657,"date":"2025-07-14T14:54:38","date_gmt":"2025-07-14T11:54:38","guid":{"rendered":"https:\/\/demo8.ecube.lv\/sezona.lv\/products\/auto-ledusskapis-tb2001\/"},"modified":"2025-07-14T14:54:38","modified_gmt":"2025-07-14T11:54:38","slug":"auto-ledusskapis-tb2001","status":"publish","type":"product","link":"https:\/\/sezona.lv\/en\/products\/auto-ledusskapis-tb2001\/","title":{"rendered":"Auto ledusskapis TB2001"},"content":{"rendered":"<p>T\u0101 dizains, iztur\u012bba un zems ener\u0123ijas pat\u0113ri\u0146&scaron; padara ledusskapi neaizvietojamu ce\u013cojumos. Neskatoties uz to, ka tas ir izstr\u0101d\u0101ts tie&scaron;i komerctransportam, tas tiek pla&scaron;i izmantots ar\u012b automobi\u013cos, \u016bdens transport\u0101 u.c. P\u0113d\u0113jos gados \u0422\u04122001 ir viens no visvair\u0101k pirktajiem ledusskapjiem. Apr\u012bkots ar aukstuma akumulatoriem, kas \u013cauj p\u0113c padeves izsl\u0113g&scaron;anas ilgu laiku saglab\u0101t zemu temperat\u016bru ledusskap\u012b. Aug&scaron;\u0101 uz korpusa izvietoti divi gl\u0101\u017eu tur\u0113t\u0101ji. Ledusskapis apr\u012bkots ar vienu no lab\u0101kajiem Danfoss kompresoriem. \u0422\u04122001 ar elektronisko termostatu ieviests medic\u012bnas pre\u010du tirg\u016b. Pateicoties v\u0101kam ar dobumiem, ledusskap\u012b ietilpst pudeles 2&times;2l. Iek&scaron;\u0113jais apgaismojums un sald\u0113&scaron;anas akumulators. Rokas vad\u012bbas panelis.<\/p>\n<p><span>Tehniskie dati<\/span><\/p>\n<ul>\n<li>Tilpums: 26l<\/li>\n<li>\u0100r\u0113jie izm\u0113ri (AxPxD): 380&times;345&times;580mm<\/li>\n<li>Iek&scaron;\u0113jie izm\u0113ri (AxPxD): 245&times;205&times;310 mm<\/li>\n<li>Iepakojuma izm\u0113ri (AxPxD): 420&times;380&times;620mm<\/li>\n<li>Iepakojuma apjoms: 0,098m3<\/li>\n<li>Svars: 16 kg + 2,6 kg iepakojums<\/li>\n<li>Jauda: 42 W<\/li>\n<li>Spriegums: l\u012bdzstr\u0101va 12\/24V<\/li>\n<li>Aizsardz\u012bbas izsl\u0113g&scaron;ana: 12V (10.1-11.4) \/ 24V (22.3-23.7)<\/li>\n<li>Temperat\u016bras diapazons*: +5&deg; C\/-12&deg; C (V\u0113rt\u012bbas, pie \u0101r\u0113j\u0101s temperat\u016bras + 32&deg; C)<\/li>\n<li>Autom\u0101tiska uzdot\u0101s temperat\u016bras uztur\u0113&scaron;ana<\/li>\n<li>Elektromagn\u0113tiska savietojam\u012bba: J\u0101<\/li>\n<li>Dzes\u0113&scaron;anas sist\u0113ma: Secop (Danfoss) BD35F gaisa (piln\u012bgi herm\u0113tisks kompresors)<\/li>\n<li>Aukstumnes\u0113js: R134a ekolo\u0123iski dro&scaron;s<\/li>\n<li>Ieb\u016bv\u0113ta aukstuma akumul\u0101cijas sist\u0113ma: J\u0101<\/li>\n<li>Stiprin\u0101jumi priek&scaron; stacion\u0101ras uzst\u0101d\u012b&scaron;anas uz auto komplekt\u0101<\/li>\n<li>Iek&scaron;\u0113jais apgaismojums: J\u0101<\/li>\n<li>\u0112rti gl\u0101\u017eu tur\u0113t\u0101ji<\/li>\n<li>Klusa darb\u012bba<\/li>\n<li>Piesl\u0113gums caur piep\u012bp\u0113t\u0101ju<\/li>\n<li>Izol\u0101cija: poliuret\u0101na putas bez freona<\/li>\n<li>Ra\u017eot\u0101js: &ldquo;indel B&rdquo; (It\u0101lija)<\/li>\n<li>Ra\u017eot\u0101ja garantija: 2 gadi<\/li>\n<\/ul>\n","protected":false},"excerpt":{"rendered":"<p>T\u0101 dizains, iztur\u012bba un zems ener\u0123ijas pat\u0113ri\u0146&scaron; padara ledusskapi neaizvietojamu ce\u013cojumos. Neskatoties uz to, ka tas ir izstr\u0101d\u0101ts tie&scaron;i komerctransportam, tas tiek pla&scaron;i izmantots ar\u012b automobi\u013cos, \u016bdens transport\u0101 u.c. P\u0113d\u0113jos gados \u0422\u04122001 ir viens no visvair\u0101k pirktajiem ledusskapjiem. Apr\u012bkots ar aukstuma akumulatoriem, kas \u013cauj p\u0113c padeves izsl\u0113g&scaron;anas ilgu laiku saglab\u0101t zemu temperat\u016bru ledusskap\u012b. Aug&scaron;\u0101 uz [&hellip;]<\/p>\n","protected":false},"featured_media":0,"template":"","meta":[],"product_brand":[],"product_cat":[4631,4850],"product_tag":[],"class_list":{"0":"post-76657","1":"product","2":"type-product","3":"status-publish","5":"product_cat-summer-seasonal-items","6":"product_cat-car-fridgers-summer-seasonal-items","8":"first","9":"instock","10":"shipping-taxable","11":"purchasable","12":"product-type-simple"},"_links":{"self":[{"href":"https:\/\/sezona.lv\/en\/wp-json\/wp\/v2\/product\/76657","targetHints":{"allow":["GET"]}}],"collection":[{"href":"https:\/\/sezona.lv\/en\/wp-json\/wp\/v2\/product"}],"about":[{"href":"https:\/\/sezona.lv\/en\/wp-json\/wp\/v2\/types\/product"}],"wp:attachment":[{"href":"https:\/\/sezona.lv\/en\/wp-json\/wp\/v2\/media?parent=76657"}],"wp:term":[{"taxonomy":"product_brand","embeddable":true,"href":"https:\/\/sezona.lv\/en\/wp-json\/wp\/v2\/product_brand?post=76657"},{"taxonomy":"product_cat","embeddable":true,"href":"https:\/\/sezona.lv\/en\/wp-json\/wp\/v2\/product_cat?post=76657"},{"taxonomy":"product_tag","embeddable":true,"href":"https:\/\/sezona.lv\/en\/wp-json\/wp\/v2\/product_tag?post=76657"}],"curies":[{"name":"wp","href":"https:\/\/api.w.org\/{rel}","templated":true}]}}