{"id":76658,"date":"2025-07-14T14:54:39","date_gmt":"2025-07-14T11:54:39","guid":{"rendered":"https:\/\/demo8.ecube.lv\/sezona.lv\/products\/auto-ledusskapis-tb25am\/"},"modified":"2025-07-14T14:54:39","modified_gmt":"2025-07-14T11:54:39","slug":"auto-ledusskapis-tb25am","status":"publish","type":"product","link":"https:\/\/sezona.lv\/en\/products\/auto-ledusskapis-tb25am\/","title":{"rendered":"Auto ledusskapis TB25AM"},"content":{"rendered":"<p>TB25AM jauns kompresora ledusskapis Indel B, kas paredz\u0113ts&nbsp; Mercedes Actros. Tas tiek uzst\u0101d\u012bts zem gultas miegam paredz\u0113taj\u0101 nodal\u012bjum\u0101, speci\u0101li paredz\u0113taj\u0101 kast\u0113, kas dod iesp\u0113ju neaiz\u0146emt vietu kravas automa&scaron;\u012bnas kab\u012bn\u0113.<\/p>\n<p>\u0100tra un viegla uzst\u0101d\u012b&scaron;ana. Dzes\u0113&scaron;anas sist\u0113ma ir aizsarg\u0101ta no kravas kab\u012bnes sl\u012bpuma. Rokas termostats un iek&scaron;\u0113jais apgaismojums. Magn\u0113tiskie &scaron;arn\u012bri herm\u0113tiskai aizv\u0113r&scaron;anai.<br \/><span>Tehniskie dati<\/span><\/p>\n<ul>\n<li>Tilpums: 25l<\/li>\n<li>\u0100r\u0113jie izm\u0113ri (AxPxD): 219&times;554&times;451 mm<\/li>\n<li>Iek&scaron;\u0113jie izm\u0113ri (AxPxD): 165&times;405&times;220 mm<\/li>\n<li>Iepakojuma izm\u0113ri (AxPxD): 225&times;620&times;495 mm<\/li>\n<li>Iepakojuma apjoms: 0,069m3<\/li>\n<li>Svars: 12kg + 2,6 kg iepakojums<\/li>\n<li>Jauda: 45 W<\/li>\n<li>Spriegums: l\u012bdzstr\u0101va 12\/24V<\/li>\n<li>Temperat\u016bras diapazons*: +10&deg; C l\u012bdz 0&deg; C (v\u0113rt\u012bbas, pie \u0101r\u0113j\u0101s temperat\u016bras +32&deg; C)<\/li>\n<li>Dzes\u0113&scaron;anas sist\u0113ma: Secop (Danfoss) BD35F gaisa<\/li>\n<li>Aukstumnes\u0113js: R134a ekolo\u0123iski dro&scaron;s<\/li>\n<li>Ieb\u016bv\u0113t\u0101&nbsp; aukstuma akumul\u0101cijas sist\u0113ma: N\u0113<\/li>\n<li>Stiprin\u0101juma komplekts: J\u0101 (standarta)<\/li>\n<li>Izol\u0101cija: poliuret\u0101na putas bez freona<\/li>\n<li>Ra\u017eot\u0101js: &ldquo;indel B&rdquo; (It\u0101lija)<\/li>\n<li>Ra\u017eot\u0101ja garantija: 2 gadi<\/li>\n<\/ul>\n","protected":false},"excerpt":{"rendered":"<p>TB25AM jauns kompresora ledusskapis Indel B, kas paredz\u0113ts&nbsp; Mercedes Actros. Tas tiek uzst\u0101d\u012bts zem gultas miegam paredz\u0113taj\u0101 nodal\u012bjum\u0101, speci\u0101li paredz\u0113taj\u0101 kast\u0113, kas dod iesp\u0113ju neaiz\u0146emt vietu kravas automa&scaron;\u012bnas kab\u012bn\u0113. \u0100tra un viegla uzst\u0101d\u012b&scaron;ana. Dzes\u0113&scaron;anas sist\u0113ma ir aizsarg\u0101ta no kravas kab\u012bnes sl\u012bpuma. Rokas termostats un iek&scaron;\u0113jais apgaismojums. Magn\u0113tiskie &scaron;arn\u012bri herm\u0113tiskai aizv\u0113r&scaron;anai.Tehniskie dati Tilpums: 25l \u0100r\u0113jie izm\u0113ri [&hellip;]<\/p>\n","protected":false},"featured_media":0,"template":"","meta":[],"product_brand":[],"product_cat":[4631,4850],"product_tag":[],"class_list":{"0":"post-76658","1":"product","2":"type-product","3":"status-publish","5":"product_cat-summer-seasonal-items","6":"product_cat-car-fridgers-summer-seasonal-items","8":"first","9":"instock","10":"shipping-taxable","11":"purchasable","12":"product-type-simple"},"_links":{"self":[{"href":"https:\/\/sezona.lv\/en\/wp-json\/wp\/v2\/product\/76658","targetHints":{"allow":["GET"]}}],"collection":[{"href":"https:\/\/sezona.lv\/en\/wp-json\/wp\/v2\/product"}],"about":[{"href":"https:\/\/sezona.lv\/en\/wp-json\/wp\/v2\/types\/product"}],"wp:attachment":[{"href":"https:\/\/sezona.lv\/en\/wp-json\/wp\/v2\/media?parent=76658"}],"wp:term":[{"taxonomy":"product_brand","embeddable":true,"href":"https:\/\/sezona.lv\/en\/wp-json\/wp\/v2\/product_brand?post=76658"},{"taxonomy":"product_cat","embeddable":true,"href":"https:\/\/sezona.lv\/en\/wp-json\/wp\/v2\/product_cat?post=76658"},{"taxonomy":"product_tag","embeddable":true,"href":"https:\/\/sezona.lv\/en\/wp-json\/wp\/v2\/product_tag?post=76658"}],"curies":[{"name":"wp","href":"https:\/\/api.w.org\/{rel}","templated":true}]}}