{"id":76659,"date":"2025-07-14T14:54:40","date_gmt":"2025-07-14T11:54:40","guid":{"rendered":"https:\/\/demo8.ecube.lv\/sezona.lv\/products\/auto-ledusskapis-tb27am\/"},"modified":"2025-07-14T14:54:40","modified_gmt":"2025-07-14T11:54:40","slug":"auto-ledusskapis-tb27am","status":"publish","type":"product","link":"https:\/\/sezona.lv\/en\/products\/auto-ledusskapis-tb27am\/","title":{"rendered":"Auto ledusskapis TB27AM"},"content":{"rendered":"<p>TB27AM jauns kompresora ledusskapis Indel B. Ide\u0101li piem\u0113rots kravas automa&scaron;\u012bn\u0101m DAF XF105.<\/p>\n<p>Paredz\u0113ts ieb\u016bv\u0113t iek&scaron;\u0101 vien\u0101 no kast\u0113m, kas atrodas zem vad\u012bt\u0101ja gu\u013camvietas un tiek pasniegts k\u0101 standarta ledusskapis p\u0113d\u0113j\u0101s paaudzes kravas automa&scaron;\u012bnu kab\u012bn\u0113s.<\/p>\n<p><span>Tehniskie dati<\/span><\/p>\n<ul>\n<li>Ietilp\u012bba: 26 litri<\/li>\n<li>\u0100r\u0113jie izm\u0113ri (AxPxD): 345x325x660 mm<\/li>\n<li>Iek&scaron;\u0113jie izm\u0113ri (AxPxD): 246x242x412 mm<\/li>\n<li>Iepakojuma izm\u0113ri (AxPxD): 390x345x690 mm<\/li>\n<li>Iepakojuma tilpums: 0,093 m3<\/li>\n<li>Svars: 11,0 kg + 1,6 kg iepakojums<\/li>\n<li>Jauda: 50 W<\/li>\n<li>Spriegums: l\u012bdzstr\u0101va 12\/24V<\/li>\n<li>Temperat\u016bras diapazons*: no +8&deg;C l\u012bdz -4&deg;C<\/li>\n<li>Elektromagn\u0113tisk\u0101 savietojam\u012bba: J\u0101<\/li>\n<li>Dzes\u0113&scaron;anas sist\u0113ma: Secop (Danfoss) BD1.4F<\/li>\n<li>Aukstumnes\u0113js: R134a ekolo\u0123iski dro&scaron;s<\/li>\n<li>Aukstuma pieaudz\u0113&scaron;anas sist\u0113ma: N\u0113<\/li>\n<li>Stiprin\u0101juma komplekts: N\u0113<\/li>\n<li>Iek&scaron;\u0113jais apgaismojums: N\u0113<\/li>\n<li>Izol\u0101cija: poliuret\u0101na putas<\/li>\n<li>Uzst\u0101d\u012b&scaron;anas tips: ieb\u016bv\u0113jams<\/li>\n<li>Ra\u017eot\u0101js: &ldquo;indel B&rdquo; (It\u0101lija)<\/li>\n<li>Ra\u017eot\u0101ja garantija: 2 gadi<\/li>\n<\/ul>\n","protected":false},"excerpt":{"rendered":"<p>TB27AM jauns kompresora ledusskapis Indel B. Ide\u0101li piem\u0113rots kravas automa&scaron;\u012bn\u0101m DAF XF105. Paredz\u0113ts ieb\u016bv\u0113t iek&scaron;\u0101 vien\u0101 no kast\u0113m, kas atrodas zem vad\u012bt\u0101ja gu\u013camvietas un tiek pasniegts k\u0101 standarta ledusskapis p\u0113d\u0113j\u0101s paaudzes kravas automa&scaron;\u012bnu kab\u012bn\u0113s. Tehniskie dati Ietilp\u012bba: 26 litri \u0100r\u0113jie izm\u0113ri (AxPxD): 345x325x660 mm Iek&scaron;\u0113jie izm\u0113ri (AxPxD): 246x242x412 mm Iepakojuma izm\u0113ri (AxPxD): 390x345x690 mm Iepakojuma [&hellip;]<\/p>\n","protected":false},"featured_media":0,"template":"","meta":[],"product_brand":[],"product_cat":[4631,4850],"product_tag":[],"class_list":{"0":"post-76659","1":"product","2":"type-product","3":"status-publish","5":"product_cat-summer-seasonal-items","6":"product_cat-car-fridgers-summer-seasonal-items","8":"first","9":"instock","10":"shipping-taxable","11":"purchasable","12":"product-type-simple"},"_links":{"self":[{"href":"https:\/\/sezona.lv\/en\/wp-json\/wp\/v2\/product\/76659","targetHints":{"allow":["GET"]}}],"collection":[{"href":"https:\/\/sezona.lv\/en\/wp-json\/wp\/v2\/product"}],"about":[{"href":"https:\/\/sezona.lv\/en\/wp-json\/wp\/v2\/types\/product"}],"wp:attachment":[{"href":"https:\/\/sezona.lv\/en\/wp-json\/wp\/v2\/media?parent=76659"}],"wp:term":[{"taxonomy":"product_brand","embeddable":true,"href":"https:\/\/sezona.lv\/en\/wp-json\/wp\/v2\/product_brand?post=76659"},{"taxonomy":"product_cat","embeddable":true,"href":"https:\/\/sezona.lv\/en\/wp-json\/wp\/v2\/product_cat?post=76659"},{"taxonomy":"product_tag","embeddable":true,"href":"https:\/\/sezona.lv\/en\/wp-json\/wp\/v2\/product_tag?post=76659"}],"curies":[{"name":"wp","href":"https:\/\/api.w.org\/{rel}","templated":true}]}}