{"id":76660,"date":"2025-07-11T15:52:46","date_gmt":"2025-07-11T12:52:46","guid":{"rendered":"https:\/\/demo8.ecube.lv\/sezona.lv\/products\/auto-ledusskapis-tb28am\/"},"modified":"2025-07-14T14:54:40","modified_gmt":"2025-07-14T11:54:40","slug":"auto-ledusskapis-tb28am","status":"publish","type":"product","link":"https:\/\/sezona.lv\/en\/products\/auto-ledusskapis-tb28am\/","title":{"rendered":"Auto ledusskapis TB28AM"},"content":{"rendered":"<p>TB28AM &ndash; ledusskapis ar aug&scaron;\u0113jo iel\u0101di, paredz\u0113ts ieb\u016bv\u0113t standarta kast\u0113 zem gu\u013camvietas p\u0113d\u0113j\u0101s paaudzes kravas automa&scaron;\u012bn\u0101s. Uzst\u0101d\u012b&scaron;ana t\u0101s notiek \u013coti \u0101tri un viegli, un nav nepiecie&scaron;ami nek\u0101di speci\u0101lie instrumenti.<\/p>\n<p><span>Tehniskie<\/span><span>dati<\/span><\/p>\n<ul>\n<li>Ietilp\u012bba: 28 litri<\/li>\n<li>\u0100r\u0113jieizm\u0113ri(AxPxD): 220x557x636 mm<\/li>\n<li>Spriegums: l\u012bdzstr\u0101va 12\/24V<\/li>\n<li>Uzst\u0101d\u012b&scaron;anastips: ieb\u016bv\u0113jams<\/li>\n<li>Ra\u017eot\u0101js: &ldquo;indelB&rdquo; (It\u0101lija)<\/li>\n<li>Ra\u017eot\u0101jagarantija: 2 gadi<\/li>\n<\/ul>\n","protected":false},"excerpt":{"rendered":"<p>TB28AM &ndash; ledusskapis ar aug&scaron;\u0113jo iel\u0101di, paredz\u0113ts ieb\u016bv\u0113t standarta kast\u0113 zem gu\u013camvietas p\u0113d\u0113j\u0101s paaudzes kravas automa&scaron;\u012bn\u0101s. Uzst\u0101d\u012b&scaron;ana t\u0101s notiek \u013coti \u0101tri un viegli, un nav nepiecie&scaron;ami nek\u0101di speci\u0101lie instrumenti. Tehniskiedati Ietilp\u012bba: 28 litri \u0100r\u0113jieizm\u0113ri(AxPxD): 220x557x636 mm Spriegums: l\u012bdzstr\u0101va 12\/24V Uzst\u0101d\u012b&scaron;anastips: ieb\u016bv\u0113jams Ra\u017eot\u0101js: &ldquo;indelB&rdquo; (It\u0101lija) Ra\u017eot\u0101jagarantija: 2 gadi<\/p>\n","protected":false},"featured_media":62343,"template":"","meta":[],"product_brand":[],"product_cat":[4631,4850],"product_tag":[],"class_list":{"0":"post-76660","1":"product","2":"type-product","3":"status-publish","4":"has-post-thumbnail","6":"product_cat-summer-seasonal-items","7":"product_cat-car-fridgers-summer-seasonal-items","9":"first","10":"instock","11":"shipping-taxable","12":"purchasable","13":"product-type-simple"},"_links":{"self":[{"href":"https:\/\/sezona.lv\/en\/wp-json\/wp\/v2\/product\/76660","targetHints":{"allow":["GET"]}}],"collection":[{"href":"https:\/\/sezona.lv\/en\/wp-json\/wp\/v2\/product"}],"about":[{"href":"https:\/\/sezona.lv\/en\/wp-json\/wp\/v2\/types\/product"}],"wp:featuredmedia":[{"embeddable":true,"href":"https:\/\/sezona.lv\/en\/wp-json\/wp\/v2\/media\/62343"}],"wp:attachment":[{"href":"https:\/\/sezona.lv\/en\/wp-json\/wp\/v2\/media?parent=76660"}],"wp:term":[{"taxonomy":"product_brand","embeddable":true,"href":"https:\/\/sezona.lv\/en\/wp-json\/wp\/v2\/product_brand?post=76660"},{"taxonomy":"product_cat","embeddable":true,"href":"https:\/\/sezona.lv\/en\/wp-json\/wp\/v2\/product_cat?post=76660"},{"taxonomy":"product_tag","embeddable":true,"href":"https:\/\/sezona.lv\/en\/wp-json\/wp\/v2\/product_tag?post=76660"}],"curies":[{"name":"wp","href":"https:\/\/api.w.org\/{rel}","templated":true}]}}