{"id":76662,"date":"2025-07-11T15:52:49","date_gmt":"2025-07-11T12:52:49","guid":{"rendered":"https:\/\/demo8.ecube.lv\/sezona.lv\/products\/auto-ledusskapis-tb30am\/"},"modified":"2025-07-14T14:54:42","modified_gmt":"2025-07-14T11:54:42","slug":"auto-ledusskapis-tb30am","status":"publish","type":"product","link":"https:\/\/sezona.lv\/en\/products\/auto-ledusskapis-tb30am\/","title":{"rendered":"Auto ledusskapis TB30AM"},"content":{"rendered":"<p>TB30AM jauns kompresora&nbsp; ledusskapis Indel B, kas paredz\u0113ts kravas automa&scaron;\u012bn\u0101m Mercedes Actros, MP4. Tas tiek uzst\u0101d\u012bts zem gultas&nbsp; gu\u013camvietas nodal\u012bjum\u0101 speci\u0101li paredz\u0113t\u0101 kast\u0113, kas \u013catbr\u012bvo papildus vietu salon\u0101. At&scaron;\u0137iras ar \u0101tru un vieglu uzst\u0101d\u012b&scaron;anu.<\/p>\n<p><span>Tehniskie dati<\/span><\/p>\n<ul>\n<li>&nbsp;Ietilp\u012bba: 31 litri<\/li>\n<li>&nbsp;\u0100r\u0113jie izm\u0113ri (AxPxD): 410x310x685 mm<\/li>\n<li>&nbsp;Iek&scaron;\u0113jie izm\u0113ri (AxPxD): 340x222x445 mm<\/li>\n<li>&nbsp;Iepakojuma izm\u0113ri (AxPxD): 455x330x715 mm<\/li>\n<li>&nbsp;Iepakojuma tilpums: 0,107 m3<\/li>\n<li>&nbsp;Svars: 11,55 kg + 1,8 kg iepakojums<\/li>\n<li>&nbsp;Jauda: 50 W<\/li>\n<li>&nbsp;Spriegums: l\u012bdzstr\u0101va 12\/24V<\/li>\n<li>&nbsp;Temperat\u016bras diapazons*: +8&deg;C l\u012bdz -4&deg;C<\/li>\n<li>&nbsp;Elektromagn\u0113tisk\u0101 savietojam\u012bba: J\u0101<\/li>\n<li>&nbsp;Dzes\u0113&scaron;anas sist\u0113ma: Secop (Danfoss) BD1.4F<\/li>\n<li>&nbsp;Aukstumnes\u0113js: R134a ekolo\u0123iski dro&scaron;s<\/li>\n<li>&nbsp;Aukstuma pieaudz\u0113&scaron;anas sist\u0113ma: N\u0113<\/li>\n<li>&nbsp;Stiprin\u0101juma komplekts: N\u0113<\/li>\n<li>&nbsp;Iek&scaron;\u0113jais apgaismojums: N\u0113<\/li>\n<li>&nbsp;Izol\u0101cija: poliuret\u0101na putas<\/li>\n<li>&nbsp;Uzst\u0101d\u012b&scaron;anas tips: ieb\u016bv\u0113jams<\/li>\n<li>&nbsp;Ra\u017eot\u0101js: &ldquo;indel B&rdquo; (It\u0101lija)<\/li>\n<li>&nbsp;Ra\u017eot\u0101ja garantija: 2 gadi<\/li>\n<\/ul>\n","protected":false},"excerpt":{"rendered":"<p>TB30AM jauns kompresora&nbsp; ledusskapis Indel B, kas paredz\u0113ts kravas automa&scaron;\u012bn\u0101m Mercedes Actros, MP4. Tas tiek uzst\u0101d\u012bts zem gultas&nbsp; gu\u013camvietas nodal\u012bjum\u0101 speci\u0101li paredz\u0113t\u0101 kast\u0113, kas \u013catbr\u012bvo papildus vietu salon\u0101. At&scaron;\u0137iras ar \u0101tru un vieglu uzst\u0101d\u012b&scaron;anu. Tehniskie dati &nbsp;Ietilp\u012bba: 31 litri &nbsp;\u0100r\u0113jie izm\u0113ri (AxPxD): 410x310x685 mm &nbsp;Iek&scaron;\u0113jie izm\u0113ri (AxPxD): 340x222x445 mm &nbsp;Iepakojuma izm\u0113ri (AxPxD): 455x330x715 mm &nbsp;Iepakojuma [&hellip;]<\/p>\n","protected":false},"featured_media":62350,"template":"","meta":[],"product_brand":[],"product_cat":[4631,4850],"product_tag":[],"class_list":{"0":"post-76662","1":"product","2":"type-product","3":"status-publish","4":"has-post-thumbnail","6":"product_cat-summer-seasonal-items","7":"product_cat-car-fridgers-summer-seasonal-items","9":"first","10":"instock","11":"shipping-taxable","12":"purchasable","13":"product-type-simple"},"_links":{"self":[{"href":"https:\/\/sezona.lv\/en\/wp-json\/wp\/v2\/product\/76662","targetHints":{"allow":["GET"]}}],"collection":[{"href":"https:\/\/sezona.lv\/en\/wp-json\/wp\/v2\/product"}],"about":[{"href":"https:\/\/sezona.lv\/en\/wp-json\/wp\/v2\/types\/product"}],"wp:featuredmedia":[{"embeddable":true,"href":"https:\/\/sezona.lv\/en\/wp-json\/wp\/v2\/media\/62350"}],"wp:attachment":[{"href":"https:\/\/sezona.lv\/en\/wp-json\/wp\/v2\/media?parent=76662"}],"wp:term":[{"taxonomy":"product_brand","embeddable":true,"href":"https:\/\/sezona.lv\/en\/wp-json\/wp\/v2\/product_brand?post=76662"},{"taxonomy":"product_cat","embeddable":true,"href":"https:\/\/sezona.lv\/en\/wp-json\/wp\/v2\/product_cat?post=76662"},{"taxonomy":"product_tag","embeddable":true,"href":"https:\/\/sezona.lv\/en\/wp-json\/wp\/v2\/product_tag?post=76662"}],"curies":[{"name":"wp","href":"https:\/\/api.w.org\/{rel}","templated":true}]}}