{"id":76664,"date":"2025-07-11T15:52:52","date_gmt":"2025-07-11T12:52:52","guid":{"rendered":"https:\/\/demo8.ecube.lv\/sezona.lv\/products\/auto-ledusskapis-tb36\/"},"modified":"2025-07-14T14:54:44","modified_gmt":"2025-07-14T11:54:44","slug":"auto-ledusskapis-tb36","status":"publish","type":"product","link":"https:\/\/sezona.lv\/en\/products\/auto-ledusskapis-tb36\/","title":{"rendered":"Auto ledusskapis TB36"},"content":{"rendered":"<p>Lai ietaup\u012btu v\u0113rt\u012bgo telpu izstr\u0101d\u0101ts ledusskapis, kas atrodas zem vad\u012bt\u0101ja gu\u013camvietas vai jebkur\u0101 cit\u0101 &scaron;aur\u0101 viet\u0101. Ar izvelkamas kastes pal\u012bdz\u012bbu vad\u012bt\u0101js sa\u0146em piek\u013cuvi produktiem ledusskap\u012b, kas neaiz\u0146em noder\u012bgu dz\u012bvojamo telpu.<\/p>\n<p>&Scaron;\u012b mode\u013ca ledusskapis var tikt uzst\u0101d\u012bts uz autobusiem, jaht\u0101m, kravas automa&scaron;\u012bn\u0101m RENAULT, DAF, SCANIA, MAN, MAZ u.c. Ledusskapis apr\u012bkots ar vienu no lab\u0101kajiem SECOP (Danfoss) kompresoriem.<\/p>\n<p>Dzes\u0113&scaron;anas sist\u0113ma ir aizsarg\u0101ta no kravas kab\u012bnes sl\u012bpuma. Izvelkams produktu grozs. Viegli vad\u0101ms rokas termostats.<\/p>\n<p><span>Tehniskie<\/span><span>dati<\/span><\/p>\n<ul>\n<li>Temperat\u016bra : no +10&nbsp;<span>\u043e<\/span>\u0421l\u012bdz 0&nbsp;<span>\u043e<\/span>\u0421<\/li>\n<li>Tilpums : 35,5 litri<\/li>\n<li>Darbaspriegums : 12 V \/ 24 V<\/li>\n<li>Jauda : 42 W<\/li>\n<li>\u0100r\u0113jieizm\u0113ri (AxPxD, mm) : 250x440x715<\/li>\n<li>Iek&scaron;\u0113jieizm\u0113ri (AxPxD, mm) : 165x335x400<\/li>\n<li>Iepakojumaizm\u0113ri (AxPxD, mm) : 300x520x740<\/li>\n<li>Svars : 16 kg +3,4 kgiepakojums<\/li>\n<li>Profesion\u0101lsautoleduskapis<\/li>\n<li>Herm\u0113tiskskompresorsSecop (DANFOSS) BD35Fgaisa<\/li>\n<li>Dro&scaron;srokastermostats<\/li>\n<li>Uzdot\u0101s temperat\u016bras autom\u0101tisk\u0101 uztur\u0113&scaron;ana<\/li>\n<li>Klusadarb\u012bba<\/li>\n<li>Stiprin\u0101jumistacion\u0101raiuzst\u0101d\u012b&scaron;anaiuzautokomplekt\u0101<\/li>\n<li>Elektromagn\u0113tisk\u0101 savietojam\u012bba: j\u0101<\/li>\n<li>Aizsardz\u012bbasizsl\u0113g&scaron;ana 12V (10.1-11.4)\/ 24V (22.3-23.7)<\/li>\n<li>Dro&scaron;s aukstumnes\u0113jsR-134A<\/li>\n<li>Ra\u017eot\u0101js: &ldquo;indelB&rdquo; (It\u0101lija)<\/li>\n<li>Ra\u017eot\u0101jagarantija: 2 gadi<\/li>\n<\/ul>\n<p>&nbsp;<\/p>\n","protected":false},"excerpt":{"rendered":"<p>Lai ietaup\u012btu v\u0113rt\u012bgo telpu izstr\u0101d\u0101ts ledusskapis, kas atrodas zem vad\u012bt\u0101ja gu\u013camvietas vai jebkur\u0101 cit\u0101 &scaron;aur\u0101 viet\u0101. Ar izvelkamas kastes pal\u012bdz\u012bbu vad\u012bt\u0101js sa\u0146em piek\u013cuvi produktiem ledusskap\u012b, kas neaiz\u0146em noder\u012bgu dz\u012bvojamo telpu. &Scaron;\u012b mode\u013ca ledusskapis var tikt uzst\u0101d\u012bts uz autobusiem, jaht\u0101m, kravas automa&scaron;\u012bn\u0101m RENAULT, DAF, SCANIA, MAN, MAZ u.c. Ledusskapis apr\u012bkots ar vienu no lab\u0101kajiem SECOP (Danfoss) [&hellip;]<\/p>\n","protected":false},"featured_media":62366,"template":"","meta":[],"product_brand":[],"product_cat":[4631,4850],"product_tag":[],"class_list":{"0":"post-76664","1":"product","2":"type-product","3":"status-publish","4":"has-post-thumbnail","6":"product_cat-summer-seasonal-items","7":"product_cat-car-fridgers-summer-seasonal-items","9":"first","10":"instock","11":"shipping-taxable","12":"purchasable","13":"product-type-simple"},"_links":{"self":[{"href":"https:\/\/sezona.lv\/en\/wp-json\/wp\/v2\/product\/76664","targetHints":{"allow":["GET"]}}],"collection":[{"href":"https:\/\/sezona.lv\/en\/wp-json\/wp\/v2\/product"}],"about":[{"href":"https:\/\/sezona.lv\/en\/wp-json\/wp\/v2\/types\/product"}],"wp:featuredmedia":[{"embeddable":true,"href":"https:\/\/sezona.lv\/en\/wp-json\/wp\/v2\/media\/62366"}],"wp:attachment":[{"href":"https:\/\/sezona.lv\/en\/wp-json\/wp\/v2\/media?parent=76664"}],"wp:term":[{"taxonomy":"product_brand","embeddable":true,"href":"https:\/\/sezona.lv\/en\/wp-json\/wp\/v2\/product_brand?post=76664"},{"taxonomy":"product_cat","embeddable":true,"href":"https:\/\/sezona.lv\/en\/wp-json\/wp\/v2\/product_cat?post=76664"},{"taxonomy":"product_tag","embeddable":true,"href":"https:\/\/sezona.lv\/en\/wp-json\/wp\/v2\/product_tag?post=76664"}],"curies":[{"name":"wp","href":"https:\/\/api.w.org\/{rel}","templated":true}]}}