{"id":76665,"date":"2025-07-11T15:52:54","date_gmt":"2025-07-11T12:52:54","guid":{"rendered":"https:\/\/demo8.ecube.lv\/sezona.lv\/products\/auto-ledusskapis-tb41a\/"},"modified":"2025-07-14T14:54:45","modified_gmt":"2025-07-14T11:54:45","slug":"auto-ledusskapis-tb41a","status":"publish","type":"product","link":"https:\/\/sezona.lv\/en\/products\/auto-ledusskapis-tb41a\/","title":{"rendered":"Auto ledusskapis TB41A"},"content":{"rendered":"<p>Jaunie TB31A, TB41A un TB51A pied\u0101v\u0101 lab\u0101ko elektronisk\u0101s tehnolo\u0123ijas. Augstas efektivit\u0101tes Secop (Danfoss) kompresori, ener\u0123ijas taup\u012b&scaron;anas funkcija, turbo funkcija un daudzfunkcion\u0101ls termostats \u013cauj veikt vieglu un ekonomisku ledusskapja vad\u012bbu, kontrol\u0113t un regul\u0113t ener\u0123ijas pat\u0113ri\u0146u.<\/p>\n<p>Standarta elektronisk\u0101 pane\u013ca p\u0101rveidot\u0101js nodro&scaron;ina l\u012bdzstr\u0101vu 12\/24V vai mai\u0146str\u0101vu 115-230V. P\u0101rsl\u0113g&scaron;ana no l\u012bdzstr\u0101vas uz mai\u0146str\u0101vu &ndash; autom\u0101tiska. Tr\u012bs baterijas dro&scaron;\u012bbas l\u012bme\u0146i.<\/p>\n<p>Iz\u0146emams produktu grozs. Maksim\u0101l\u0101 ietilp\u012bba: 1,5 litru pudeles vertik\u0101l\u0101 st\u0101vokl\u012b.<\/p>\n<p>Jauns iztur\u012bgs v\u0101ks &ndash; jaunas ergonomisko sl\u0113g&scaron;anas sist\u0113mas sast\u0101vda\u013ca.Viegli pievienojami rokturi.<\/p>\n<p>Elektronisks termostats ar displeju, kas r\u0101da temperat\u016bru, ener\u0123ijas taup\u012b&scaron;anas funkcija (ECO) un augsts darb\u012bbas \u0101trums (MAX).<\/p>\n<p><span>Tehniskie dati<\/span><\/p>\n<ul>\n<li>\u0100r\u0113jie izm\u0113ri, mm: augstums-445 ; platums -350 ; dzi\u013cums-585(700mm ar rokturiem)<\/li>\n<li>Iek&scaron;\u0113jie izm\u0113ri, mm: augstums-355 ; platums-270 ; dzi\u013cums-315<\/li>\n<li>Iepakojuma izm\u0113ri, mm: augstums-478 ; platums-383 ; dzi\u013cums-618<\/li>\n<li>Tilpums, litri: 40<\/li>\n<li>Spriegums: DC 12\/24; AC 110\/220<\/li>\n<li>Jauda: 45 W<\/li>\n<li>Svars, kg: 15.2<\/li>\n<li>Elektronisk\u0101 temperat\u016bras regul\u0113&scaron;ana: no +5&nbsp;<span>\u043e<\/span>\u0421 ir l\u012bdz -18&nbsp;<span>\u043e<\/span>\u0421<\/li>\n<li>Triecieniztur\u012bgs korpuss<\/li>\n<li>Herm\u0113tisks kompresors Secop (DANFOSS) BD35F gaisa<\/li>\n<li>Elektroniskais termostats<\/li>\n<li>Uzdot\u0101s temperat\u016bras autom\u0101tisk\u0101 uztur\u0113&scaron;ana<\/li>\n<li>Ekonomiskais darb\u012bbas re\u017e\u012bms<\/li>\n<li>&ldquo;Turbo&rdquo; re\u017e\u012bms<\/li>\n<li>Klusa darb\u012bba<\/li>\n<li>Iek&scaron;\u0113jais apgaismojums<\/li>\n<li>V\u0101ks ar aizdari un dro&scaron;u fiks\u0101ciju<\/li>\n<li>Rokturi komplekt\u0101<\/li>\n<li>Piesl\u0113gums caur piep\u012bp\u0113t\u0101ja<\/li>\n<li>Dro&scaron;s aukstumnes\u0113js: R-134A<\/li>\n<li>Aizsardz\u012bbas izsl\u0113g&scaron;ana (tr\u012bs l\u012bme\u0146u aizsardz\u012bbas baterijas) 12V (9.6-12.4) \/ 24V (21.3-25.7)<\/li>\n<li>Ra\u017eot\u0101js: &ldquo;indel B&rdquo; (It\u0101lija)<\/li>\n<li>Ra\u017eot\u0101ja garantija: 2 gadi<\/li>\n<\/ul>\n","protected":false},"excerpt":{"rendered":"<p>Jaunie TB31A, TB41A un TB51A pied\u0101v\u0101 lab\u0101ko elektronisk\u0101s tehnolo\u0123ijas. Augstas efektivit\u0101tes Secop (Danfoss) kompresori, ener\u0123ijas taup\u012b&scaron;anas funkcija, turbo funkcija un daudzfunkcion\u0101ls termostats \u013cauj veikt vieglu un ekonomisku ledusskapja vad\u012bbu, kontrol\u0113t un regul\u0113t ener\u0123ijas pat\u0113ri\u0146u. Standarta elektronisk\u0101 pane\u013ca p\u0101rveidot\u0101js nodro&scaron;ina l\u012bdzstr\u0101vu 12\/24V vai mai\u0146str\u0101vu 115-230V. P\u0101rsl\u0113g&scaron;ana no l\u012bdzstr\u0101vas uz mai\u0146str\u0101vu &ndash; autom\u0101tiska. Tr\u012bs baterijas dro&scaron;\u012bbas l\u012bme\u0146i. [&hellip;]<\/p>\n","protected":false},"featured_media":62375,"template":"","meta":[],"product_brand":[],"product_cat":[4631,4850],"product_tag":[],"class_list":{"0":"post-76665","1":"product","2":"type-product","3":"status-publish","4":"has-post-thumbnail","6":"product_cat-summer-seasonal-items","7":"product_cat-car-fridgers-summer-seasonal-items","9":"first","10":"instock","11":"shipping-taxable","12":"purchasable","13":"product-type-simple"},"_links":{"self":[{"href":"https:\/\/sezona.lv\/en\/wp-json\/wp\/v2\/product\/76665","targetHints":{"allow":["GET"]}}],"collection":[{"href":"https:\/\/sezona.lv\/en\/wp-json\/wp\/v2\/product"}],"about":[{"href":"https:\/\/sezona.lv\/en\/wp-json\/wp\/v2\/types\/product"}],"wp:featuredmedia":[{"embeddable":true,"href":"https:\/\/sezona.lv\/en\/wp-json\/wp\/v2\/media\/62375"}],"wp:attachment":[{"href":"https:\/\/sezona.lv\/en\/wp-json\/wp\/v2\/media?parent=76665"}],"wp:term":[{"taxonomy":"product_brand","embeddable":true,"href":"https:\/\/sezona.lv\/en\/wp-json\/wp\/v2\/product_brand?post=76665"},{"taxonomy":"product_cat","embeddable":true,"href":"https:\/\/sezona.lv\/en\/wp-json\/wp\/v2\/product_cat?post=76665"},{"taxonomy":"product_tag","embeddable":true,"href":"https:\/\/sezona.lv\/en\/wp-json\/wp\/v2\/product_tag?post=76665"}],"curies":[{"name":"wp","href":"https:\/\/api.w.org\/{rel}","templated":true}]}}